{"id":119,"date":"2019-03-20T17:39:39","date_gmt":"2019-03-20T16:39:39","guid":{"rendered":"http:\/\/collma.profiweb.biz\/?page_id=119"},"modified":"2020-11-09T13:58:25","modified_gmt":"2020-11-09T12:58:25","slug":"printovy-program","status":"publish","type":"page","link":"https:\/\/collma.sk\/index.php\/printovy-program\/","title":{"rendered":"Produkty"},"content":{"rendered":"\n<p>Printov\u00e9 produkty COLLMEX s\u00fa prisp\u00f4soben\u00e9 \u0161pecifick\u00fdm potreb\u00e1m jednotliv\u00fdch tla\u010diarensk\u00fdch technol\u00f3gi\u00ed tak, aby bola zachovan\u00e1 komfortn\u00e1 manipul\u00e1cia a stopercentn\u00e1 kvalita v\u00fdsledn\u00e9ho produktu.<\/p>\n\n\n\n<p>Pre spr\u00e1vny v\u00fdber produktu je V\u00e1m k dispoz\u00edcii n\u00e1\u0161 t\u00edm obchodno \u2013 technick\u00fdch \u0161pecialistov. Spolo\u010dnos\u0165 Collma doporu\u010duje n\u00e1v\u0161tevu svojich technikov pred i po\u010das prv\u00e9ho nasadenia printov\u00fdch produktov COLLMEX. Optim\u00e1lny v\u00fdber vhodn\u00e9ho typu farby je realizovan\u00fd hlavne pod\u013ea parametrov tla\u010diarensk\u00e9ho stroja, fyzik\u00e1lnych podmienok a kvality potl\u00e1\u010dan\u00e9ho nosi\u010da.<\/p>\n\n\n\n<center>\n<div class=\"product\" style=\"margin-left:calc(16.5% + 1px);background-image:url('\/wp-content\/uploads\/2019\/03\/PRINT_01_Tissue.jpg')\">\n<a href=\"\/index.php\/flexograficke-farby-pre-tissue-produkty\/\">\nFlexografick\u00e9 farby pre tissue produkty\n<\/a>\n<\/div>\n\n<div class=\"product\" style=\"background-image:url('\/wp-content\/uploads\/2020\/01\/IMG_20190711_114314.png')\">\n<a href=\"\/index.php\/flexograficke-farby-pre-papier-a-kartonaz\/\">\nFlexografick\u00e9 farby pre papier a karton\u00e1\u017e\n<\/a>\n<\/div>\n\n<div style=\"clear:both\"><\/div>\n\n<div class=\"product\" style=\"margin-left:calc(16.5% + 1px);background-image:url('\/wp-content\/uploads\/2019\/03\/PRINT_03_pojiv\u00e1.jpg')\">\n<a href=\"\/index.php\/pojiva-laky-plniva\/\">\nPojiv\u00e1, laky, lepidl\u00e1\n<\/a>\n<\/div>\n\n<div class=\"product\" style=\"background-image:url('\/wp-content\/uploads\/2019\/03\/PRINT_04_adit\u00edva.jpg')\">\n<a href=\"\/index.php\/doplnkove-chemicke-prostriedky-a-aditiva\/\">\nDoplnkov\u00e9 chemick\u00e9 prostriedky a adit\u00edva\n<\/a>\n<\/div>\n\n<\/center>\n<div style=\"clear:both\"><\/div>\n\n\n\n<h2 class=\"wp-block-heading\">Servis<\/h2>\n\n\n\n<p>Spolo\u010dnos\u0165 Collma realizuje u svojich klientov okrem pravideln\u00e9ho servisu aj nad\u0161tandardn\u00fd servis, ktor\u00fd m\u00f4\u017ee zah\u0155\u0148a\u0165 aj expresn\u00e9 dodanie farieb. Vyu\u017eite tie\u017e mo\u017enosti n\u00e1\u0161ho v\u00fdskumn\u00e9ho centra, ktor\u00e9 sa v spolupr\u00e1ci s obchodn\u00fdmi mana\u017e\u00e9rmi star\u00e1 o V\u00e1\u0161 komfort.<\/p>\n\n\n\n<center>\n<div class=\"product\" style=\"margin-left:16%;background-image:url('\/wp-content\/uploads\/2020\/11\/IMG_4339-v2-scaled.jpg')\">\n<a href=\"\/index.php\/miesanie-odtienov\/\">\nMie\u0161anie odtie\u0148ov\n<\/a>\n<\/div>\n\n<div class=\"product\" style=\"background-image:url('\/wp-content\/uploads\/2019\/03\/PRINT_06_v\u00fdroba_na_mieru.jpg')\">\n<a href=\"\/index.php\/vyroba-farieb-na-mieru\/\">\nV\u00fdroba farieb na mieru\n<\/a>\n<\/div>\n\n<\/center>\n<div style=\"clear:both\"><\/div>\n\n\n\n<p><\/p>\n","protected":false},"excerpt":{"rendered":"<p>Printov\u00e9 produkty COLLMEX s\u00fa prisp\u00f4soben\u00e9 \u0161pecifick\u00fdm potreb\u00e1m jednotliv\u00fdch tla\u010diarensk\u00fdch technol\u00f3gi\u00ed tak, aby bola zachovan\u00e1 komfortn\u00e1 manipul\u00e1cia a stopercentn\u00e1 kvalita v\u00fdsledn\u00e9ho produktu. Pre spr\u00e1vny v\u00fdber produktu je V\u00e1m k dispoz\u00edcii n\u00e1\u0161 t\u00edm obchodno \u2013 technick\u00fdch \u0161pecialistov. Spolo\u010dnos\u0165 Collma doporu\u010duje n\u00e1v\u0161tevu svojich technikov pred i po\u010das prv\u00e9ho nasadenia printov\u00fdch produktov COLLMEX. Optim\u00e1lny v\u00fdber vhodn\u00e9ho typu farby je &hellip; <\/p>\n<p class=\"link-more\"><a href=\"https:\/\/collma.sk\/index.php\/printovy-program\/\" class=\"more-link\">Pokra\u010dova\u0165 v \u010d\u00edtan\u00ed<span class=\"screen-reader-text\"> &#8222;Produkty&#8220;<\/span><\/a><\/p>\n","protected":false},"author":1,"featured_media":0,"parent":0,"menu_order":0,"comment_status":"closed","ping_status":"closed","template":"","meta":{"ngg_post_thumbnail":0,"footnotes":""},"_links":{"self":[{"href":"https:\/\/collma.sk\/index.php\/wp-json\/wp\/v2\/pages\/119"}],"collection":[{"href":"https:\/\/collma.sk\/index.php\/wp-json\/wp\/v2\/pages"}],"about":[{"href":"https:\/\/collma.sk\/index.php\/wp-json\/wp\/v2\/types\/page"}],"author":[{"embeddable":true,"href":"https:\/\/collma.sk\/index.php\/wp-json\/wp\/v2\/users\/1"}],"replies":[{"embeddable":true,"href":"https:\/\/collma.sk\/index.php\/wp-json\/wp\/v2\/comments?post=119"}],"version-history":[{"count":22,"href":"https:\/\/collma.sk\/index.php\/wp-json\/wp\/v2\/pages\/119\/revisions"}],"predecessor-version":[{"id":8883,"href":"https:\/\/collma.sk\/index.php\/wp-json\/wp\/v2\/pages\/119\/revisions\/8883"}],"wp:attachment":[{"href":"https:\/\/collma.sk\/index.php\/wp-json\/wp\/v2\/media?parent=119"}],"curies":[{"name":"wp","href":"https:\/\/api.w.org\/{rel}","templated":true}]}}