{"id":134,"date":"2019-03-20T17:47:02","date_gmt":"2019-03-20T16:47:02","guid":{"rendered":"http:\/\/collma.profiweb.biz\/?page_id=134"},"modified":"2023-01-09T10:40:32","modified_gmt":"2023-01-09T09:40:32","slug":"skontaktuj","status":"publish","type":"page","link":"https:\/\/collma.sk\/index.php\/pl\/skontaktuj\/","title":{"rendered":"Kontakt"},"content":{"rendered":"\r\n<div class=\"wp-block-columns has-2-columns contact-page is-layout-flex wp-container-core-columns-is-layout-1 wp-block-columns-is-layout-flex\">\r\n<div class=\"wp-block-column is-layout-flow wp-block-column-is-layout-flow\">\r\n<p>&nbsp;<\/p>\r\n\r\n\r\n\r\n\r\n\r\n<div class=\"wp-block-media-text alignwide is-stacked-on-mobile\" style=\"grid-template-columns: 26% auto;\">\r\n<figure class=\"wp-block-media-text__media\"><img loading=\"lazy\" decoding=\"async\" width=\"110\" height=\"147\" class=\"wp-image-8518\" src=\"https:\/\/collma.sk\/wp-content\/uploads\/2020\/11\/janka4-1-1.jpg\" alt=\"\"><\/figure>\r\n<div class=\"wp-block-media-text__content\">\r\n<p class=\"has-normal-font-size\">Janka nie mo\u017ce si\u0119 doczeka\u0107, aby ci\u0119 us\u0142ysze\u0107!<\/p>\r\n<p>(a tak\u017ce Stanka, Lucka lub Vili)<\/p>\r\n<\/div><\/div>\r\n<p>&nbsp;<\/p>\r\n<\/div>\r\n\r\n\r\n\r\n<div class=\"wp-block-column is-layout-flow wp-block-column-is-layout-flow\">\r\n<p class=\"has-medium-font-size\"><strong>Zapraszamy do kontaktu!<\/strong><\/p>\r\n\r\n\r\n\r\n<div class=\"wp-block-media-text alignwide is-stacked-on-mobile\" style=\"grid-template-columns: 26% auto; display: none;\">\r\n<figure class=\"wp-block-media-text__media\"><img loading=\"lazy\" decoding=\"async\" width=\"110\" height=\"147\" class=\"wp-image-8518\" src=\"https:\/\/collma.sk\/wp-content\/uploads\/2020\/11\/janka4-1-1.jpg\" alt=\"\"><\/figure>\r\n<div class=\"wp-block-media-text__content\">\r\n<p class=\"has-normal-font-size\">Te\u0161\u00ed sa na V\u00e1s Janka<\/p>\r\n\r\n\r\n\r\n<p>(a aj Stanka, Lucka alebo Vili)<\/p>\r\n<\/div>\r\n<\/div>\r\n\r\n\r\n\n<div class=\"wp-block-media-text alignwide is-stacked-on-mobile contact-phone-box\" style=\"grid-template-columns:15% auto\"><figure class=\"wp-block-media-text__media\"><img loading=\"lazy\" decoding=\"async\" width=\"158\" height=\"149\" src=\"http:\/\/collma.profiweb.biz\/wp-content\/uploads\/2020\/11\/telefon.png\" alt=\"\" class=\"wp-image-8613\"\/><\/figure><div class=\"wp-block-media-text__content\">\n<a href=\"tel:+421434237542\">+421 434 237 542<\/a>\n<\/div><\/div>\n\r\n\r\n\n<div class=\"contact-link\"><svg class=\"icon icon-envelope-o\" aria-hidden=\"true\" role=\"img\"> <use href=\"#icon-envelope-o\" xlink:href=\"#icon-envelope-o\"><\/use><\/svg><\/div>\n\n\n\n\n<p class=\"contact-link-text\"><a href=\"mailto:info@collma.sk\">info@collma.sk<\/a><br><a href=\"mailto:obchod@collma.sk\">obchod@collma.sk<\/a><\/p>\n<\/div>\r\n<\/div>\r\n\r\n\r\n\r\n<div class=\"wp-block-columns has-2-columns is-layout-flex wp-container-core-columns-is-layout-2 wp-block-columns-is-layout-flex\">\r\n<div class=\"wp-block-column is-layout-flow wp-block-column-is-layout-flow\">&nbsp;<\/div>\r\n\r\n\r\n\r\n<div class=\"wp-block-column is-layout-flow wp-block-column-is-layout-flow\">&nbsp;<\/div>\r\n<\/div>\r\n","protected":false},"excerpt":{"rendered":"<p>&nbsp; Janka nie mo\u017ce si\u0119 doczeka\u0107, aby ci\u0119 us\u0142ysze\u0107! (a tak\u017ce Stanka, Lucka lub Vili) &nbsp; Zapraszamy do kontaktu! Te\u0161\u00ed sa na V\u00e1s Janka (a aj Stanka, Lucka alebo Vili) &nbsp; &nbsp;<\/p>\n","protected":false},"author":1,"featured_media":65,"parent":0,"menu_order":0,"comment_status":"closed","ping_status":"closed","template":"","meta":{"ngg_post_thumbnail":0,"footnotes":""},"_links":{"self":[{"href":"https:\/\/collma.sk\/index.php\/wp-json\/wp\/v2\/pages\/134"}],"collection":[{"href":"https:\/\/collma.sk\/index.php\/wp-json\/wp\/v2\/pages"}],"about":[{"href":"https:\/\/collma.sk\/index.php\/wp-json\/wp\/v2\/types\/page"}],"author":[{"embeddable":true,"href":"https:\/\/collma.sk\/index.php\/wp-json\/wp\/v2\/users\/1"}],"replies":[{"embeddable":true,"href":"https:\/\/collma.sk\/index.php\/wp-json\/wp\/v2\/comments?post=134"}],"version-history":[{"count":46,"href":"https:\/\/collma.sk\/index.php\/wp-json\/wp\/v2\/pages\/134\/revisions"}],"predecessor-version":[{"id":9583,"href":"https:\/\/collma.sk\/index.php\/wp-json\/wp\/v2\/pages\/134\/revisions\/9583"}],"wp:featuredmedia":[{"embeddable":true,"href":"https:\/\/collma.sk\/index.php\/wp-json\/wp\/v2\/media\/65"}],"wp:attachment":[{"href":"https:\/\/collma.sk\/index.php\/wp-json\/wp\/v2\/media?parent=134"}],"curies":[{"name":"wp","href":"https:\/\/api.w.org\/{rel}","templated":true}]}}