{"id":334,"date":"2019-04-15T12:40:36","date_gmt":"2019-04-15T10:40:36","guid":{"rendered":"http:\/\/collma.profiweb.biz\/?page_id=334"},"modified":"2020-11-05T12:35:14","modified_gmt":"2020-11-05T11:35:14","slug":"standardne-etiketovacie-lepidla-pre-sklenene-povrchy-a-konzervy","status":"publish","type":"page","link":"https:\/\/collma.sk\/index.php\/etiketovacie-lepidla\/standardne-etiketovacie-lepidla-pre-sklenene-povrchy-a-konzervy\/","title":{"rendered":"\u0160tandardn\u00e9 etiketovacie lepidl\u00e1 pre sklenen\u00e9 povrchy a konzervy"},"content":{"rendered":"\n<p> <\/p>\n\n\n\n<div class=\"wp-block-image\"><figure class=\"alignright size-large is-resized\"><img loading=\"lazy\" decoding=\"async\" src=\"http:\/\/collma.profiweb.biz\/wp-content\/uploads\/2019\/05\/IMG_4661a-1024x826.jpg\" alt=\"\" class=\"wp-image-713\" width=\"194\" height=\"155\" srcset=\"https:\/\/collma.sk\/wp-content\/uploads\/2019\/05\/IMG_4661a-1024x826.jpg 1024w, https:\/\/collma.sk\/wp-content\/uploads\/2019\/05\/IMG_4661a-350x282.jpg 350w, https:\/\/collma.sk\/wp-content\/uploads\/2019\/05\/IMG_4661a-300x242.jpg 300w\" sizes=\"(max-width: 194px) 100vw, 194px\" \/><\/figure><\/div>\n\n\n\n<p>\u0160tandardn\u00e9 etiketovacie lepidl\u00e1 COLLMEX s\u00fa navrhnut\u00e9 s cie\u013eom dosiahnu\u0165 vysok\u00fa kvalitu fin\u00e1lneho designu etiketovan\u00e9ho obalu za rozumn\u00fa cenu. Pr\u00ednosom je cel\u00e1 rada pozit\u00edvnych vlastnost\u00ed spojen\u00fdch s komfortom pri aplik\u00e1cii a fin\u00e1lnym v\u00fdsledkom.<\/p>\n\n\n\n<p>Lepidl\u00e1 s\u00fa na kaze\u00ednovej, syntetickej alebo hybridnej b\u00e1ze. S\u00fa vhodn\u00e9 pre papierov\u00e9 etikety, metalizovan\u00fd papier, aluf\u00f3lie a peel-off etikety. Samozrejmos\u0165ou je sp\u00e4tn\u00e1 um\u00fdvate\u013enos\u0165 vratn\u00fdch flia\u0161.<\/p>\n\n\n\n<p>Aj tu m\u00e1me pre V\u00e1s vyrie\u0161en\u00e9 \u0161peci\u00e1ly, ktor\u00e9 reprezentuje napr\u00edklad bezopacitn\u00e9 lepidlo. Jeho k\u013e\u00fa\u010dovou v\u00fdhodou je, \u017ee po zaschnut\u00ed tvor\u00ed priesvitn\u00fd povlak a na f\u013ea\u0161i ho nevidno.<\/p>\n\n\n\n<p>V&nbsp;pr\u00edpade z\u00e1ujmu n\u00e1s nev\u00e1hajte kontaktova\u0165, n\u00e1\u0161 t\u00edm \u0161pecialistov pre V\u00e1s priprav\u00ed individu\u00e1lnu ponuku, \u0161it\u00fa priamo na mieru Va\u0161ej linky.<\/p>\n\n\n\n<div class=\"wp-block-buttons aligncenter is-layout-flex wp-block-buttons-is-layout-flex\">\n<div class=\"wp-block-button\"><a class=\"wp-block-button__link\" href=\"\/index.php\/kontakt\/\">kontaktujte n\u00e1s<\/a><\/div>\n<\/div>\n\n\n\n<p><\/p>\n","protected":false},"excerpt":{"rendered":"<p>\u0160tandardn\u00e9 etiketovacie lepidl\u00e1 COLLMEX s\u00fa navrhnut\u00e9 s cie\u013eom dosiahnu\u0165 vysok\u00fa kvalitu fin\u00e1lneho designu etiketovan\u00e9ho obalu za rozumn\u00fa cenu. Pr\u00ednosom je cel\u00e1 rada pozit\u00edvnych vlastnost\u00ed spojen\u00fdch s komfortom pri aplik\u00e1cii a fin\u00e1lnym v\u00fdsledkom. Lepidl\u00e1 s\u00fa na kaze\u00ednovej, syntetickej alebo hybridnej b\u00e1ze. S\u00fa vhodn\u00e9 pre papierov\u00e9 etikety, metalizovan\u00fd papier, aluf\u00f3lie a peel-off etikety. Samozrejmos\u0165ou je sp\u00e4tn\u00e1 um\u00fdvate\u013enos\u0165 &hellip; <\/p>\n<p class=\"link-more\"><a href=\"https:\/\/collma.sk\/index.php\/etiketovacie-lepidla\/standardne-etiketovacie-lepidla-pre-sklenene-povrchy-a-konzervy\/\" class=\"more-link\">Pokra\u010dova\u0165 v \u010d\u00edtan\u00ed<span class=\"screen-reader-text\"> &#8222;\u0160tandardn\u00e9 etiketovacie lepidl\u00e1 pre sklenen\u00e9 povrchy a konzervy&#8220;<\/span><\/a><\/p>\n","protected":false},"author":1,"featured_media":0,"parent":36,"menu_order":0,"comment_status":"closed","ping_status":"closed","template":"","meta":{"ngg_post_thumbnail":0,"footnotes":""},"_links":{"self":[{"href":"https:\/\/collma.sk\/index.php\/wp-json\/wp\/v2\/pages\/334"}],"collection":[{"href":"https:\/\/collma.sk\/index.php\/wp-json\/wp\/v2\/pages"}],"about":[{"href":"https:\/\/collma.sk\/index.php\/wp-json\/wp\/v2\/types\/page"}],"author":[{"embeddable":true,"href":"https:\/\/collma.sk\/index.php\/wp-json\/wp\/v2\/users\/1"}],"replies":[{"embeddable":true,"href":"https:\/\/collma.sk\/index.php\/wp-json\/wp\/v2\/comments?post=334"}],"version-history":[{"count":10,"href":"https:\/\/collma.sk\/index.php\/wp-json\/wp\/v2\/pages\/334\/revisions"}],"predecessor-version":[{"id":8623,"href":"https:\/\/collma.sk\/index.php\/wp-json\/wp\/v2\/pages\/334\/revisions\/8623"}],"up":[{"embeddable":true,"href":"https:\/\/collma.sk\/index.php\/wp-json\/wp\/v2\/pages\/36"}],"wp:attachment":[{"href":"https:\/\/collma.sk\/index.php\/wp-json\/wp\/v2\/media?parent=334"}],"curies":[{"name":"wp","href":"https:\/\/api.w.org\/{rel}","templated":true}]}}