{"id":341,"date":"2019-04-15T17:20:29","date_gmt":"2019-04-15T15:20:29","guid":{"rendered":"http:\/\/collma.profiweb.biz\/?page_id=341"},"modified":"2020-11-10T15:53:47","modified_gmt":"2020-11-10T14:53:47","slug":"etiketovacie-lepidla-s-odolnostou-voci-kondenzovanej-vode","status":"publish","type":"page","link":"https:\/\/collma.sk\/index.php\/etiketovacie-lepidla\/etiketovacie-lepidla-s-odolnostou-voci-kondenzovanej-vode\/","title":{"rendered":"CWR etiketovacie lepidl\u00e1 s odolnos\u0165ou vo\u010di kondenzovanej vode"},"content":{"rendered":"\n<div class=\"wp-block-image\"><figure class=\"alignright size-large is-resized\"><img loading=\"lazy\" decoding=\"async\" src=\"http:\/\/collma.profiweb.biz\/wp-content\/uploads\/2020\/01\/CWR2-1024x559.jpg\" alt=\"\" class=\"wp-image-1990\" width=\"197\" height=\"107\" srcset=\"https:\/\/collma.sk\/wp-content\/uploads\/2020\/01\/CWR2-1024x559.jpg 1024w, https:\/\/collma.sk\/wp-content\/uploads\/2020\/01\/CWR2-300x164.jpg 300w, https:\/\/collma.sk\/wp-content\/uploads\/2020\/01\/CWR2-768x419.jpg 768w, https:\/\/collma.sk\/wp-content\/uploads\/2020\/01\/CWR2-350x191.jpg 350w\" sizes=\"(max-width: 197px) 100vw, 197px\" \/><\/figure><\/div>\n\n\n\n<p>CWR etiketovacie lepidl\u00e1 COLLMEX sa radia medzi popredn\u00e9 v\u00fdrobky svojho druhu na eur\u00f3pskom trhu a vyzna\u010duj\u00fa sa ve\u013emi vysokou odolnos\u0165ou vo\u010di kondenzovanej vode. Uplat\u0148uj\u00fa sa pri link\u00e1ch, kde je raden\u00fd prietokov\u00fd (flash) past\u00e9r a f\u013ea\u0161e vstupuj\u00fa k etiketovaniu studen\u00e9 a mokr\u00e9.<\/p>\n\n\n\n<p>Stretli ste sa so spadnut\u00fdmi etiketami z flia\u0161? \u00daskal\u00edm dne\u0161n\u00fdch klimatick\u00fdch podmienok s\u00fa extr\u00e9mne v\u00fdkyvy tepl\u00f4t a vlhkosti, ktor\u00e9 s\u00fa \u010doraz \u010dastej\u0161\u00edm javom hlavne v letn\u00fdch mesiacoch. Rie\u0161en\u00edm je lepidlo, ktor\u00e9 zaist\u00ed adh\u00e9ziu aj na vlhkej, orosenej f\u013ea\u0161i.<\/p>\n\n\n\n<p>V\u010faka kondenza\u010dn\u00e9mu zariadeniu COLLWET dok\u00e1\u017eeme nasimulova\u0165 aj tie najn\u00e1ro\u010dnej\u0161ie podmienky, ktor\u00e9 re\u00e1lne nast\u00e1vaj\u00fa na etiketovac\u00edch link\u00e1ch, v skladoch a v praxi, a tomu prisp\u00f4sobi\u0165 aj lepidlo. Sp\u00e4tn\u00e1 um\u00fdvate\u013enos\u0165 vratn\u00fdch flia\u0161 je samozrejmos\u0165u.<\/p>\n\n\n\n<p>V&nbsp;pr\u00edpade z\u00e1ujmu n\u00e1s nev\u00e1hajte kontaktova\u0165, n\u00e1\u0161 t\u00edm \u0161pecialistov pre V\u00e1s priprav\u00ed individu\u00e1lnu ponuku, \u0161it\u00fa priamo na mieru Va\u0161ej linky.<\/p>\n\n\n\n<div class=\"wp-block-buttons aligncenter is-layout-flex wp-block-buttons-is-layout-flex\">\n<div class=\"wp-block-button\"><a class=\"wp-block-button__link\" href=\"\/index.php\/kontakt\/\">kontaktujte n\u00e1s<\/a><\/div>\n<\/div>\n","protected":false},"excerpt":{"rendered":"<p>CWR etiketovacie lepidl\u00e1 COLLMEX sa radia medzi popredn\u00e9 v\u00fdrobky svojho druhu na eur\u00f3pskom trhu a vyzna\u010duj\u00fa sa ve\u013emi vysokou odolnos\u0165ou vo\u010di kondenzovanej vode. Uplat\u0148uj\u00fa sa pri link\u00e1ch, kde je raden\u00fd prietokov\u00fd (flash) past\u00e9r a f\u013ea\u0161e vstupuj\u00fa k etiketovaniu studen\u00e9 a mokr\u00e9. Stretli ste sa so spadnut\u00fdmi etiketami z flia\u0161? \u00daskal\u00edm dne\u0161n\u00fdch klimatick\u00fdch podmienok s\u00fa extr\u00e9mne &hellip; <\/p>\n<p class=\"link-more\"><a href=\"https:\/\/collma.sk\/index.php\/etiketovacie-lepidla\/etiketovacie-lepidla-s-odolnostou-voci-kondenzovanej-vode\/\" class=\"more-link\">Pokra\u010dova\u0165 v \u010d\u00edtan\u00ed<span class=\"screen-reader-text\"> &#8222;CWR etiketovacie lepidl\u00e1 s odolnos\u0165ou vo\u010di kondenzovanej vode&#8220;<\/span><\/a><\/p>\n","protected":false},"author":1,"featured_media":0,"parent":36,"menu_order":0,"comment_status":"closed","ping_status":"closed","template":"","meta":{"ngg_post_thumbnail":0,"footnotes":""},"_links":{"self":[{"href":"https:\/\/collma.sk\/index.php\/wp-json\/wp\/v2\/pages\/341"}],"collection":[{"href":"https:\/\/collma.sk\/index.php\/wp-json\/wp\/v2\/pages"}],"about":[{"href":"https:\/\/collma.sk\/index.php\/wp-json\/wp\/v2\/types\/page"}],"author":[{"embeddable":true,"href":"https:\/\/collma.sk\/index.php\/wp-json\/wp\/v2\/users\/1"}],"replies":[{"embeddable":true,"href":"https:\/\/collma.sk\/index.php\/wp-json\/wp\/v2\/comments?post=341"}],"version-history":[{"count":12,"href":"https:\/\/collma.sk\/index.php\/wp-json\/wp\/v2\/pages\/341\/revisions"}],"predecessor-version":[{"id":8895,"href":"https:\/\/collma.sk\/index.php\/wp-json\/wp\/v2\/pages\/341\/revisions\/8895"}],"up":[{"embeddable":true,"href":"https:\/\/collma.sk\/index.php\/wp-json\/wp\/v2\/pages\/36"}],"wp:attachment":[{"href":"https:\/\/collma.sk\/index.php\/wp-json\/wp\/v2\/media?parent=341"}],"curies":[{"name":"wp","href":"https:\/\/api.w.org\/{rel}","templated":true}]}}