{"id":343,"date":"2019-04-15T17:20:55","date_gmt":"2019-04-15T15:20:55","guid":{"rendered":"http:\/\/collma.profiweb.biz\/?page_id=343"},"modified":"2020-11-05T12:31:16","modified_gmt":"2020-11-05T11:31:16","slug":"iwr-etiketovacie-lepidla-s-odolnostou-voci-ladovej-vode","status":"publish","type":"page","link":"https:\/\/collma.sk\/index.php\/etiketovacie-lepidla\/iwr-etiketovacie-lepidla-s-odolnostou-voci-ladovej-vode\/","title":{"rendered":"IWR etiketovacie lepidl\u00e1 s odolnos\u0165ou vo\u010di \u013eadovej vode"},"content":{"rendered":"\n<p> <\/p>\n\n\n\n<div class=\"wp-block-image\"><figure class=\"alignright size-large is-resized\"><img loading=\"lazy\" decoding=\"async\" src=\"http:\/\/collma.profiweb.biz\/wp-content\/uploads\/2020\/11\/beer-in-ice.jpg\" alt=\"\" class=\"wp-image-8487\" width=\"194\" height=\"131\" srcset=\"https:\/\/collma.sk\/wp-content\/uploads\/2020\/11\/beer-in-ice.jpg 1000w, https:\/\/collma.sk\/wp-content\/uploads\/2020\/11\/beer-in-ice-300x203.jpg 300w, https:\/\/collma.sk\/wp-content\/uploads\/2020\/11\/beer-in-ice-768x521.jpg 768w, https:\/\/collma.sk\/wp-content\/uploads\/2020\/11\/beer-in-ice-350x237.jpg 350w\" sizes=\"(max-width: 194px) 100vw, 194px\" \/><\/figure><\/div>\n\n\n\n<p>Dopyt po IWR lepidl\u00e1ch v pivovaroch narast\u00e1. Tieto lepidl\u00e1 sa uplat\u0148uj\u00fa hlavne pri exportn\u00fdch \u0161ar\u017eiach, kde je potrebn\u00e9 bra\u0165 do \u00favahy spotrebite\u013esk\u00e9 podmienky. V niektor\u00fdch krajin\u00e1ch je trendom, \u017ee n\u00e1poje s\u00fa pod\u00e1van\u00e9 vo vedr\u00e1ch s \u013eadom. Etiketa mus\u00ed aj v takomto pr\u00edpade na f\u013ea\u0161i dr\u017ea\u0165 tak, aby bol zachovan\u00fd cielen\u00fd dojem z dizajnu produktu.<\/p>\n\n\n\n<p>Princ\u00edp IWR lepidiel m\u00e1 tie\u017e vyu\u017eitie v re\u0165azcoch, kde s\u00fa f\u013ea\u0161e vystaven\u00e9 v chladiacich boxoch. Tieto sa mimo prev\u00e1dzkov\u00fdch hod\u00edn zvykn\u00fa vyp\u00edna\u0165. F\u013ea\u0161a teda mus\u00ed vydr\u017ea\u0165 nieko\u013eko cyklov bez toho, aby etiketa spadla.<\/p>\n\n\n\n<p>V\u00fdhodou IWR lepidiel COLLMEX je bezprobl\u00e9mov\u00e9 um\u00fdvanie za \u0161tandardn\u00fdch podmienok v um\u00fdva\u010dk\u00e1ch vratn\u00fdch flia\u0161. Dostupn\u00e9 s\u00fa varianty na kaze\u00ednovej aj syntetickej b\u00e1ze.<\/p>\n\n\n\n<p>V&nbsp;pr\u00edpade z\u00e1ujmu n\u00e1s nev\u00e1hajte kontaktova\u0165, n\u00e1\u0161 t\u00edm \u0161pecialistov pre V\u00e1s priprav\u00ed individu\u00e1lnu ponuku, \u0161it\u00fa priamo na mieru Va\u0161ej linky.<\/p>\n\n\n\n<p> <\/p>\n\n\n\n<div class=\"wp-block-buttons aligncenter is-layout-flex wp-block-buttons-is-layout-flex\">\n<div class=\"wp-block-button\"><a class=\"wp-block-button__link\" href=\"\/index.php\/kontakt\/\">kontaktujte n\u00e1s<\/a><\/div>\n<\/div>\n","protected":false},"excerpt":{"rendered":"<p>Dopyt po IWR lepidl\u00e1ch v pivovaroch narast\u00e1. Tieto lepidl\u00e1 sa uplat\u0148uj\u00fa hlavne pri exportn\u00fdch \u0161ar\u017eiach, kde je potrebn\u00e9 bra\u0165 do \u00favahy spotrebite\u013esk\u00e9 podmienky. V niektor\u00fdch krajin\u00e1ch je trendom, \u017ee n\u00e1poje s\u00fa pod\u00e1van\u00e9 vo vedr\u00e1ch s \u013eadom. Etiketa mus\u00ed aj v takomto pr\u00edpade na f\u013ea\u0161i dr\u017ea\u0165 tak, aby bol zachovan\u00fd cielen\u00fd dojem z dizajnu produktu. Princ\u00edp &hellip; <\/p>\n<p class=\"link-more\"><a href=\"https:\/\/collma.sk\/index.php\/etiketovacie-lepidla\/iwr-etiketovacie-lepidla-s-odolnostou-voci-ladovej-vode\/\" class=\"more-link\">Pokra\u010dova\u0165 v \u010d\u00edtan\u00ed<span class=\"screen-reader-text\"> &#8222;IWR etiketovacie lepidl\u00e1 s odolnos\u0165ou vo\u010di \u013eadovej vode&#8220;<\/span><\/a><\/p>\n","protected":false},"author":1,"featured_media":0,"parent":36,"menu_order":0,"comment_status":"closed","ping_status":"closed","template":"","meta":{"ngg_post_thumbnail":0,"footnotes":""},"_links":{"self":[{"href":"https:\/\/collma.sk\/index.php\/wp-json\/wp\/v2\/pages\/343"}],"collection":[{"href":"https:\/\/collma.sk\/index.php\/wp-json\/wp\/v2\/pages"}],"about":[{"href":"https:\/\/collma.sk\/index.php\/wp-json\/wp\/v2\/types\/page"}],"author":[{"embeddable":true,"href":"https:\/\/collma.sk\/index.php\/wp-json\/wp\/v2\/users\/1"}],"replies":[{"embeddable":true,"href":"https:\/\/collma.sk\/index.php\/wp-json\/wp\/v2\/comments?post=343"}],"version-history":[{"count":11,"href":"https:\/\/collma.sk\/index.php\/wp-json\/wp\/v2\/pages\/343\/revisions"}],"predecessor-version":[{"id":8622,"href":"https:\/\/collma.sk\/index.php\/wp-json\/wp\/v2\/pages\/343\/revisions\/8622"}],"up":[{"embeddable":true,"href":"https:\/\/collma.sk\/index.php\/wp-json\/wp\/v2\/pages\/36"}],"wp:attachment":[{"href":"https:\/\/collma.sk\/index.php\/wp-json\/wp\/v2\/media?parent=343"}],"curies":[{"name":"wp","href":"https:\/\/api.w.org\/{rel}","templated":true}]}}