{"id":345,"date":"2019-04-15T17:21:17","date_gmt":"2019-04-15T15:21:17","guid":{"rendered":"http:\/\/collma.profiweb.biz\/?page_id=345"},"modified":"2020-11-05T13:24:34","modified_gmt":"2020-11-05T12:24:34","slug":"tavne-lepidla","status":"publish","type":"page","link":"https:\/\/collma.sk\/index.php\/etiketovacie-lepidla\/tavne-lepidla\/","title":{"rendered":"Tavn\u00e9 lepidl\u00e1"},"content":{"rendered":"\n<div class=\"wp-block-image\"><figure class=\"alignright size-large is-resized\"><img loading=\"lazy\" decoding=\"async\" src=\"http:\/\/collma.profiweb.biz\/wp-content\/uploads\/2019\/05\/LEPIDL\u00c1_05a_tavn\u00e9-1024x768.jpg\" alt=\"\" class=\"wp-image-702\" width=\"192\" height=\"143\" srcset=\"https:\/\/collma.sk\/wp-content\/uploads\/2019\/05\/LEPIDL\u00c1_05a_tavn\u00e9-1024x768.jpg 1024w, https:\/\/collma.sk\/wp-content\/uploads\/2019\/05\/LEPIDL\u00c1_05a_tavn\u00e9-350x263.jpg 350w, https:\/\/collma.sk\/wp-content\/uploads\/2019\/05\/LEPIDL\u00c1_05a_tavn\u00e9-300x225.jpg 300w, https:\/\/collma.sk\/wp-content\/uploads\/2019\/05\/LEPIDL\u00c1_05a_tavn\u00e9-768x576.jpg 768w\" sizes=\"(max-width: 192px) 100vw, 192px\" \/><\/figure><\/div>\n\n\n\n<p>Etiketovanie a&nbsp;lepenie obalov je mo\u017en\u00e9 realizova\u0165 studen\u00fdm alebo tepl\u00fdm sp\u00f4sobom. V\u00fdber vhodn\u00e9ho lepidla z\u00e1vis\u00ed od podkladov\u00e9ho materi\u00e1lu, druhu etikiet, pr\u00edpadne kolkov\u00fdch zn\u00e1mok. Z\u00e1le\u017e\u00ed tie\u017e od technologick\u00e9ho zariadenia, na ktorom bude prebieha\u0165 proces lepenia, pr\u00edpadne \u010fal\u0161ieho skladovania v\u00fdrobkov.<\/p>\n\n\n\n<p>Tavn\u00e9 lepidl\u00e1 pon\u00fakan\u00e9 spolo\u010dnos\u0165ou COLLMA spadaj\u00fa pod\u013ea konkr\u00e9tnej aplik\u00e1cie do troch skup\u00edn:<\/p>\n\n\n\n<ul><li>lepenie kart\u00f3nov<\/li><li>lepenie etikiet na PET a\u00a0PP povrchy<\/li><li>lepenie da\u0148ov\u00fdch kolkov<\/li><\/ul>\n\n\n\n<p>Cenov\u00e9 rel\u00e1cie tavn\u00fdch PSA lepidiel (citliv\u00e9 na tlak) s\u00fa z\u00e1visle od samotn\u00e9ho zlo\u017eenia lepidla. Jedn\u00e1 sa o\u00a0lepidl\u00e1 na b\u00e1ze EVA, APAO alebo metallocene.<\/p>\n\n\n\n<p>V&nbsp;pr\u00edpade z\u00e1ujmu n\u00e1s nev\u00e1hajte kontaktova\u0165, n\u00e1\u0161 t\u00edm \u0161pecialistov pre V\u00e1s priprav\u00ed individu\u00e1lnu ponuku, \u0161it\u00fa priamo na mieru Va\u0161ej linky.<\/p>\n\n\n\n<div class=\"wp-block-buttons aligncenter is-layout-flex wp-block-buttons-is-layout-flex\">\n<div class=\"wp-block-button\"><a class=\"wp-block-button__link\" href=\"\/index.php\/kontakt\/\">kontaktujte n\u00e1s<\/a><\/div>\n<\/div>\n","protected":false},"excerpt":{"rendered":"<p>Etiketovanie a&nbsp;lepenie obalov je mo\u017en\u00e9 realizova\u0165 studen\u00fdm alebo tepl\u00fdm sp\u00f4sobom. V\u00fdber vhodn\u00e9ho lepidla z\u00e1vis\u00ed od podkladov\u00e9ho materi\u00e1lu, druhu etikiet, pr\u00edpadne kolkov\u00fdch zn\u00e1mok. Z\u00e1le\u017e\u00ed tie\u017e od technologick\u00e9ho zariadenia, na ktorom bude prebieha\u0165 proces lepenia, pr\u00edpadne \u010fal\u0161ieho skladovania v\u00fdrobkov. Tavn\u00e9 lepidl\u00e1 pon\u00fakan\u00e9 spolo\u010dnos\u0165ou COLLMA spadaj\u00fa pod\u013ea konkr\u00e9tnej aplik\u00e1cie do troch skup\u00edn: lepenie kart\u00f3nov lepenie etikiet na PET &hellip; <\/p>\n<p class=\"link-more\"><a href=\"https:\/\/collma.sk\/index.php\/etiketovacie-lepidla\/tavne-lepidla\/\" class=\"more-link\">Pokra\u010dova\u0165 v \u010d\u00edtan\u00ed<span class=\"screen-reader-text\"> &#8222;Tavn\u00e9 lepidl\u00e1&#8220;<\/span><\/a><\/p>\n","protected":false},"author":1,"featured_media":0,"parent":36,"menu_order":0,"comment_status":"closed","ping_status":"closed","template":"","meta":{"ngg_post_thumbnail":0,"footnotes":""},"_links":{"self":[{"href":"https:\/\/collma.sk\/index.php\/wp-json\/wp\/v2\/pages\/345"}],"collection":[{"href":"https:\/\/collma.sk\/index.php\/wp-json\/wp\/v2\/pages"}],"about":[{"href":"https:\/\/collma.sk\/index.php\/wp-json\/wp\/v2\/types\/page"}],"author":[{"embeddable":true,"href":"https:\/\/collma.sk\/index.php\/wp-json\/wp\/v2\/users\/1"}],"replies":[{"embeddable":true,"href":"https:\/\/collma.sk\/index.php\/wp-json\/wp\/v2\/comments?post=345"}],"version-history":[{"count":5,"href":"https:\/\/collma.sk\/index.php\/wp-json\/wp\/v2\/pages\/345\/revisions"}],"predecessor-version":[{"id":8689,"href":"https:\/\/collma.sk\/index.php\/wp-json\/wp\/v2\/pages\/345\/revisions\/8689"}],"up":[{"embeddable":true,"href":"https:\/\/collma.sk\/index.php\/wp-json\/wp\/v2\/pages\/36"}],"wp:attachment":[{"href":"https:\/\/collma.sk\/index.php\/wp-json\/wp\/v2\/media?parent=345"}],"curies":[{"name":"wp","href":"https:\/\/api.w.org\/{rel}","templated":true}]}}