{"id":355,"date":"2019-04-16T10:40:44","date_gmt":"2019-04-16T08:40:44","guid":{"rendered":"http:\/\/collma.profiweb.biz\/?page_id=355"},"modified":"2020-11-07T00:20:30","modified_gmt":"2020-11-06T23:20:30","slug":"snimanie-technologickeho-procesu-vysokorychlostnou-kamerou","status":"publish","type":"page","link":"https:\/\/collma.sk\/index.php\/etiketovacie-lepidla\/snimanie-technologickeho-procesu-vysokorychlostnou-kamerou\/","title":{"rendered":"Sn\u00edmanie technologick\u00e9ho procesu vysokor\u00fdchlostnou kamerou"},"content":{"rendered":"\n<div class=\"wp-block-image\"><figure class=\"alignright size-large is-resized\"><img loading=\"lazy\" decoding=\"async\" src=\"https:\/\/collma.sk\/wp-content\/uploads\/2020\/11\/kamera-1024x366-1.png\" alt=\"\" class=\"wp-image-8818\" width=\"416\" height=\"147\" srcset=\"https:\/\/collma.sk\/wp-content\/uploads\/2020\/11\/kamera-1024x366-1-300x107.png 300w, https:\/\/collma.sk\/wp-content\/uploads\/2020\/11\/kamera-1024x366-1-350x125.png 350w\" sizes=\"(max-width: 416px) 100vw, 416px\" \/><\/figure><\/div>\n\n\n\n<ul><li>Z\u00e1znam detailov<\/li><li>V\u010dasn\u00e1 identifik\u00e1cia odch\u00fdliek od \u0161tandardn\u00e9ho chodu linky<\/li><li>Identifik\u00e1cia miesta a pr\u00ed\u010diny vzniku probl\u00e9mov<\/li><li>Extr\u00e9mne spomalenie z\u00e1znamu aj pri najvy\u0161\u0161\u00edch r\u00fdchlostiach etiketovac\u00edch liniek<\/li><li>N\u00e1vrh rie\u0161enia<\/li><\/ul>\n\n\n\n<p><\/p>\n\n\n\n<p>V&nbsp;pr\u00edpade z\u00e1ujmu n\u00e1s nev\u00e1hajte kontaktova\u0165, n\u00e1\u0161 t\u00edm \u0161pecialistov pre V\u00e1s priprav\u00ed individu\u00e1lnu ponuku, \u0161it\u00fa priamo na mieru Va\u0161ej linky.<\/p>\n\n\n\n<div class=\"wp-block-buttons aligncenter is-layout-flex wp-block-buttons-is-layout-flex\">\n<div class=\"wp-block-button\"><a class=\"wp-block-button__link\" href=\"\/index.php\/kontakt\/\">kontaktujte n\u00e1s<\/a><\/div>\n<\/div>\n","protected":false},"excerpt":{"rendered":"<p>Z\u00e1znam detailov V\u010dasn\u00e1 identifik\u00e1cia odch\u00fdliek od \u0161tandardn\u00e9ho chodu linky Identifik\u00e1cia miesta a pr\u00ed\u010diny vzniku probl\u00e9mov Extr\u00e9mne spomalenie z\u00e1znamu aj pri najvy\u0161\u0161\u00edch r\u00fdchlostiach etiketovac\u00edch liniek N\u00e1vrh rie\u0161enia<\/p>\n","protected":false},"author":1,"featured_media":0,"parent":36,"menu_order":0,"comment_status":"closed","ping_status":"closed","template":"","meta":{"ngg_post_thumbnail":0,"footnotes":""},"_links":{"self":[{"href":"https:\/\/collma.sk\/index.php\/wp-json\/wp\/v2\/pages\/355"}],"collection":[{"href":"https:\/\/collma.sk\/index.php\/wp-json\/wp\/v2\/pages"}],"about":[{"href":"https:\/\/collma.sk\/index.php\/wp-json\/wp\/v2\/types\/page"}],"author":[{"embeddable":true,"href":"https:\/\/collma.sk\/index.php\/wp-json\/wp\/v2\/users\/1"}],"replies":[{"embeddable":true,"href":"https:\/\/collma.sk\/index.php\/wp-json\/wp\/v2\/comments?post=355"}],"version-history":[{"count":19,"href":"https:\/\/collma.sk\/index.php\/wp-json\/wp\/v2\/pages\/355\/revisions"}],"predecessor-version":[{"id":8821,"href":"https:\/\/collma.sk\/index.php\/wp-json\/wp\/v2\/pages\/355\/revisions\/8821"}],"up":[{"embeddable":true,"href":"https:\/\/collma.sk\/index.php\/wp-json\/wp\/v2\/pages\/36"}],"wp:attachment":[{"href":"https:\/\/collma.sk\/index.php\/wp-json\/wp\/v2\/media?parent=355"}],"curies":[{"name":"wp","href":"https:\/\/api.w.org\/{rel}","templated":true}]}}