{"id":357,"date":"2019-04-16T10:41:51","date_gmt":"2019-04-16T08:41:51","guid":{"rendered":"http:\/\/collma.profiweb.biz\/?page_id=357"},"modified":"2020-11-07T00:35:28","modified_gmt":"2020-11-06T23:35:28","slug":"casozberne-sledovanie-klimatickych-podmienok","status":"publish","type":"page","link":"https:\/\/collma.sk\/index.php\/etiketovacie-lepidla\/casozberne-sledovanie-klimatickych-podmienok\/","title":{"rendered":"\u010casozbern\u00e9 sledovanie klimatick\u00fdch podmienok"},"content":{"rendered":"\n<div class=\"wp-block-image\"><figure class=\"alignright size-large is-resized\"><img loading=\"lazy\" decoding=\"async\" src=\"https:\/\/collma.sk\/wp-content\/uploads\/2020\/11\/LEPIDLA\u0301_08a_klimaticke\u0301_podmienky-1024x768-1.jpg\" alt=\"\" class=\"wp-image-8827\" width=\"332\" height=\"248\" srcset=\"https:\/\/collma.sk\/wp-content\/uploads\/2020\/11\/LEPIDLA\u0301_08a_klimaticke\u0301_podmienky-1024x768-1.jpg 1024w, https:\/\/collma.sk\/wp-content\/uploads\/2020\/11\/LEPIDLA\u0301_08a_klimaticke\u0301_podmienky-1024x768-1-300x225.jpg 300w, https:\/\/collma.sk\/wp-content\/uploads\/2020\/11\/LEPIDLA\u0301_08a_klimaticke\u0301_podmienky-1024x768-1-768x576.jpg 768w, https:\/\/collma.sk\/wp-content\/uploads\/2020\/11\/LEPIDLA\u0301_08a_klimaticke\u0301_podmienky-1024x768-1-350x263.jpg 350w\" sizes=\"(max-width: 332px) 100vw, 332px\" \/><\/figure><\/div>\n\n\n\n<ul id=\"block-1a6952a5-e16e-489f-8e98-83489eb892ea\"><li>\u010casozbern\u00e9 sn\u00edmanie mikroklimatick\u00fdch podmienok aj priamo v okol\u00ed flia\u0161 zabalen\u00fdch na palete<\/li><li>Identifik\u00e1cia extr\u00e9mnych podmienok<\/li><li>Identifik\u00e1cia v\u00fdkyvov teploty a vlhkosti<\/li><li>Grafick\u00e9 z\u00e1znamy v priebehu d\u0148a a noci<\/li><li>N\u00e1vrh vhodn\u00e9ho lepidla a kompenz\u00e1cia kritick\u00fdch podmienok<\/li><li>Zachovan\u00e1 po\u017eadovan\u00e1 adjust\u00e1\u017e v\u00fdsledn\u00e9ho produktu<\/li><\/ul>\n\n\n\n<div class=\"wp-block-group alignwide is-layout-flow wp-block-group-is-layout-flow\"><div class=\"wp-block-group__inner-container\"><\/div><\/div>\n\n\n\n<p>V&nbsp;pr\u00edpade z\u00e1ujmu n\u00e1s nev\u00e1hajte kontaktova\u0165, n\u00e1\u0161 t\u00edm \u0161pecialistov pre V\u00e1s priprav\u00ed individu\u00e1lnu ponuku, \u0161it\u00fa priamo na mieru Va\u0161ej linky.<\/p>\n\n\n\n<div class=\"wp-block-buttons aligncenter is-layout-flex wp-block-buttons-is-layout-flex\">\n<div class=\"wp-block-button\"><a class=\"wp-block-button__link\" href=\"\/index.php\/kontakt\/\">kontaktujte n\u00e1s<\/a><\/div>\n<\/div>\n","protected":false},"excerpt":{"rendered":"<p>\u010casozbern\u00e9 sn\u00edmanie mikroklimatick\u00fdch podmienok aj priamo v okol\u00ed flia\u0161 zabalen\u00fdch na palete Identifik\u00e1cia extr\u00e9mnych podmienok Identifik\u00e1cia v\u00fdkyvov teploty a vlhkosti Grafick\u00e9 z\u00e1znamy v priebehu d\u0148a a noci N\u00e1vrh vhodn\u00e9ho lepidla a kompenz\u00e1cia kritick\u00fdch podmienok Zachovan\u00e1 po\u017eadovan\u00e1 adjust\u00e1\u017e v\u00fdsledn\u00e9ho produktu<\/p>\n","protected":false},"author":1,"featured_media":0,"parent":36,"menu_order":0,"comment_status":"closed","ping_status":"closed","template":"","meta":{"ngg_post_thumbnail":0,"footnotes":""},"_links":{"self":[{"href":"https:\/\/collma.sk\/index.php\/wp-json\/wp\/v2\/pages\/357"}],"collection":[{"href":"https:\/\/collma.sk\/index.php\/wp-json\/wp\/v2\/pages"}],"about":[{"href":"https:\/\/collma.sk\/index.php\/wp-json\/wp\/v2\/types\/page"}],"author":[{"embeddable":true,"href":"https:\/\/collma.sk\/index.php\/wp-json\/wp\/v2\/users\/1"}],"replies":[{"embeddable":true,"href":"https:\/\/collma.sk\/index.php\/wp-json\/wp\/v2\/comments?post=357"}],"version-history":[{"count":14,"href":"https:\/\/collma.sk\/index.php\/wp-json\/wp\/v2\/pages\/357\/revisions"}],"predecessor-version":[{"id":8829,"href":"https:\/\/collma.sk\/index.php\/wp-json\/wp\/v2\/pages\/357\/revisions\/8829"}],"up":[{"embeddable":true,"href":"https:\/\/collma.sk\/index.php\/wp-json\/wp\/v2\/pages\/36"}],"wp:attachment":[{"href":"https:\/\/collma.sk\/index.php\/wp-json\/wp\/v2\/media?parent=357"}],"curies":[{"name":"wp","href":"https:\/\/api.w.org\/{rel}","templated":true}]}}