{"id":359,"date":"2019-04-16T10:42:20","date_gmt":"2019-04-16T08:42:20","guid":{"rendered":"http:\/\/collma.profiweb.biz\/?page_id=359"},"modified":"2020-11-07T02:21:48","modified_gmt":"2020-11-07T01:21:48","slug":"stanovenie-cobb-indexu-etikiet","status":"publish","type":"page","link":"https:\/\/collma.sk\/index.php\/etiketovacie-lepidla\/stanovenie-cobb-indexu-etikiet\/","title":{"rendered":"Stanovenie Cobb \u010d\u00edsla etikiet a roz\u0165a\u017enosti papiera"},"content":{"rendered":"\n<div class=\"wp-block-image\"><figure class=\"alignright size-large is-resized\"><img loading=\"lazy\" decoding=\"async\" src=\"https:\/\/collma.sk\/wp-content\/uploads\/2020\/11\/LEPIDLA\u0301_07a_Cobb-1024x768-1.jpg\" alt=\"\" class=\"wp-image-8834\" width=\"276\" height=\"206\" srcset=\"https:\/\/collma.sk\/wp-content\/uploads\/2020\/11\/LEPIDLA\u0301_07a_Cobb-1024x768-1.jpg 1024w, https:\/\/collma.sk\/wp-content\/uploads\/2020\/11\/LEPIDLA\u0301_07a_Cobb-1024x768-1-300x225.jpg 300w, https:\/\/collma.sk\/wp-content\/uploads\/2020\/11\/LEPIDLA\u0301_07a_Cobb-1024x768-1-768x576.jpg 768w, https:\/\/collma.sk\/wp-content\/uploads\/2020\/11\/LEPIDLA\u0301_07a_Cobb-1024x768-1-350x263.jpg 350w\" sizes=\"(max-width: 276px) 100vw, 276px\" \/><\/figure><\/div>\n\n\n\n<ul id=\"block-34340d89-7d22-445f-893f-a5520d0d2580\"><li>Identifik\u00e1cia ne\u017eiaducich odch\u00fdlok v nasiakavosti etikety<\/li><li>Identifik\u00e1cia roz\u0165a\u017enosti etikiet<\/li><li>Technick\u00e1 podpora pri v\u00fdbere etiketovacieho papiera<\/li><li>Identifik\u00e1cia potenci\u00e1lnych probl\u00e9mov e\u0161te pred nasaden\u00edm etikiet na linku<\/li><li>Pr\u00ed\u010dina rolovania rohov etikiet<\/li><li>Pr\u00ed\u010dina zvlnen\u00fdch etikiet po vyschnut\u00ed<\/li><\/ul>\n\n\n\n<p><\/p>\n\n\n\n<p>V&nbsp;pr\u00edpade z\u00e1ujmu n\u00e1s nev\u00e1hajte kontaktova\u0165, n\u00e1\u0161 t\u00edm \u0161pecialistov pre V\u00e1s priprav\u00ed individu\u00e1lnu ponuku, \u0161it\u00fa priamo na mieru Va\u0161ej linky.<\/p>\n\n\n\n<div class=\"wp-block-buttons aligncenter is-layout-flex wp-block-buttons-is-layout-flex\">\n<div class=\"wp-block-button\"><a class=\"wp-block-button__link\" href=\"\/index.php\/kontakt\/\">kontaktujte n\u00e1s<\/a><\/div>\n<\/div>\n","protected":false},"excerpt":{"rendered":"<p>Identifik\u00e1cia ne\u017eiaducich odch\u00fdlok v nasiakavosti etikety Identifik\u00e1cia roz\u0165a\u017enosti etikiet Technick\u00e1 podpora pri v\u00fdbere etiketovacieho papiera Identifik\u00e1cia potenci\u00e1lnych probl\u00e9mov e\u0161te pred nasaden\u00edm etikiet na linku Pr\u00ed\u010dina rolovania rohov etikiet Pr\u00ed\u010dina zvlnen\u00fdch etikiet po vyschnut\u00ed<\/p>\n","protected":false},"author":1,"featured_media":0,"parent":36,"menu_order":0,"comment_status":"closed","ping_status":"closed","template":"","meta":{"ngg_post_thumbnail":0,"footnotes":""},"_links":{"self":[{"href":"https:\/\/collma.sk\/index.php\/wp-json\/wp\/v2\/pages\/359"}],"collection":[{"href":"https:\/\/collma.sk\/index.php\/wp-json\/wp\/v2\/pages"}],"about":[{"href":"https:\/\/collma.sk\/index.php\/wp-json\/wp\/v2\/types\/page"}],"author":[{"embeddable":true,"href":"https:\/\/collma.sk\/index.php\/wp-json\/wp\/v2\/users\/1"}],"replies":[{"embeddable":true,"href":"https:\/\/collma.sk\/index.php\/wp-json\/wp\/v2\/comments?post=359"}],"version-history":[{"count":16,"href":"https:\/\/collma.sk\/index.php\/wp-json\/wp\/v2\/pages\/359\/revisions"}],"predecessor-version":[{"id":8836,"href":"https:\/\/collma.sk\/index.php\/wp-json\/wp\/v2\/pages\/359\/revisions\/8836"}],"up":[{"embeddable":true,"href":"https:\/\/collma.sk\/index.php\/wp-json\/wp\/v2\/pages\/36"}],"wp:attachment":[{"href":"https:\/\/collma.sk\/index.php\/wp-json\/wp\/v2\/media?parent=359"}],"curies":[{"name":"wp","href":"https:\/\/api.w.org\/{rel}","templated":true}]}}