{"id":36,"date":"2019-03-05T00:42:10","date_gmt":"2019-03-04T23:42:10","guid":{"rendered":"http:\/\/collma.profiweb.biz\/?page_id=36"},"modified":"2020-11-05T13:43:28","modified_gmt":"2020-11-05T12:43:28","slug":"etiketovacie-lepidla","status":"publish","type":"page","link":"https:\/\/collma.sk\/index.php\/etiketovacie-lepidla\/","title":{"rendered":"Produkty"},"content":{"rendered":"\n<p>Etiketovacie lepidl\u00e1 COLLMEX s\u00fa prisp\u00f4soben\u00e9 \u0161pecifick\u00fdm potreb\u00e1m jednotliv\u00fdch etiketovac\u00edch liniek tak, aby bola zachovan\u00e1 stopercentn\u00e1 kvalita v\u00fdsledn\u00e9ho produktu. Jednotliv\u00e9 typy lepidiel s\u00fa vhodn\u00e9 na such\u00e9, mokr\u00e9, studen\u00e9 alebo tepl\u00e9 povrchy, sklenen\u00e9, kovov\u00e9, plastov\u00e9 materi\u00e1ly alebo kart\u00f3ny. V ponuke s\u00fa lepidl\u00e1 pre studen\u00e9 lepenie i tavn\u00e9 lepidl\u00e1. Niektor\u00e9 na\u0161e produkty s\u00fa navrhnut\u00e9 tak, aby odol\u00e1vali opad\u00e1vaniu etikiet vo vysoko vlhkom prostred\u00ed (CWR) alebo po\u010das skladovania flia\u0161 v \u013eade, kde s\u00fa chladen\u00e9 po\u010das nieko\u013ek\u00fdch hod\u00edn (IWR). <\/p>\n\n\n\n<p>Pre spr\u00e1vny v\u00fdber lepidla je V\u00e1m k dispoz\u00edcii n\u00e1\u0161 t\u00edm obchodno &#8211; technick\u00fdch \u0161pecialistov. Spolo\u010dnos\u0165 Collma doporu\u010duje n\u00e1v\u0161tevu svojich technikov pred i po\u010das prv\u00e9ho nasadenia lepidiel COLLMEX. Optim\u00e1lny v\u00fdber vhodn\u00e9ho typu lepidla je realizovan\u00fd hlavne pod\u013ea parametrov etiketovacej linky, fyzik\u00e1lnych podmienok lepenia a kvality povrchu. <\/p>\n\n\n\n<center>\n<div class=\"product\" style=\"background-image:url('\/wp-content\/uploads\/2019\/05\/IMG_4661a.jpg')\">\n<a href=\"\/index.php\/etiketovacie-lepidla\/standardne-etiketovacie-lepidla-pre-sklenene-povrchy-a-konzervy\/\">\n\u0161tandardn\u00e9 etiketovacie lepidl\u00e1 pre sklenen\u00e9 povrchy a konzervy\n<\/a>\n<\/div>\n\n<div class=\"product\" style=\"background-image:url('\/wp-content\/uploads\/2019\/03\/LEPIDL\u00c1_01_\u0161tandard.jpg')\">\n<a href=\"\/index.php\/etiketovacie-lepidla\/etiketovacie-lepidla-pre-pet-a-pp-povrchy\/\">\netiketovacie lepidl\u00e1 pre PET a PP povrchy\n<\/a>\n<\/div>\n\n<div class=\"product\" style=\"background-image:url('\/wp-content\/uploads\/2019\/03\/LEPIDL\u00c1_05_tavn\u00e9.jpg')\">\n<a href=\"\/index.php\/lepidla-pre-kolky\/\">\nlepidl\u00e1 pre kolky\n<\/a>\n<\/div>\n\n<div class=\"product\" style=\"clear:both;background-image:url('\/wp-content\/uploads\/2020\/01\/CWR2.jpg')\">\n<a href=\"\/index.php\/etiketovacie-lepidla\/etiketovacie-lepidla-s-odolnostou-voci-kondenzovanej-vode\/\">\nCWR etiketovacie lepidl\u00e1 s odolnos\u0165ou vo\u010di kondenzovanej vode\n<\/a>\n<\/div>\n\n<div class=\"product\" style=\"background-image:url('\/wp-content\/uploads\/2020\/11\/beer-in-ice.jpg')\">\n<a href=\"\/index.php\/etiketovacie-lepidla\/iwr-etiketovacie-lepidla-s-odolnostou-voci-ladovej-vode\/\">\nIWR etiketovacie lepidl\u00e1 s odolnos\u0165ou vo\u010di \u013eadovej vode\n<\/a>\n<\/div>\n\n<div class=\"product\" style=\"background-image:url('\/wp-content\/uploads\/2019\/05\/LEPIDL\u00c1_05a_tavn\u00e9.jpg')\">\n<a href=\"\/index.php\/etiketovacie-lepidla\/tavne-lepidla\/\">\ntavn\u00e9 lepidl\u00e1\n<\/a>\n<\/div>\n\n<\/center>\n<div style=\"clear:both\"><\/div>\n\n\n\n<h2 class=\"wp-block-heading\">Profesion\u00e1lny servis<\/h2>\n\n\n\n<p class=\"has-text-align-left\">Spolo\u010dnos\u0165 Collma realizuje u svojich klientov okrem pravideln\u00e9ho servisu, tie\u017e odborn\u00fd, nad\u0161tandardn\u00fd servis. Stret\u00e1vate sa v r\u00e1mci prev\u00e1dzky s v\u00fdkyvmi chodu etiketovacej linky? M\u00e1te podozrenie na ne\u0161tandardn\u00fa \u0161ar\u017eu etikiet alebo ich presu\u0161enos\u0165? Vyu\u017eite mo\u017enosti n\u00e1\u0161ho v\u00fdskumn\u00e9ho centra, ktor\u00e9 sa v spolupr\u00e1ci s obchodn\u00fdmi mana\u017e\u00e9rmi star\u00e1 o V\u00e1\u0161 komfort. <\/p>\n\n\n\n<center>\n<div class=\"product\" style=\"background-image:url('\/wp-content\/uploads\/2019\/03\/LEPIDL\u00c1_06_kamera.jpg\">\n<a href=\"\/index.php\/snimanie-technologickeho-procesu-vysokorychlostnou-kamerou\/\">\nsn\u00edmanie technologick\u00e9ho procesu vysokor\u00fdchlostnou kamerou\n<\/a>\n<\/div>\n\n<div class=\"product\" style=\"background-image:url('\/wp-content\/uploads\/2019\/03\/LEPIDL\u00c1_09_pevnos\u0165.jpg')\">\n<a href=\"\/index.php\/stanovenie-pricin-trhania-alufolii\/\">\nstanovenie pr\u00ed\u010din trhania aluf\u00f3li\u00ed &#8211; pevnos\u0165 v \u0165ahu\n<\/a>\n<\/div>\n\n<div class=\"product klimaticke-podmienky\" style=\"background-image:url('\/wp-content\/uploads\/2019\/05\/LEPIDL\u00c1_08a_klimatick\u00e9_podmienky.jpg')\">\n<a href=\"\/index.php\/casozberne-sledovanie-klimatickych-podmienok\/\">\n\u010dasozbern\u00e9 sledovanie klimatick\u00fdch podmienok\n<\/a>\n<\/div>\n\n<div class=\"product\" style=\"margin-left:calc(16% + 1px);background-image:url('\/wp-content\/uploads\/2019\/05\/LEPIDL\u00c1_07a_Cobb.jpg')\">\n<a href=\"\/index.php\/stanovenie-cobb-indexu-etikiet\/\">\nstanovenie Cobb \u010d\u00edsla a roz\u0165a\u017enosti etikiet\n<\/a>\n<\/div>\n\n<div class=\"product\" style=\"margin-left:3px;background-image:url('\/wp-content\/uploads\/2020\/01\/imit\u00e1cia.jpg')\">\n<a href=\"\/index.php\/imitacia-prevadzkovych-a-spotrebitelskych-podmienok\/\">\nIMIT\u00c1CIA PREV\u00c1DZKOV\u00ddCH A SPOTREBITE\u013dSK\u00ddCH PODMIENOK\n<\/a>\n<\/div>\n\n<\/center>\n<div style=\"clear:both\"><\/div>\n\n\n\n<p><\/p>\n\n\n\n<p> Pre viac inform\u00e1ci\u00ed n\u00e1s kontaktujte na <a href=\"mailto:info@collma.sk\">info@collma.sk <\/a>. <\/p>\n","protected":false},"excerpt":{"rendered":"<p>Etiketovacie lepidl\u00e1 COLLMEX s\u00fa prisp\u00f4soben\u00e9 \u0161pecifick\u00fdm potreb\u00e1m jednotliv\u00fdch etiketovac\u00edch liniek tak, aby bola zachovan\u00e1 stopercentn\u00e1 kvalita v\u00fdsledn\u00e9ho produktu. Jednotliv\u00e9 typy lepidiel s\u00fa vhodn\u00e9 na such\u00e9, mokr\u00e9, studen\u00e9 alebo tepl\u00e9 povrchy, sklenen\u00e9, kovov\u00e9, plastov\u00e9 materi\u00e1ly alebo kart\u00f3ny. V ponuke s\u00fa lepidl\u00e1 pre studen\u00e9 lepenie i tavn\u00e9 lepidl\u00e1. Niektor\u00e9 na\u0161e produkty s\u00fa navrhnut\u00e9 tak, aby odol\u00e1vali opad\u00e1vaniu &hellip; <\/p>\n<p class=\"link-more\"><a href=\"https:\/\/collma.sk\/index.php\/etiketovacie-lepidla\/\" class=\"more-link\">Pokra\u010dova\u0165 v \u010d\u00edtan\u00ed<span class=\"screen-reader-text\"> &#8222;Produkty&#8220;<\/span><\/a><\/p>\n","protected":false},"author":1,"featured_media":0,"parent":0,"menu_order":0,"comment_status":"closed","ping_status":"closed","template":"","meta":{"ngg_post_thumbnail":0,"footnotes":""},"_links":{"self":[{"href":"https:\/\/collma.sk\/index.php\/wp-json\/wp\/v2\/pages\/36"}],"collection":[{"href":"https:\/\/collma.sk\/index.php\/wp-json\/wp\/v2\/pages"}],"about":[{"href":"https:\/\/collma.sk\/index.php\/wp-json\/wp\/v2\/types\/page"}],"author":[{"embeddable":true,"href":"https:\/\/collma.sk\/index.php\/wp-json\/wp\/v2\/users\/1"}],"replies":[{"embeddable":true,"href":"https:\/\/collma.sk\/index.php\/wp-json\/wp\/v2\/comments?post=36"}],"version-history":[{"count":64,"href":"https:\/\/collma.sk\/index.php\/wp-json\/wp\/v2\/pages\/36\/revisions"}],"predecessor-version":[{"id":8698,"href":"https:\/\/collma.sk\/index.php\/wp-json\/wp\/v2\/pages\/36\/revisions\/8698"}],"wp:attachment":[{"href":"https:\/\/collma.sk\/index.php\/wp-json\/wp\/v2\/media?parent=36"}],"curies":[{"name":"wp","href":"https:\/\/api.w.org\/{rel}","templated":true}]}}