{"id":361,"date":"2019-04-16T10:42:57","date_gmt":"2019-04-16T08:42:57","guid":{"rendered":"http:\/\/collma.profiweb.biz\/?page_id=361"},"modified":"2020-11-07T02:27:13","modified_gmt":"2020-11-07T01:27:13","slug":"stanovenie-pricin-trhania-alufolii","status":"publish","type":"page","link":"https:\/\/collma.sk\/index.php\/etiketovacie-lepidla\/stanovenie-pricin-trhania-alufolii\/","title":{"rendered":"Stanovenie pr\u00ed\u010din trhania aluf\u00f3li\u00ed &#8211; PEVNOS\u0164 V \u0164AHU"},"content":{"rendered":"\n<div class=\"wp-block-image\"><figure class=\"alignright size-large is-resized\"><img loading=\"lazy\" decoding=\"async\" src=\"https:\/\/collma.sk\/wp-content\/uploads\/2020\/11\/LEPIDLA\u0301_09_pevnost\u030c-orez-993x1024-1.jpg\" alt=\"\" class=\"wp-image-8842\" width=\"158\" height=\"162\" srcset=\"https:\/\/collma.sk\/wp-content\/uploads\/2020\/11\/LEPIDLA\u0301_09_pevnost\u030c-orez-993x1024-1.jpg 993w, https:\/\/collma.sk\/wp-content\/uploads\/2020\/11\/LEPIDLA\u0301_09_pevnost\u030c-orez-993x1024-1-291x300.jpg 291w, https:\/\/collma.sk\/wp-content\/uploads\/2020\/11\/LEPIDLA\u0301_09_pevnost\u030c-orez-993x1024-1-768x792.jpg 768w, https:\/\/collma.sk\/wp-content\/uploads\/2020\/11\/LEPIDLA\u0301_09_pevnost\u030c-orez-993x1024-1-350x361.jpg 350w\" sizes=\"(max-width: 158px) 100vw, 158px\" \/><\/figure><\/div>\n\n\n\n<ul><li>Identifik\u00e1cia pr\u00ed\u010diny trhania aluf\u00f3li\u00ed<\/li><li>Grafick\u00fd z\u00e1znam nam\u00e1hania aluf\u00f3lie a sily potrebnej na pretrhnutie<\/li><li>Simul\u00e1cia trhania pod\u013ea smeru etiketovania<\/li><li>Porovnanie r\u00f4znych materi\u00e1lov aluf\u00f3li\u00ed<\/li><li>Podporn\u00fd servis pri v\u00fdbere alebo redizajne<\/li><\/ul>\n\n\n\n<p>V&nbsp;pr\u00edpade z\u00e1ujmu n\u00e1s nev\u00e1hajte kontaktova\u0165, n\u00e1\u0161 t\u00edm \u0161pecialistov pre V\u00e1s priprav\u00ed individu\u00e1lnu ponuku, \u0161it\u00fa priamo na mieru Va\u0161ej linky.<\/p>\n\n\n\n<div class=\"wp-block-buttons aligncenter is-layout-flex wp-block-buttons-is-layout-flex\">\n<div class=\"wp-block-button\"><a class=\"wp-block-button__link\" href=\"\/index.php\/kontakt\/\">kontaktujte n\u00e1s<\/a><\/div>\n<\/div>\n","protected":false},"excerpt":{"rendered":"<p>Identifik\u00e1cia pr\u00ed\u010diny trhania aluf\u00f3li\u00ed Grafick\u00fd z\u00e1znam nam\u00e1hania aluf\u00f3lie a sily potrebnej na pretrhnutie Simul\u00e1cia trhania pod\u013ea smeru etiketovania Porovnanie r\u00f4znych materi\u00e1lov aluf\u00f3li\u00ed Podporn\u00fd servis pri v\u00fdbere alebo redizajne<\/p>\n","protected":false},"author":1,"featured_media":0,"parent":36,"menu_order":0,"comment_status":"closed","ping_status":"closed","template":"","meta":{"ngg_post_thumbnail":0,"footnotes":""},"_links":{"self":[{"href":"https:\/\/collma.sk\/index.php\/wp-json\/wp\/v2\/pages\/361"}],"collection":[{"href":"https:\/\/collma.sk\/index.php\/wp-json\/wp\/v2\/pages"}],"about":[{"href":"https:\/\/collma.sk\/index.php\/wp-json\/wp\/v2\/types\/page"}],"author":[{"embeddable":true,"href":"https:\/\/collma.sk\/index.php\/wp-json\/wp\/v2\/users\/1"}],"replies":[{"embeddable":true,"href":"https:\/\/collma.sk\/index.php\/wp-json\/wp\/v2\/comments?post=361"}],"version-history":[{"count":17,"href":"https:\/\/collma.sk\/index.php\/wp-json\/wp\/v2\/pages\/361\/revisions"}],"predecessor-version":[{"id":8845,"href":"https:\/\/collma.sk\/index.php\/wp-json\/wp\/v2\/pages\/361\/revisions\/8845"}],"up":[{"embeddable":true,"href":"https:\/\/collma.sk\/index.php\/wp-json\/wp\/v2\/pages\/36"}],"wp:attachment":[{"href":"https:\/\/collma.sk\/index.php\/wp-json\/wp\/v2\/media?parent=361"}],"curies":[{"name":"wp","href":"https:\/\/api.w.org\/{rel}","templated":true}]}}