{"id":366,"date":"2019-04-16T11:07:48","date_gmt":"2019-04-16T09:07:48","guid":{"rendered":"http:\/\/collma.profiweb.biz\/?page_id=366"},"modified":"2020-11-05T12:58:03","modified_gmt":"2020-11-05T11:58:03","slug":"flexograficke-farby-pre-tissue-produkty","status":"publish","type":"page","link":"https:\/\/collma.sk\/index.php\/printovy-program\/flexograficke-farby-pre-tissue-produkty\/","title":{"rendered":"Flexografick\u00e9 farby pre Tissue produkty"},"content":{"rendered":"\n<div class=\"wp-block-image\"><figure class=\"alignright size-large is-resized\"><img loading=\"lazy\" decoding=\"async\" src=\"http:\/\/collma.profiweb.biz\/wp-content\/uploads\/2019\/03\/PRINT_01_Tissue-1024x768.jpg\" alt=\"\" class=\"wp-image-186\" width=\"251\" height=\"187\" srcset=\"https:\/\/collma.sk\/wp-content\/uploads\/2019\/03\/PRINT_01_Tissue-1024x768.jpg 1024w, https:\/\/collma.sk\/wp-content\/uploads\/2019\/03\/PRINT_01_Tissue-300x225.jpg 300w, https:\/\/collma.sk\/wp-content\/uploads\/2019\/03\/PRINT_01_Tissue-768x576.jpg 768w\" sizes=\"(max-width: 251px) 100vw, 251px\" \/><\/figure><\/div>\n\n\n\n<p>Flexografick\u00e9 tla\u010dov\u00e9 farby COLLMEX pre tissue produkty s\u00fa komponovan\u00e9 na vodnej b\u00e1ze, s primeranou viskozitou zais\u0165uj\u00facou komfortn\u00fa \u010derpate\u013enos\u0165. S\u00fa ur\u010den\u00e9 na strojov\u00fa potla\u010d tissue papiera. Tla\u010dov\u00e9 farby rady COLLMEX Tissue sp\u013a\u0148aj\u00fa po\u017eiadavky pre st\u00e1los\u0165 farby pod\u013ea normy EN646. <\/p>\n\n\n\n<p>Z rady farieb COLLMEX pre tissue produkty s\u00fa dostupn\u00e9 potla\u010dov\u00e9 farby a tie\u017e farby, ktor\u00e9 sa prid\u00e1vaj\u00fa do lepidla medzi jednotliv\u00e9 vrstvy papiera.<\/p>\n\n\n\n<p>Medzi popredn\u00e9 produkty vyvinut\u00e9 s cie\u013eom minimalizova\u0165 ekologick\u00fa stopu sa rad\u00ed aj samotn\u00e9 lepidlo, ktor\u00e9 je mie\u0161ate\u013en\u00e9 s vodou a na b\u00e1ze pr\u00edrodn\u00fdch materi\u00e1lov.<\/p>\n\n\n\n<p>Flexografick\u00e9 farby COLLMEX pre tissue produkty s\u00fa dostupn\u00e9 v \u0161k\u00e1le balen\u00ed od vedier, cez sudy a\u017e po IBC kontajnery tak, ako je najpraktickej\u0161ie pre zaradenie do konkr\u00e9tnej technol\u00f3gie klienta.<\/p>\n\n\n\n<p><\/p>\n\n\n\n<p>V&nbsp;pr\u00edpade z\u00e1ujmu n\u00e1s nev\u00e1hajte kontaktova\u0165, n\u00e1\u0161 t\u00edm \u0161pecialistov pre V\u00e1s priprav\u00ed individu\u00e1lnu ponuku, \u0161it\u00fa priamo na mieru Va\u0161ej linky.<\/p>\n\n\n\n<div class=\"wp-block-buttons aligncenter is-layout-flex wp-block-buttons-is-layout-flex\">\n<div class=\"wp-block-button\"><a class=\"wp-block-button__link\" href=\"\/index.php\/kontakt\/\">kontaktujte n\u00e1s<\/a><\/div>\n<\/div>\n","protected":false},"excerpt":{"rendered":"<p>Flexografick\u00e9 tla\u010dov\u00e9 farby COLLMEX pre tissue produkty s\u00fa komponovan\u00e9 na vodnej b\u00e1ze, s primeranou viskozitou zais\u0165uj\u00facou komfortn\u00fa \u010derpate\u013enos\u0165. S\u00fa ur\u010den\u00e9 na strojov\u00fa potla\u010d tissue papiera. Tla\u010dov\u00e9 farby rady COLLMEX Tissue sp\u013a\u0148aj\u00fa po\u017eiadavky pre st\u00e1los\u0165 farby pod\u013ea normy EN646. Z rady farieb COLLMEX pre tissue produkty s\u00fa dostupn\u00e9 potla\u010dov\u00e9 farby a tie\u017e farby, ktor\u00e9 sa prid\u00e1vaj\u00fa &hellip; <\/p>\n<p class=\"link-more\"><a href=\"https:\/\/collma.sk\/index.php\/printovy-program\/flexograficke-farby-pre-tissue-produkty\/\" class=\"more-link\">Pokra\u010dova\u0165 v \u010d\u00edtan\u00ed<span class=\"screen-reader-text\"> &#8222;Flexografick\u00e9 farby pre Tissue produkty&#8220;<\/span><\/a><\/p>\n","protected":false},"author":1,"featured_media":0,"parent":119,"menu_order":0,"comment_status":"closed","ping_status":"closed","template":"","meta":{"ngg_post_thumbnail":0,"footnotes":""},"_links":{"self":[{"href":"https:\/\/collma.sk\/index.php\/wp-json\/wp\/v2\/pages\/366"}],"collection":[{"href":"https:\/\/collma.sk\/index.php\/wp-json\/wp\/v2\/pages"}],"about":[{"href":"https:\/\/collma.sk\/index.php\/wp-json\/wp\/v2\/types\/page"}],"author":[{"embeddable":true,"href":"https:\/\/collma.sk\/index.php\/wp-json\/wp\/v2\/users\/1"}],"replies":[{"embeddable":true,"href":"https:\/\/collma.sk\/index.php\/wp-json\/wp\/v2\/comments?post=366"}],"version-history":[{"count":6,"href":"https:\/\/collma.sk\/index.php\/wp-json\/wp\/v2\/pages\/366\/revisions"}],"predecessor-version":[{"id":8549,"href":"https:\/\/collma.sk\/index.php\/wp-json\/wp\/v2\/pages\/366\/revisions\/8549"}],"up":[{"embeddable":true,"href":"https:\/\/collma.sk\/index.php\/wp-json\/wp\/v2\/pages\/119"}],"wp:attachment":[{"href":"https:\/\/collma.sk\/index.php\/wp-json\/wp\/v2\/media?parent=366"}],"curies":[{"name":"wp","href":"https:\/\/api.w.org\/{rel}","templated":true}]}}