{"id":368,"date":"2019-04-16T11:08:14","date_gmt":"2019-04-16T09:08:14","guid":{"rendered":"http:\/\/collma.profiweb.biz\/?page_id=368"},"modified":"2020-11-05T12:57:40","modified_gmt":"2020-11-05T11:57:40","slug":"flexograficke-farby-pre-papier-a-kartonaz","status":"publish","type":"page","link":"https:\/\/collma.sk\/index.php\/printovy-program\/flexograficke-farby-pre-papier-a-kartonaz\/","title":{"rendered":"Flexografick\u00e9 farby pre papier a karton\u00e1\u017e"},"content":{"rendered":"\n<div class=\"wp-block-image\"><figure class=\"alignright size-large is-resized\"><img loading=\"lazy\" decoding=\"async\" src=\"http:\/\/collma.profiweb.biz\/wp-content\/uploads\/2020\/01\/IMG_20190711_114314-1024x913.png\" alt=\"\" class=\"wp-image-2042\" width=\"196\" height=\"174\" srcset=\"https:\/\/collma.sk\/wp-content\/uploads\/2020\/01\/IMG_20190711_114314-1024x913.png 1024w, https:\/\/collma.sk\/wp-content\/uploads\/2020\/01\/IMG_20190711_114314-300x268.png 300w, https:\/\/collma.sk\/wp-content\/uploads\/2020\/01\/IMG_20190711_114314-768x685.png 768w, https:\/\/collma.sk\/wp-content\/uploads\/2020\/01\/IMG_20190711_114314-350x312.png 350w, https:\/\/collma.sk\/wp-content\/uploads\/2020\/01\/IMG_20190711_114314.png 1867w\" sizes=\"(max-width: 196px) 100vw, 196px\" \/><\/figure><\/div>\n\n\n\n<p>Flexografick\u00e9 tla\u010dov\u00e9 farby COLLMEX Flexaqua s\u00fa komponovan\u00e9 na vodnej b\u00e1ze, s primeranou viskozitou zais\u0165uj\u00facou komfortn\u00fa \u010derpate\u013enos\u0165. S\u00fa ur\u010den\u00e9 na strojov\u00fa potla\u010d preva\u017ene nebielen\u00e9ho papiera, lepenky, vlnitej lepenky a in\u00fdch sav\u00fdch materi\u00e1lov. Uplat\u0148uj\u00fa sa v podnikoch s v\u00fdrobou papiera a papierensk\u00fdch v\u00fdrobkov.<\/p>\n\n\n\n<p>Dostupn\u00e9 s\u00fa aj produkty pre leskl\u00fd papier, natieran\u00fd papier a lakovan\u00fd kart\u00f3n (nebielen\u00fd papier). V\u00fdsledn\u00fdm efektom m\u00f4\u017ee by\u0165 pod\u013ea individu\u00e1lnych preferenci\u00ed \u0161tandardn\u00e1 potla\u010d, potla\u010d s vysok\u00fdm leskom alebo hlbok\u00fdm matom.<\/p>\n\n\n\n<p>\u010eal\u0161ou variantou je rada tla\u010dov\u00fdch farieb vhodn\u00fdch na papierov\u00e9 obaly pre potravin\u00e1rske aplik\u00e1cie.<\/p>\n\n\n\n<p>Flexografick\u00e9 farby COLLMEX Flexaqua s\u00fa dostupn\u00e9 v \u0161k\u00e1le balen\u00ed od vedier, cez sudy a\u017e po IBC kontajnery tak, ako je najpraktickej\u0161ie pre zaradenie do konkr\u00e9tnej technol\u00f3gie klienta. <\/p>\n\n\n\n<p>V&nbsp;pr\u00edpade z\u00e1ujmu n\u00e1s nev\u00e1hajte kontaktova\u0165, n\u00e1\u0161 t\u00edm \u0161pecialistov pre V\u00e1s priprav\u00ed individu\u00e1lnu ponuku, \u0161it\u00fa priamo na mieru Va\u0161ej linky.<\/p>\n\n\n\n<div class=\"wp-block-buttons aligncenter is-layout-flex wp-block-buttons-is-layout-flex\">\n<div class=\"wp-block-button\"><a class=\"wp-block-button__link\" href=\"\/index.php\/kontakt\/\">kontaktujte n\u00e1s<\/a><\/div>\n<\/div>\n","protected":false},"excerpt":{"rendered":"<p>Flexografick\u00e9 tla\u010dov\u00e9 farby COLLMEX Flexaqua s\u00fa komponovan\u00e9 na vodnej b\u00e1ze, s primeranou viskozitou zais\u0165uj\u00facou komfortn\u00fa \u010derpate\u013enos\u0165. S\u00fa ur\u010den\u00e9 na strojov\u00fa potla\u010d preva\u017ene nebielen\u00e9ho papiera, lepenky, vlnitej lepenky a in\u00fdch sav\u00fdch materi\u00e1lov. Uplat\u0148uj\u00fa sa v podnikoch s v\u00fdrobou papiera a papierensk\u00fdch v\u00fdrobkov. Dostupn\u00e9 s\u00fa aj produkty pre leskl\u00fd papier, natieran\u00fd papier a lakovan\u00fd kart\u00f3n (nebielen\u00fd papier). &hellip; <\/p>\n<p class=\"link-more\"><a href=\"https:\/\/collma.sk\/index.php\/printovy-program\/flexograficke-farby-pre-papier-a-kartonaz\/\" class=\"more-link\">Pokra\u010dova\u0165 v \u010d\u00edtan\u00ed<span class=\"screen-reader-text\"> &#8222;Flexografick\u00e9 farby pre papier a karton\u00e1\u017e&#8220;<\/span><\/a><\/p>\n","protected":false},"author":1,"featured_media":0,"parent":119,"menu_order":0,"comment_status":"closed","ping_status":"closed","template":"","meta":{"ngg_post_thumbnail":0,"footnotes":""},"_links":{"self":[{"href":"https:\/\/collma.sk\/index.php\/wp-json\/wp\/v2\/pages\/368"}],"collection":[{"href":"https:\/\/collma.sk\/index.php\/wp-json\/wp\/v2\/pages"}],"about":[{"href":"https:\/\/collma.sk\/index.php\/wp-json\/wp\/v2\/types\/page"}],"author":[{"embeddable":true,"href":"https:\/\/collma.sk\/index.php\/wp-json\/wp\/v2\/users\/1"}],"replies":[{"embeddable":true,"href":"https:\/\/collma.sk\/index.php\/wp-json\/wp\/v2\/comments?post=368"}],"version-history":[{"count":12,"href":"https:\/\/collma.sk\/index.php\/wp-json\/wp\/v2\/pages\/368\/revisions"}],"predecessor-version":[{"id":8617,"href":"https:\/\/collma.sk\/index.php\/wp-json\/wp\/v2\/pages\/368\/revisions\/8617"}],"up":[{"embeddable":true,"href":"https:\/\/collma.sk\/index.php\/wp-json\/wp\/v2\/pages\/119"}],"wp:attachment":[{"href":"https:\/\/collma.sk\/index.php\/wp-json\/wp\/v2\/media?parent=368"}],"curies":[{"name":"wp","href":"https:\/\/api.w.org\/{rel}","templated":true}]}}