{"id":370,"date":"2019-04-16T11:08:44","date_gmt":"2019-04-16T09:08:44","guid":{"rendered":"http:\/\/collma.profiweb.biz\/?page_id=370"},"modified":"2020-11-05T16:05:45","modified_gmt":"2020-11-05T15:05:45","slug":"pojiva-laky-plniva","status":"publish","type":"page","link":"https:\/\/collma.sk\/index.php\/printovy-program\/pojiva-laky-plniva\/","title":{"rendered":"Pojiv\u00e1, laky a lepidl\u00e1"},"content":{"rendered":"\n<div class=\"wp-block-image\"><figure class=\"alignright size-large is-resized\"><img loading=\"lazy\" decoding=\"async\" src=\"http:\/\/collma.profiweb.biz\/wp-content\/uploads\/2020\/11\/PRINT_03_pojiva2-2-1024x872.jpg\" alt=\"\" class=\"wp-image-8559\" width=\"166\" height=\"140\" srcset=\"https:\/\/collma.sk\/wp-content\/uploads\/2020\/11\/PRINT_03_pojiva2-2-1024x872.jpg 1024w, https:\/\/collma.sk\/wp-content\/uploads\/2020\/11\/PRINT_03_pojiva2-2-768x654.jpg 768w, https:\/\/collma.sk\/wp-content\/uploads\/2020\/11\/PRINT_03_pojiva2-2-1536x1308.jpg 1536w, https:\/\/collma.sk\/wp-content\/uploads\/2020\/11\/PRINT_03_pojiva2-2-2048x1744.jpg 2048w, https:\/\/collma.sk\/wp-content\/uploads\/2020\/11\/PRINT_03_pojiva2-2-350x298.jpg 350w\" sizes=\"(max-width: 166px) 100vw, 166px\" \/><\/figure><\/div>\n\n\n\n<p>Flexografick\u00e9 pojiv\u00e1, laky a lepidl\u00e1 COLLMEX s\u00fa komponovan\u00e9 na vodnej b\u00e1ze, s primeranou viskozitou zais\u0165uj\u00facou komfortn\u00e9 prev\u00e1dzkov\u00e9 vlastnosti a perfektn\u00fd fin\u00e1lny efekt potla\u010den\u00e9ho produktu. S\u00fa ur\u010den\u00e9 na strojov\u00e9 pou\u017eitie. Uplat\u0148uj\u00fa sa v podnikoch s v\u00fdrobou papiera a papierensk\u00fdch v\u00fdrobkov.<\/p>\n\n\n\n<p>\u0160peci\u00e1lnym odvetv\u00edm portf\u00f3lia COLLMA s\u00fa ekologick\u00e9 produkty COLLMEX Ecoprint, v ktor\u00fdch je minimalizovan\u00fd dopad na \u017eivotn\u00e9 prostredie. Tieto produkty s\u00fa komponovan\u00e9 na pr\u00edrodnej b\u00e1ze. Pr\u00edkladom s\u00fa lepidl\u00e1 pre papierov\u00e9 dutinky na zliepanie vn\u00fatorn\u00fdch vrstiev dutinkov\u00fdch p\u00e1sov, alebo lepidl\u00e1 pre zliepanie vrstiev tissue papiera.<\/p>\n\n\n\n<p>Flexografick\u00e9 pojiv\u00e1, laky a lepidl\u00e1 COLLMEX s\u00fa dostupn\u00e9 v \u0161k\u00e1le balen\u00ed od vedier, cez sudy a\u017e po IBC kontajnery tak, ako je najpraktickej\u0161ie pre zaradenie do konkr\u00e9tnej technol\u00f3gie klienta.<\/p>\n\n\n\n<p>V&nbsp;pr\u00edpade z\u00e1ujmu n\u00e1s nev\u00e1hajte kontaktova\u0165, n\u00e1\u0161 t\u00edm \u0161pecialistov pre V\u00e1s priprav\u00ed individu\u00e1lnu ponuku, \u0161it\u00fa priamo na mieru Va\u0161ej linky.<\/p>\n\n\n\n<div class=\"wp-block-buttons aligncenter is-layout-flex wp-block-buttons-is-layout-flex\">\n<div class=\"wp-block-button\"><a class=\"wp-block-button__link\" href=\"\/index.php\/kontakt\/\">kontaktujte n\u00e1s<\/a><\/div>\n<\/div>\n","protected":false},"excerpt":{"rendered":"<p>Flexografick\u00e9 pojiv\u00e1, laky a lepidl\u00e1 COLLMEX s\u00fa komponovan\u00e9 na vodnej b\u00e1ze, s primeranou viskozitou zais\u0165uj\u00facou komfortn\u00e9 prev\u00e1dzkov\u00e9 vlastnosti a perfektn\u00fd fin\u00e1lny efekt potla\u010den\u00e9ho produktu. S\u00fa ur\u010den\u00e9 na strojov\u00e9 pou\u017eitie. Uplat\u0148uj\u00fa sa v podnikoch s v\u00fdrobou papiera a papierensk\u00fdch v\u00fdrobkov. \u0160peci\u00e1lnym odvetv\u00edm portf\u00f3lia COLLMA s\u00fa ekologick\u00e9 produkty COLLMEX Ecoprint, v ktor\u00fdch je minimalizovan\u00fd dopad na \u017eivotn\u00e9 &hellip; <\/p>\n<p class=\"link-more\"><a href=\"https:\/\/collma.sk\/index.php\/printovy-program\/pojiva-laky-plniva\/\" class=\"more-link\">Pokra\u010dova\u0165 v \u010d\u00edtan\u00ed<span class=\"screen-reader-text\"> &#8222;Pojiv\u00e1, laky a lepidl\u00e1&#8220;<\/span><\/a><\/p>\n","protected":false},"author":1,"featured_media":0,"parent":119,"menu_order":0,"comment_status":"closed","ping_status":"closed","template":"","meta":{"ngg_post_thumbnail":0,"footnotes":""},"_links":{"self":[{"href":"https:\/\/collma.sk\/index.php\/wp-json\/wp\/v2\/pages\/370"}],"collection":[{"href":"https:\/\/collma.sk\/index.php\/wp-json\/wp\/v2\/pages"}],"about":[{"href":"https:\/\/collma.sk\/index.php\/wp-json\/wp\/v2\/types\/page"}],"author":[{"embeddable":true,"href":"https:\/\/collma.sk\/index.php\/wp-json\/wp\/v2\/users\/1"}],"replies":[{"embeddable":true,"href":"https:\/\/collma.sk\/index.php\/wp-json\/wp\/v2\/comments?post=370"}],"version-history":[{"count":12,"href":"https:\/\/collma.sk\/index.php\/wp-json\/wp\/v2\/pages\/370\/revisions"}],"predecessor-version":[{"id":8708,"href":"https:\/\/collma.sk\/index.php\/wp-json\/wp\/v2\/pages\/370\/revisions\/8708"}],"up":[{"embeddable":true,"href":"https:\/\/collma.sk\/index.php\/wp-json\/wp\/v2\/pages\/119"}],"wp:attachment":[{"href":"https:\/\/collma.sk\/index.php\/wp-json\/wp\/v2\/media?parent=370"}],"curies":[{"name":"wp","href":"https:\/\/api.w.org\/{rel}","templated":true}]}}