{"id":375,"date":"2019-04-16T11:13:07","date_gmt":"2019-04-16T09:13:07","guid":{"rendered":"http:\/\/collma.profiweb.biz\/?page_id=375"},"modified":"2020-11-06T16:47:10","modified_gmt":"2020-11-06T15:47:10","slug":"miesanie-odtienov","status":"publish","type":"page","link":"https:\/\/collma.sk\/index.php\/printovy-program\/miesanie-odtienov\/","title":{"rendered":"Mie\u0161anie odtie\u0148ov"},"content":{"rendered":"\n<div class=\"wp-block-image\"><figure class=\"alignright size-large is-resized\"><img loading=\"lazy\" decoding=\"async\" src=\"http:\/\/collma.profiweb.biz\/wp-content\/uploads\/2020\/11\/IMG_4339-v3-1024x655.jpg\" alt=\"\" class=\"wp-image-8567\" width=\"268\" height=\"167\"\/><\/figure><\/div>\n\n\n\n<ul id=\"block-29596baf-28a4-496b-9119-e95d3313eae3\"><li>mie\u0161anie odtie\u0148ov pod\u013ea palety farieb PANTONE, RAL alebo HKS<\/li><li>spektrofotometrick\u00e1 kontrola namie\u0161an\u00fdch odtie\u0148ov<\/li><li>simul\u00e1cia n\u00e1nosu farby s hr\u00fabkou vrstvy ekvivalentnou tla\u010dov\u00e9mu stroju<\/li><li>aj \u0161peci\u00e1lne odtiene (napr. metalick\u00e9, pastelov\u00e9)<\/li><\/ul>\n\n\n\n<p>V&nbsp;pr\u00edpade z\u00e1ujmu n\u00e1s nev\u00e1hajte kontaktova\u0165, n\u00e1\u0161 t\u00edm \u0161pecialistov pre V\u00e1s priprav\u00ed individu\u00e1lnu ponuku, \u0161it\u00fa priamo na mieru Va\u0161ej linky.<\/p>\n\n\n\n<div class=\"wp-block-buttons aligncenter is-layout-flex wp-block-buttons-is-layout-flex\">\n<div class=\"wp-block-button\"><a class=\"wp-block-button__link\" href=\"\/index.php\/kontakt\/\">kontaktujte n\u00e1s<\/a><\/div>\n<\/div>\n","protected":false},"excerpt":{"rendered":"<p>mie\u0161anie odtie\u0148ov pod\u013ea palety farieb PANTONE, RAL alebo HKS spektrofotometrick\u00e1 kontrola namie\u0161an\u00fdch odtie\u0148ov simul\u00e1cia n\u00e1nosu farby s hr\u00fabkou vrstvy ekvivalentnou tla\u010dov\u00e9mu stroju aj \u0161peci\u00e1lne odtiene (napr. metalick\u00e9, pastelov\u00e9)<\/p>\n","protected":false},"author":1,"featured_media":0,"parent":119,"menu_order":0,"comment_status":"closed","ping_status":"closed","template":"","meta":{"ngg_post_thumbnail":0,"footnotes":""},"_links":{"self":[{"href":"https:\/\/collma.sk\/index.php\/wp-json\/wp\/v2\/pages\/375"}],"collection":[{"href":"https:\/\/collma.sk\/index.php\/wp-json\/wp\/v2\/pages"}],"about":[{"href":"https:\/\/collma.sk\/index.php\/wp-json\/wp\/v2\/types\/page"}],"author":[{"embeddable":true,"href":"https:\/\/collma.sk\/index.php\/wp-json\/wp\/v2\/users\/1"}],"replies":[{"embeddable":true,"href":"https:\/\/collma.sk\/index.php\/wp-json\/wp\/v2\/comments?post=375"}],"version-history":[{"count":13,"href":"https:\/\/collma.sk\/index.php\/wp-json\/wp\/v2\/pages\/375\/revisions"}],"predecessor-version":[{"id":8788,"href":"https:\/\/collma.sk\/index.php\/wp-json\/wp\/v2\/pages\/375\/revisions\/8788"}],"up":[{"embeddable":true,"href":"https:\/\/collma.sk\/index.php\/wp-json\/wp\/v2\/pages\/119"}],"wp:attachment":[{"href":"https:\/\/collma.sk\/index.php\/wp-json\/wp\/v2\/media?parent=375"}],"curies":[{"name":"wp","href":"https:\/\/api.w.org\/{rel}","templated":true}]}}