{"id":378,"date":"2019-04-16T11:13:32","date_gmt":"2019-04-16T09:13:32","guid":{"rendered":"http:\/\/collma.profiweb.biz\/?page_id=378"},"modified":"2020-11-05T15:48:32","modified_gmt":"2020-11-05T14:48:32","slug":"vyroba-farieb-na-mieru","status":"publish","type":"page","link":"https:\/\/collma.sk\/index.php\/printovy-program\/vyroba-farieb-na-mieru\/","title":{"rendered":"V\u00fdroba farieb na mieru"},"content":{"rendered":"\n<div class=\"wp-block-image\"><figure class=\"alignright size-large is-resized\"><img loading=\"lazy\" decoding=\"async\" src=\"http:\/\/collma.profiweb.biz\/wp-content\/uploads\/2019\/03\/PRINT_06_v\u00fdroba_na_mieru-1024x683.jpg\" alt=\"\" class=\"wp-image-191\" width=\"271\" height=\"179\"\/><\/figure><\/div>\n\n\n\n<ul id=\"block-636da589-d6a9-4fb0-b6d2-105a8efe4403\"><li>individu\u00e1lne nastavenie fyzik\u00e1lno-chemick\u00fdch parametrov tla\u010dov\u00fdch farieb pod\u013ea konkr\u00e9tnych po\u017eiadaviek z\u00e1kazn\u00edka<\/li><li>prisp\u00f4sobenie farieb tla\u010dov\u00e9mu stroju<\/li><li>simul\u00e1cia n\u00e1nosu farby s hr\u00fabkou vrstvy ekvivalentnou tla\u010dov\u00e9mu stroju<\/li><li>mie\u0161anie odtie\u0148ov pod\u013ea v\u00fdberu z\u00e1kazn\u00edka<\/li><\/ul>\n\n\n\n<p>V&nbsp;pr\u00edpade z\u00e1ujmu n\u00e1s nev\u00e1hajte kontaktova\u0165, n\u00e1\u0161 t\u00edm \u0161pecialistov pre V\u00e1s priprav\u00ed individu\u00e1lnu ponuku, \u0161it\u00fa priamo na mieru Va\u0161ej linky.<\/p>\n\n\n\n<div class=\"wp-block-buttons aligncenter is-layout-flex wp-block-buttons-is-layout-flex\">\n<div class=\"wp-block-button\"><a class=\"wp-block-button__link\" href=\"\/index.php\/kontakt\/\">kontaktujte n\u00e1s<\/a><\/div>\n<\/div>\n","protected":false},"excerpt":{"rendered":"<p>individu\u00e1lne nastavenie fyzik\u00e1lno-chemick\u00fdch parametrov tla\u010dov\u00fdch farieb pod\u013ea konkr\u00e9tnych po\u017eiadaviek z\u00e1kazn\u00edka prisp\u00f4sobenie farieb tla\u010dov\u00e9mu stroju simul\u00e1cia n\u00e1nosu farby s hr\u00fabkou vrstvy ekvivalentnou tla\u010dov\u00e9mu stroju mie\u0161anie odtie\u0148ov pod\u013ea v\u00fdberu z\u00e1kazn\u00edka<\/p>\n","protected":false},"author":1,"featured_media":0,"parent":119,"menu_order":0,"comment_status":"closed","ping_status":"closed","template":"","meta":{"ngg_post_thumbnail":0,"footnotes":""},"_links":{"self":[{"href":"https:\/\/collma.sk\/index.php\/wp-json\/wp\/v2\/pages\/378"}],"collection":[{"href":"https:\/\/collma.sk\/index.php\/wp-json\/wp\/v2\/pages"}],"about":[{"href":"https:\/\/collma.sk\/index.php\/wp-json\/wp\/v2\/types\/page"}],"author":[{"embeddable":true,"href":"https:\/\/collma.sk\/index.php\/wp-json\/wp\/v2\/users\/1"}],"replies":[{"embeddable":true,"href":"https:\/\/collma.sk\/index.php\/wp-json\/wp\/v2\/comments?post=378"}],"version-history":[{"count":8,"href":"https:\/\/collma.sk\/index.php\/wp-json\/wp\/v2\/pages\/378\/revisions"}],"predecessor-version":[{"id":8707,"href":"https:\/\/collma.sk\/index.php\/wp-json\/wp\/v2\/pages\/378\/revisions\/8707"}],"up":[{"embeddable":true,"href":"https:\/\/collma.sk\/index.php\/wp-json\/wp\/v2\/pages\/119"}],"wp:attachment":[{"href":"https:\/\/collma.sk\/index.php\/wp-json\/wp\/v2\/media?parent=378"}],"curies":[{"name":"wp","href":"https:\/\/api.w.org\/{rel}","templated":true}]}}