{"id":419,"date":"2019-04-17T01:07:46","date_gmt":"2019-04-16T23:07:46","guid":{"rendered":"http:\/\/collma.profiweb.biz\/?page_id=419"},"modified":"2020-11-05T12:52:11","modified_gmt":"2020-11-05T11:52:11","slug":"standard-labeling-adhesives-for-glass-surfaces-and-cans","status":"publish","type":"page","link":"https:\/\/collma.sk\/index.php\/en\/labeling-adhesives\/standard-labeling-adhesives-for-glass-surfaces-and-cans\/","title":{"rendered":"Standard labeling adhesives for glass surfaces and cans"},"content":{"rendered":"\n<div class=\"wp-block-image\"><figure class=\"alignright size-large is-resized\"><img loading=\"lazy\" decoding=\"async\" src=\"http:\/\/collma.profiweb.biz\/wp-content\/uploads\/2020\/11\/IMG_4661a-1024x826.jpg\" alt=\"\" class=\"wp-image-8530\" width=\"191\" height=\"153\" srcset=\"https:\/\/collma.sk\/wp-content\/uploads\/2020\/11\/IMG_4661a-1024x826.jpg 1024w, https:\/\/collma.sk\/wp-content\/uploads\/2020\/11\/IMG_4661a-300x242.jpg 300w, https:\/\/collma.sk\/wp-content\/uploads\/2020\/11\/IMG_4661a-768x620.jpg 768w, https:\/\/collma.sk\/wp-content\/uploads\/2020\/11\/IMG_4661a-1536x1240.jpg 1536w, https:\/\/collma.sk\/wp-content\/uploads\/2020\/11\/IMG_4661a-2048x1653.jpg 2048w, https:\/\/collma.sk\/wp-content\/uploads\/2020\/11\/IMG_4661a-350x282.jpg 350w\" sizes=\"(max-width: 191px) 100vw, 191px\" \/><\/figure><\/div>\n\n\n\n<p>COLLMEX standard labeling adhesives are designed to achieve high quality final label packaging design at a reasonable price. The benefit is a number of positive properties associated with comfort during application and the final result.<\/p>\n\n\n\n<p>Adhesives are casein, synthetic or hybrid based. They are suitable for paper labels, metallized paper, aluminum foil and peel-off labels. The returnable washability of returnable bottles is a matter of course.<\/p>\n\n\n\n<p>Here, too, we have solved specials for you, which are represented, for example, by a capacityless glue. Its key advantage is that it forms a translucent coating after drying and is not visible on the bottle.<\/p>\n\n\n\n<p>If you are interested in specials or &#8222;tailor-made glue&#8220;, please do not hesitate to contact us.<\/p>\n\n\n\n<div class=\"wp-block-buttons aligncenter is-layout-flex wp-block-buttons-is-layout-flex\">\n<div class=\"wp-block-button\"><a class=\"wp-block-button__link\" href=\"\/index.php\/en\/contact\/\">contact us <\/a><\/div>\n<\/div>\n","protected":false},"excerpt":{"rendered":"<p>COLLMEX standard labeling adhesives are designed to achieve high quality final label packaging design at a reasonable price. The benefit is a number of positive properties associated with comfort during application and the final result. Adhesives are casein, synthetic or hybrid based. They are suitable for paper labels, metallized paper, aluminum foil and peel-off labels. &hellip; <\/p>\n<p class=\"link-more\"><a href=\"https:\/\/collma.sk\/index.php\/en\/labeling-adhesives\/standard-labeling-adhesives-for-glass-surfaces-and-cans\/\" class=\"more-link\">Pokra\u010dova\u0165 v \u010d\u00edtan\u00ed<span class=\"screen-reader-text\"> &#8222;Standard labeling adhesives for glass surfaces and cans&#8220;<\/span><\/a><\/p>\n","protected":false},"author":1,"featured_media":0,"parent":130,"menu_order":0,"comment_status":"closed","ping_status":"closed","template":"","meta":{"ngg_post_thumbnail":0,"footnotes":""},"_links":{"self":[{"href":"https:\/\/collma.sk\/index.php\/wp-json\/wp\/v2\/pages\/419"}],"collection":[{"href":"https:\/\/collma.sk\/index.php\/wp-json\/wp\/v2\/pages"}],"about":[{"href":"https:\/\/collma.sk\/index.php\/wp-json\/wp\/v2\/types\/page"}],"author":[{"embeddable":true,"href":"https:\/\/collma.sk\/index.php\/wp-json\/wp\/v2\/users\/1"}],"replies":[{"embeddable":true,"href":"https:\/\/collma.sk\/index.php\/wp-json\/wp\/v2\/comments?post=419"}],"version-history":[{"count":4,"href":"https:\/\/collma.sk\/index.php\/wp-json\/wp\/v2\/pages\/419\/revisions"}],"predecessor-version":[{"id":8636,"href":"https:\/\/collma.sk\/index.php\/wp-json\/wp\/v2\/pages\/419\/revisions\/8636"}],"up":[{"embeddable":true,"href":"https:\/\/collma.sk\/index.php\/wp-json\/wp\/v2\/pages\/130"}],"wp:attachment":[{"href":"https:\/\/collma.sk\/index.php\/wp-json\/wp\/v2\/media?parent=419"}],"curies":[{"name":"wp","href":"https:\/\/api.w.org\/{rel}","templated":true}]}}