{"id":423,"date":"2019-04-17T01:09:03","date_gmt":"2019-04-16T23:09:03","guid":{"rendered":"http:\/\/collma.profiweb.biz\/?page_id=423"},"modified":"2020-11-05T12:52:16","modified_gmt":"2020-11-05T11:52:16","slug":"labeling-adhesives-with-resistance-to-condensed-water","status":"publish","type":"page","link":"https:\/\/collma.sk\/index.php\/en\/labeling-adhesives\/labeling-adhesives-with-resistance-to-condensed-water\/","title":{"rendered":"Labeling adhesives with resistance to condensed water"},"content":{"rendered":"\n<div class=\"wp-block-image\"><figure class=\"alignright size-large is-resized\"><img loading=\"lazy\" decoding=\"async\" src=\"http:\/\/collma.profiweb.biz\/wp-content\/uploads\/2020\/11\/CWR2-1024x559.jpg\" alt=\"\" class=\"wp-image-8542\" width=\"180\" height=\"98\" srcset=\"https:\/\/collma.sk\/wp-content\/uploads\/2020\/11\/CWR2-1024x559.jpg 1024w, https:\/\/collma.sk\/wp-content\/uploads\/2020\/11\/CWR2-300x164.jpg 300w, https:\/\/collma.sk\/wp-content\/uploads\/2020\/11\/CWR2-768x419.jpg 768w, https:\/\/collma.sk\/wp-content\/uploads\/2020\/11\/CWR2-1536x838.jpg 1536w, https:\/\/collma.sk\/wp-content\/uploads\/2020\/11\/CWR2-2048x1117.jpg 2048w, https:\/\/collma.sk\/wp-content\/uploads\/2020\/11\/CWR2-350x191.jpg 350w\" sizes=\"(max-width: 180px) 100vw, 180px\" \/><\/figure><\/div>\n\n\n\n<p>COLLMEX CWR labeling adhesives are among the leading products of their kind on the European market and are characterized by very high resistance to condensed water. They are used on lines where the flash pasteurizer is arranged and the bottles enter cold and wet labeling.<\/p>\n\n\n\n<p>Did you encounter dropped bottle labels? The difficulty of today&#8217;s climatic conditions is the extreme fluctuations in temperature and humidity, which are an increasingly common phenomenon, especially in the summer months. The solution is an adhesive that ensures adhesion even on a wet, dewy bottle.<\/p>\n\n\n\n<p>Thanks to the COLLWETTM condensing device, we can simulate even the most demanding conditions that actually occur on labeling lines, in warehouses and in practice, and adapt the adhesive accordingly. The washability of returnable bottles is a matter of course.<\/p>\n\n\n\n<p>If you are interested in specials or &#8222;tailor-made glue&#8220;, please do not hesitate to contact us.<\/p>\n\n\n\n<div class=\"wp-block-buttons aligncenter is-layout-flex wp-block-buttons-is-layout-flex\">\n<div class=\"wp-block-button\"><a class=\"wp-block-button__link\" href=\"\/index.php\/en\/contact\/\">contact us <\/a><\/div>\n<\/div>\n","protected":false},"excerpt":{"rendered":"<p>COLLMEX CWR labeling adhesives are among the leading products of their kind on the European market and are characterized by very high resistance to condensed water. They are used on lines where the flash pasteurizer is arranged and the bottles enter cold and wet labeling. Did you encounter dropped bottle labels? The difficulty of today&#8217;s &hellip; <\/p>\n<p class=\"link-more\"><a href=\"https:\/\/collma.sk\/index.php\/en\/labeling-adhesives\/labeling-adhesives-with-resistance-to-condensed-water\/\" class=\"more-link\">Pokra\u010dova\u0165 v \u010d\u00edtan\u00ed<span class=\"screen-reader-text\"> &#8222;Labeling adhesives with resistance to condensed water&#8220;<\/span><\/a><\/p>\n","protected":false},"author":1,"featured_media":0,"parent":130,"menu_order":0,"comment_status":"closed","ping_status":"closed","template":"","meta":{"ngg_post_thumbnail":0,"footnotes":""},"_links":{"self":[{"href":"https:\/\/collma.sk\/index.php\/wp-json\/wp\/v2\/pages\/423"}],"collection":[{"href":"https:\/\/collma.sk\/index.php\/wp-json\/wp\/v2\/pages"}],"about":[{"href":"https:\/\/collma.sk\/index.php\/wp-json\/wp\/v2\/types\/page"}],"author":[{"embeddable":true,"href":"https:\/\/collma.sk\/index.php\/wp-json\/wp\/v2\/users\/1"}],"replies":[{"embeddable":true,"href":"https:\/\/collma.sk\/index.php\/wp-json\/wp\/v2\/comments?post=423"}],"version-history":[{"count":6,"href":"https:\/\/collma.sk\/index.php\/wp-json\/wp\/v2\/pages\/423\/revisions"}],"predecessor-version":[{"id":8638,"href":"https:\/\/collma.sk\/index.php\/wp-json\/wp\/v2\/pages\/423\/revisions\/8638"}],"up":[{"embeddable":true,"href":"https:\/\/collma.sk\/index.php\/wp-json\/wp\/v2\/pages\/130"}],"wp:attachment":[{"href":"https:\/\/collma.sk\/index.php\/wp-json\/wp\/v2\/media?parent=423"}],"curies":[{"name":"wp","href":"https:\/\/api.w.org\/{rel}","templated":true}]}}