{"id":425,"date":"2019-04-17T01:09:46","date_gmt":"2019-04-16T23:09:46","guid":{"rendered":"http:\/\/collma.profiweb.biz\/?page_id=425"},"modified":"2020-11-05T12:54:41","modified_gmt":"2020-11-05T11:54:41","slug":"iwr-labeling-adhesives-with-resistance-to-ice-water","status":"publish","type":"page","link":"https:\/\/collma.sk\/index.php\/en\/labeling-adhesives\/iwr-labeling-adhesives-with-resistance-to-ice-water\/","title":{"rendered":"IWR labeling adhesives with resistance to ice water"},"content":{"rendered":"\n<div class=\"wp-block-image\"><figure class=\"alignright size-large is-resized\"><img loading=\"lazy\" decoding=\"async\" src=\"http:\/\/collma.profiweb.biz\/wp-content\/uploads\/2020\/11\/beer-in-ice-1.jpg\" alt=\"\" class=\"wp-image-8495\" width=\"200\" height=\"136\" srcset=\"https:\/\/collma.sk\/wp-content\/uploads\/2020\/11\/beer-in-ice-1.jpg 1000w, https:\/\/collma.sk\/wp-content\/uploads\/2020\/11\/beer-in-ice-1-300x203.jpg 300w, https:\/\/collma.sk\/wp-content\/uploads\/2020\/11\/beer-in-ice-1-768x521.jpg 768w, https:\/\/collma.sk\/wp-content\/uploads\/2020\/11\/beer-in-ice-1-350x237.jpg 350w\" sizes=\"(max-width: 200px) 100vw, 200px\" \/><\/figure><\/div>\n\n\n\n<p>The demand for IWR adhesives in breweries is growing. These adhesives are mainly used in export batches where consumer conditions need to be taken into account. In some countries, it is a trend for drinks to be served in ice buckets. Even in this case, the label must be held on the bottle in such a way as to maintain the targeted impression of the product design.<\/p>\n\n\n\n<p>The principle of IWR adhesives is also used in chains where bottles are displayed in cooling boxes. These tend to switch off outside operating hours. Thus, the bottle must last several cycles without the label falling off.<\/p>\n\n\n\n<p>The advantage of IWR COLLMEX adhesives is trouble-free washing under standard conditions in returnable bottle washers. Both casein and synthetic variants are available.<\/p>\n\n\n\n<p> <\/p>\n\n\n\n<p>If you are interested in specials or &#8222;tailor-made glue&#8220;, please do not hesitate to contact us.<\/p>\n\n\n\n<div class=\"wp-block-buttons aligncenter is-layout-flex wp-block-buttons-is-layout-flex\">\n<div class=\"wp-block-button\"><a class=\"wp-block-button__link\" href=\"\/index.php\/en\/contact\/\">contact us <\/a><\/div>\n<\/div>\n","protected":false},"excerpt":{"rendered":"<p>The demand for IWR adhesives in breweries is growing. These adhesives are mainly used in export batches where consumer conditions need to be taken into account. In some countries, it is a trend for drinks to be served in ice buckets. Even in this case, the label must be held on the bottle in such &hellip; <\/p>\n<p class=\"link-more\"><a href=\"https:\/\/collma.sk\/index.php\/en\/labeling-adhesives\/iwr-labeling-adhesives-with-resistance-to-ice-water\/\" class=\"more-link\">Pokra\u010dova\u0165 v \u010d\u00edtan\u00ed<span class=\"screen-reader-text\"> &#8222;IWR labeling adhesives with resistance to ice water&#8220;<\/span><\/a><\/p>\n","protected":false},"author":1,"featured_media":0,"parent":130,"menu_order":0,"comment_status":"closed","ping_status":"closed","template":"","meta":{"ngg_post_thumbnail":0,"footnotes":""},"_links":{"self":[{"href":"https:\/\/collma.sk\/index.php\/wp-json\/wp\/v2\/pages\/425"}],"collection":[{"href":"https:\/\/collma.sk\/index.php\/wp-json\/wp\/v2\/pages"}],"about":[{"href":"https:\/\/collma.sk\/index.php\/wp-json\/wp\/v2\/types\/page"}],"author":[{"embeddable":true,"href":"https:\/\/collma.sk\/index.php\/wp-json\/wp\/v2\/users\/1"}],"replies":[{"embeddable":true,"href":"https:\/\/collma.sk\/index.php\/wp-json\/wp\/v2\/comments?post=425"}],"version-history":[{"count":6,"href":"https:\/\/collma.sk\/index.php\/wp-json\/wp\/v2\/pages\/425\/revisions"}],"predecessor-version":[{"id":8643,"href":"https:\/\/collma.sk\/index.php\/wp-json\/wp\/v2\/pages\/425\/revisions\/8643"}],"up":[{"embeddable":true,"href":"https:\/\/collma.sk\/index.php\/wp-json\/wp\/v2\/pages\/130"}],"wp:attachment":[{"href":"https:\/\/collma.sk\/index.php\/wp-json\/wp\/v2\/media?parent=425"}],"curies":[{"name":"wp","href":"https:\/\/api.w.org\/{rel}","templated":true}]}}