{"id":446,"date":"2019-04-17T01:25:31","date_gmt":"2019-04-16T23:25:31","guid":{"rendered":"http:\/\/collma.profiweb.biz\/?page_id=446"},"modified":"2021-01-29T10:47:42","modified_gmt":"2021-01-29T09:47:42","slug":"binders-lacquers-fillers","status":"publish","type":"page","link":"https:\/\/collma.sk\/index.php\/en\/print-program\/binders-lacquers-fillers\/","title":{"rendered":"Binders, lacquers, adhesives"},"content":{"rendered":"\n<div class=\"wp-block-image\"><figure class=\"alignright size-large is-resized\"><img loading=\"lazy\" decoding=\"async\" src=\"http:\/\/collma.profiweb.biz\/wp-content\/uploads\/2020\/11\/PRINT_03_pojiva\u0301-768x1024-1.jpg\" alt=\"\" class=\"wp-image-8468\" width=\"191\" height=\"254\" srcset=\"https:\/\/collma.sk\/wp-content\/uploads\/2020\/11\/PRINT_03_pojiva\u0301-768x1024-1.jpg 768w, https:\/\/collma.sk\/wp-content\/uploads\/2020\/11\/PRINT_03_pojiva\u0301-768x1024-1-225x300.jpg 225w, https:\/\/collma.sk\/wp-content\/uploads\/2020\/11\/PRINT_03_pojiva\u0301-768x1024-1-350x467.jpg 350w\" sizes=\"(max-width: 191px) 100vw, 191px\" \/><\/figure><\/div>\n\n\n\n<p>COLLMEX flexographic binders, varnishes and adhesives are water-based, with a suitable viscosity ensuring comfortable operating properties and a perfect final effect of the printed product. They are designed for machine use. They are used in enterprises with the production of paper and paper products.<\/p>\n\n\n\n<p>A special sector of the COLLMA portfolio is ecologic products COLLMEX Ecoprint in which the impact on the environment is minimized. These products are composed on a natural basis. Examples are adhesives for paper tubes for gluing the inner layers of hollow strips, or adhesives for gluing layers of tissue paper.<\/p>\n\n\n\n<p>COLLMEX flexographic binders, varnishes and adhesives are available in a range of packaging from buckets, barrels to IBC containers, as is most practical for inclusion in a specific client&#8217;s technology.<\/p>\n\n\n\n<p>If you are interested in specials or &#8222;tailor-made glue&#8220;, please do not hesitate to contact us.<\/p>\n\n\n\n<div class=\"wp-block-buttons aligncenter is-layout-flex wp-block-buttons-is-layout-flex\">\n<div class=\"wp-block-button\"><a class=\"wp-block-button__link\" href=\"\/index.php\/en\/contact\/\">contact us <\/a><\/div>\n<\/div>\n","protected":false},"excerpt":{"rendered":"<p>COLLMEX flexographic binders, varnishes and adhesives are water-based, with a suitable viscosity ensuring comfortable operating properties and a perfect final effect of the printed product. They are designed for machine use. They are used in enterprises with the production of paper and paper products. A special sector of the COLLMA portfolio is ecologic products COLLMEX &hellip; <\/p>\n<p class=\"link-more\"><a href=\"https:\/\/collma.sk\/index.php\/en\/print-program\/binders-lacquers-fillers\/\" class=\"more-link\">Pokra\u010dova\u0165 v \u010d\u00edtan\u00ed<span class=\"screen-reader-text\"> &#8222;Binders, lacquers, adhesives&#8220;<\/span><\/a><\/p>\n","protected":false},"author":1,"featured_media":0,"parent":124,"menu_order":0,"comment_status":"closed","ping_status":"closed","template":"","meta":{"ngg_post_thumbnail":0,"footnotes":""},"_links":{"self":[{"href":"https:\/\/collma.sk\/index.php\/wp-json\/wp\/v2\/pages\/446"}],"collection":[{"href":"https:\/\/collma.sk\/index.php\/wp-json\/wp\/v2\/pages"}],"about":[{"href":"https:\/\/collma.sk\/index.php\/wp-json\/wp\/v2\/types\/page"}],"author":[{"embeddable":true,"href":"https:\/\/collma.sk\/index.php\/wp-json\/wp\/v2\/users\/1"}],"replies":[{"embeddable":true,"href":"https:\/\/collma.sk\/index.php\/wp-json\/wp\/v2\/comments?post=446"}],"version-history":[{"count":4,"href":"https:\/\/collma.sk\/index.php\/wp-json\/wp\/v2\/pages\/446\/revisions"}],"predecessor-version":[{"id":9083,"href":"https:\/\/collma.sk\/index.php\/wp-json\/wp\/v2\/pages\/446\/revisions\/9083"}],"up":[{"embeddable":true,"href":"https:\/\/collma.sk\/index.php\/wp-json\/wp\/v2\/pages\/124"}],"wp:attachment":[{"href":"https:\/\/collma.sk\/index.php\/wp-json\/wp\/v2\/media?parent=446"}],"curies":[{"name":"wp","href":"https:\/\/api.w.org\/{rel}","templated":true}]}}