{"id":463,"date":"2019-04-17T01:44:40","date_gmt":"2019-04-16T23:44:40","guid":{"rendered":"http:\/\/collma.profiweb.biz\/?page_id=463"},"modified":"2020-11-06T10:46:01","modified_gmt":"2020-11-06T09:46:01","slug":"mieszanie-kolorow","status":"publish","type":"page","link":"https:\/\/collma.sk\/index.php\/pl\/program-do-drukowania\/mieszanie-kolorow\/","title":{"rendered":"Mieszanie kolor\u00f3w"},"content":{"rendered":"\n<div class=\"wp-block-image\"><figure class=\"alignright size-large is-resized\"><img loading=\"lazy\" decoding=\"async\" src=\"http:\/\/collma.profiweb.biz\/wp-content\/uploads\/2020\/11\/IMG_4339-1-2-1024x683.jpg\" alt=\"\" class=\"wp-image-8482\" width=\"196\" height=\"130\" srcset=\"https:\/\/collma.sk\/wp-content\/uploads\/2020\/11\/IMG_4339-1-2-1024x683.jpg 1024w, https:\/\/collma.sk\/wp-content\/uploads\/2020\/11\/IMG_4339-1-2-300x200.jpg 300w, https:\/\/collma.sk\/wp-content\/uploads\/2020\/11\/IMG_4339-1-2-768x512.jpg 768w, https:\/\/collma.sk\/wp-content\/uploads\/2020\/11\/IMG_4339-1-2-1536x1024.jpg 1536w, https:\/\/collma.sk\/wp-content\/uploads\/2020\/11\/IMG_4339-1-2-350x233.jpg 350w, https:\/\/collma.sk\/wp-content\/uploads\/2020\/11\/IMG_4339-1-2.jpg 1800w\" sizes=\"(max-width: 196px) 100vw, 196px\" \/><\/figure><\/div>\n\n\n\n<ul><li>mieszanie odcieni wed\u0142ug palety kolor\u00f3w PANTONE, RAL lub HKS<\/li><li>kontrola spektrofotometryczna odcieni mieszanych<\/li><li>symulacja nak\u0142adania farby o grubo\u015bci odpowiadaj\u0105cej maszynie drukarskiej <\/li><li>w razie zainteresowania tak\u017ce specjalne odcienie (np. metaliczne, pastelowe)<\/li><\/ul>\n\n\n\n<p><br><\/p>\n\n\n\n<p>Aby uzyska\u0107 wi\u0119cej informacji, skontaktuj si\u0119 z nami.<\/p>\n\n\n\n<div class=\"wp-block-buttons aligncenter is-layout-flex wp-block-buttons-is-layout-flex\">\n<div class=\"wp-block-button\"><a class=\"wp-block-button__link\" href=\"\/index.php\/pl\/skontaktuj\/\">skontaktuj si\u0119<\/a><\/div>\n<\/div>\n","protected":false},"excerpt":{"rendered":"<p>mieszanie odcieni wed\u0142ug palety kolor\u00f3w PANTONE, RAL lub HKS kontrola spektrofotometryczna odcieni mieszanych symulacja nak\u0142adania farby o grubo\u015bci odpowiadaj\u0105cej maszynie drukarskiej w razie zainteresowania tak\u017ce specjalne odcienie (np. metaliczne, pastelowe)<\/p>\n","protected":false},"author":1,"featured_media":0,"parent":110,"menu_order":0,"comment_status":"closed","ping_status":"closed","template":"","meta":{"ngg_post_thumbnail":0,"footnotes":""},"_links":{"self":[{"href":"https:\/\/collma.sk\/index.php\/wp-json\/wp\/v2\/pages\/463"}],"collection":[{"href":"https:\/\/collma.sk\/index.php\/wp-json\/wp\/v2\/pages"}],"about":[{"href":"https:\/\/collma.sk\/index.php\/wp-json\/wp\/v2\/types\/page"}],"author":[{"embeddable":true,"href":"https:\/\/collma.sk\/index.php\/wp-json\/wp\/v2\/users\/1"}],"replies":[{"embeddable":true,"href":"https:\/\/collma.sk\/index.php\/wp-json\/wp\/v2\/comments?post=463"}],"version-history":[{"count":4,"href":"https:\/\/collma.sk\/index.php\/wp-json\/wp\/v2\/pages\/463\/revisions"}],"predecessor-version":[{"id":8671,"href":"https:\/\/collma.sk\/index.php\/wp-json\/wp\/v2\/pages\/463\/revisions\/8671"}],"up":[{"embeddable":true,"href":"https:\/\/collma.sk\/index.php\/wp-json\/wp\/v2\/pages\/110"}],"wp:attachment":[{"href":"https:\/\/collma.sk\/index.php\/wp-json\/wp\/v2\/media?parent=463"}],"curies":[{"name":"wp","href":"https:\/\/api.w.org\/{rel}","templated":true}]}}