{"id":465,"date":"2019-04-17T01:45:06","date_gmt":"2019-04-16T23:45:06","guid":{"rendered":"http:\/\/collma.profiweb.biz\/?page_id=465"},"modified":"2020-11-05T13:11:12","modified_gmt":"2020-11-05T12:11:12","slug":"komplementarne-chemikalia-i-dodatki","status":"publish","type":"page","link":"https:\/\/collma.sk\/index.php\/pl\/program-do-drukowania\/komplementarne-chemikalia-i-dodatki\/","title":{"rendered":"Komplementarne chemikalia i dodatki"},"content":{"rendered":"\n<div class=\"wp-block-image\"><figure class=\"alignright size-large is-resized\"><img loading=\"lazy\" decoding=\"async\" src=\"http:\/\/collma.profiweb.biz\/wp-content\/uploads\/2020\/11\/PRINT_04_aditiva-1024x768-2.jpg\" alt=\"\" class=\"wp-image-8476\" width=\"211\" height=\"157\" srcset=\"https:\/\/collma.sk\/wp-content\/uploads\/2020\/11\/PRINT_04_aditiva-1024x768-2.jpg 1024w, https:\/\/collma.sk\/wp-content\/uploads\/2020\/11\/PRINT_04_aditiva-1024x768-2-300x225.jpg 300w, https:\/\/collma.sk\/wp-content\/uploads\/2020\/11\/PRINT_04_aditiva-1024x768-2-768x576.jpg 768w\" sizes=\"(max-width: 211px) 100vw, 211px\" \/><\/figure><\/div>\n\n\n\n<p>Uzupe\u0142niaj\u0105ce chemikalia i dodatki specjalizuj\u0105 si\u0119 w technologiach fleksograficznych. Szczeg\u00f3lnie polecane z portfolio COLLMA to:<\/p>\n\n\n\n<ul><li>g\u0142\u0119boki i standardowy \u015brodek czyszcz\u0105cy<\/li><li>op\u00f3\u017aniacz schni\u0119cia<\/li><li>\u015brodek przeciwpieni\u0105cy<\/li><\/ul>\n\n\n\n<p>Aby uzyska\u0107 wi\u0119cej informacji, skontaktuj si\u0119 z nami.<\/p>\n\n\n\n<div class=\"wp-block-buttons aligncenter is-layout-flex wp-block-buttons-is-layout-flex\">\n<div class=\"wp-block-button\"><a class=\"wp-block-button__link\" href=\"\/index.php\/pl\/skontaktuj\/\">skontaktuj si\u0119<\/a><\/div>\n<\/div>\n","protected":false},"excerpt":{"rendered":"<p>Uzupe\u0142niaj\u0105ce chemikalia i dodatki specjalizuj\u0105 si\u0119 w technologiach fleksograficznych. Szczeg\u00f3lnie polecane z portfolio COLLMA to: g\u0142\u0119boki i standardowy \u015brodek czyszcz\u0105cy op\u00f3\u017aniacz schni\u0119cia \u015brodek przeciwpieni\u0105cy<\/p>\n","protected":false},"author":1,"featured_media":0,"parent":110,"menu_order":0,"comment_status":"closed","ping_status":"closed","template":"","meta":{"ngg_post_thumbnail":0,"footnotes":""},"_links":{"self":[{"href":"https:\/\/collma.sk\/index.php\/wp-json\/wp\/v2\/pages\/465"}],"collection":[{"href":"https:\/\/collma.sk\/index.php\/wp-json\/wp\/v2\/pages"}],"about":[{"href":"https:\/\/collma.sk\/index.php\/wp-json\/wp\/v2\/types\/page"}],"author":[{"embeddable":true,"href":"https:\/\/collma.sk\/index.php\/wp-json\/wp\/v2\/users\/1"}],"replies":[{"embeddable":true,"href":"https:\/\/collma.sk\/index.php\/wp-json\/wp\/v2\/comments?post=465"}],"version-history":[{"count":4,"href":"https:\/\/collma.sk\/index.php\/wp-json\/wp\/v2\/pages\/465\/revisions"}],"predecessor-version":[{"id":8667,"href":"https:\/\/collma.sk\/index.php\/wp-json\/wp\/v2\/pages\/465\/revisions\/8667"}],"up":[{"embeddable":true,"href":"https:\/\/collma.sk\/index.php\/wp-json\/wp\/v2\/pages\/110"}],"wp:attachment":[{"href":"https:\/\/collma.sk\/index.php\/wp-json\/wp\/v2\/media?parent=465"}],"curies":[{"name":"wp","href":"https:\/\/api.w.org\/{rel}","templated":true}]}}