{"id":471,"date":"2019-04-17T01:46:23","date_gmt":"2019-04-16T23:46:23","guid":{"rendered":"http:\/\/collma.profiweb.biz\/?page_id=471"},"modified":"2020-11-05T02:42:51","modified_gmt":"2020-11-05T01:42:51","slug":"farby-fleksograficzne-do-produktow-bibulkowych","status":"publish","type":"page","link":"https:\/\/collma.sk\/index.php\/pl\/program-do-drukowania\/farby-fleksograficzne-do-produktow-bibulkowych\/","title":{"rendered":"Farby fleksograficzne do produkt\u00f3w bibu\u0142kowych"},"content":{"rendered":"\n<div class=\"wp-block-image\"><figure class=\"alignright size-large is-resized\"><img loading=\"lazy\" decoding=\"async\" src=\"http:\/\/collma.profiweb.biz\/wp-content\/uploads\/2020\/11\/PRINT_01_Tissue-1024x768-1.jpg\" alt=\"\" class=\"wp-image-8455\" width=\"188\" height=\"140\" srcset=\"https:\/\/collma.sk\/wp-content\/uploads\/2020\/11\/PRINT_01_Tissue-1024x768-1.jpg 1024w, https:\/\/collma.sk\/wp-content\/uploads\/2020\/11\/PRINT_01_Tissue-1024x768-1-300x225.jpg 300w, https:\/\/collma.sk\/wp-content\/uploads\/2020\/11\/PRINT_01_Tissue-1024x768-1-768x576.jpg 768w, https:\/\/collma.sk\/wp-content\/uploads\/2020\/11\/PRINT_01_Tissue-1024x768-1-350x263.jpg 350w\" sizes=\"(max-width: 188px) 100vw, 188px\" \/><\/figure><\/div>\n\n\n\n<p>Farby fleksograficzne COLLMEX do produkt\u00f3w bibu\u0142kowych s\u0105 oparte na wodzie, o odpowiedniej lepko\u015bci zapewniaj\u0105cej komfortow\u0105 pompowalno\u015b\u0107. Przeznaczone s\u0105 do maszynowego zadruku bibu\u0142y. Farby COLLMEX Tissue spe\u0142niaj\u0105 wymagania dotycz\u0105ce trwa\u0142o\u015bci koloru zgodnie z norm\u0105 EN646.<\/p>\n\n\n\n<p>Z gamy kolor\u00f3w COLLMEX dla produkt\u00f3w bibu\u0142kowych dost\u0119pne s\u0105 farby drukarskie oraz farby, kt\u00f3re s\u0105 dodawane do kleju pomi\u0119dzy poszczeg\u00f3lnymi warstwami papieru.<\/p>\n\n\n\n<p>Wiod\u0105ce produkty opracowane w celu zminimalizowania wp\u0142ywu na \u015brodowisko obejmuj\u0105 kleje mieszalne z wod\u0105 i na bazie naturalnych.<\/p>\n\n\n\n<p>Farby fleksograficzne COLLMEX do produkt\u00f3w higienicznych s\u0105 dost\u0119pne w r\u00f3\u017cnych opakowaniach, od wiader, beczek po pojemniki IBC, co jest najbardziej praktyczne do w\u0142\u0105czenia do technologii konkretnego klienta.<\/p>\n\n\n\n<p>Aby uzyska\u0107 wi\u0119cej informacji, skontaktuj si\u0119 z nami.<\/p>\n\n\n\n<div class=\"wp-block-buttons aligncenter is-layout-flex wp-block-buttons-is-layout-flex\">\n<div class=\"wp-block-button\"><a class=\"wp-block-button__link\" href=\"\/index.php\/pl\/skontaktuj\/\">skontaktuj si\u0119<\/a><\/div>\n<\/div>\n","protected":false},"excerpt":{"rendered":"<p>Farby fleksograficzne COLLMEX do produkt\u00f3w bibu\u0142kowych s\u0105 oparte na wodzie, o odpowiedniej lepko\u015bci zapewniaj\u0105cej komfortow\u0105 pompowalno\u015b\u0107. Przeznaczone s\u0105 do maszynowego zadruku bibu\u0142y. Farby COLLMEX Tissue spe\u0142niaj\u0105 wymagania dotycz\u0105ce trwa\u0142o\u015bci koloru zgodnie z norm\u0105 EN646. Z gamy kolor\u00f3w COLLMEX dla produkt\u00f3w bibu\u0142kowych dost\u0119pne s\u0105 farby drukarskie oraz farby, kt\u00f3re s\u0105 dodawane do kleju pomi\u0119dzy poszczeg\u00f3lnymi warstwami &hellip; <\/p>\n<p class=\"link-more\"><a href=\"https:\/\/collma.sk\/index.php\/pl\/program-do-drukowania\/farby-fleksograficzne-do-produktow-bibulkowych\/\" class=\"more-link\">Pokra\u010dova\u0165 v \u010d\u00edtan\u00ed<span class=\"screen-reader-text\"> &#8222;Farby fleksograficzne do produkt\u00f3w bibu\u0142kowych&#8220;<\/span><\/a><\/p>\n","protected":false},"author":1,"featured_media":0,"parent":110,"menu_order":0,"comment_status":"closed","ping_status":"closed","template":"","meta":{"ngg_post_thumbnail":0,"footnotes":""},"_links":{"self":[{"href":"https:\/\/collma.sk\/index.php\/wp-json\/wp\/v2\/pages\/471"}],"collection":[{"href":"https:\/\/collma.sk\/index.php\/wp-json\/wp\/v2\/pages"}],"about":[{"href":"https:\/\/collma.sk\/index.php\/wp-json\/wp\/v2\/types\/page"}],"author":[{"embeddable":true,"href":"https:\/\/collma.sk\/index.php\/wp-json\/wp\/v2\/users\/1"}],"replies":[{"embeddable":true,"href":"https:\/\/collma.sk\/index.php\/wp-json\/wp\/v2\/comments?post=471"}],"version-history":[{"count":4,"href":"https:\/\/collma.sk\/index.php\/wp-json\/wp\/v2\/pages\/471\/revisions"}],"predecessor-version":[{"id":8555,"href":"https:\/\/collma.sk\/index.php\/wp-json\/wp\/v2\/pages\/471\/revisions\/8555"}],"up":[{"embeddable":true,"href":"https:\/\/collma.sk\/index.php\/wp-json\/wp\/v2\/pages\/110"}],"wp:attachment":[{"href":"https:\/\/collma.sk\/index.php\/wp-json\/wp\/v2\/media?parent=471"}],"curies":[{"name":"wp","href":"https:\/\/api.w.org\/{rel}","templated":true}]}}