{"id":479,"date":"2019-04-17T01:50:06","date_gmt":"2019-04-16T23:50:06","guid":{"rendered":"http:\/\/collma.profiweb.biz\/?page_id=479"},"modified":"2020-11-07T00:15:40","modified_gmt":"2020-11-06T23:15:40","slug":"kleje-topliwe","status":"publish","type":"page","link":"https:\/\/collma.sk\/index.php\/pl\/kleje-do-etykietowania\/kleje-topliwe\/","title":{"rendered":"Kleje topliwe"},"content":{"rendered":"\n<p>Etykietowanie i klejenie opakowa\u0144 mo\u017cna wykona\u0107 na zimno lub na ciep\u0142o. Wyb\u00f3r odpowiedniego kleju zale\u017cy od materia\u0142u pod\u0142o\u017ca, rodzaju etykiet lub piecz\u0105tek. Zale\u017cy to r\u00f3wnie\u017c od wyposa\u017cenia technologicznego, na kt\u00f3rym b\u0119dzie odbywa\u0142 si\u0119 proces klejenia lub dalszego przechowywania produkt\u00f3w.<\/p>\n\n\n\n<p>Kleje termotopliwe oferowane przez COLLMA dziel\u0105 si\u0119 na trzy grupy w zale\u017cno\u015bci od konkretnego zastosowania:<\/p>\n\n\n\n<ul><li>klejenie karton\u00f3w<\/li><li>klejenie etykiet na powierzchniach PET i PP<\/li><li>klejenie znak\u00f3w skarbowych<\/li><\/ul>\n\n\n\n<p>Relacje cenowe klej\u00f3w topliwych PSA (wra\u017cliwych na nacisk) zale\u017c\u0105 od sk\u0142adu samego kleju. S\u0105 to kleje na bazie EVA, APAO lub metalocenu.<\/p>\n\n\n\n<p>Aby uzyska\u0107 wi\u0119cej informacji, skontaktuj si\u0119 z nami.<\/p>\n\n\n\n<div class=\"wp-block-buttons aligncenter is-layout-flex wp-block-buttons-is-layout-flex\">\n<div class=\"wp-block-button\"><a class=\"wp-block-button__link\" href=\"\/index.php\/pl\/skontaktuj\/\">skontaktuj si\u0119<\/a><\/div>\n<\/div>\n","protected":false},"excerpt":{"rendered":"<p>Etykietowanie i klejenie opakowa\u0144 mo\u017cna wykona\u0107 na zimno lub na ciep\u0142o. Wyb\u00f3r odpowiedniego kleju zale\u017cy od materia\u0142u pod\u0142o\u017ca, rodzaju etykiet lub piecz\u0105tek. Zale\u017cy to r\u00f3wnie\u017c od wyposa\u017cenia technologicznego, na kt\u00f3rym b\u0119dzie odbywa\u0142 si\u0119 proces klejenia lub dalszego przechowywania produkt\u00f3w. Kleje termotopliwe oferowane przez COLLMA dziel\u0105 si\u0119 na trzy grupy w zale\u017cno\u015bci od konkretnego zastosowania: klejenie &hellip; <\/p>\n<p class=\"link-more\"><a href=\"https:\/\/collma.sk\/index.php\/pl\/kleje-do-etykietowania\/kleje-topliwe\/\" class=\"more-link\">Pokra\u010dova\u0165 v \u010d\u00edtan\u00ed<span class=\"screen-reader-text\"> &#8222;Kleje topliwe&#8220;<\/span><\/a><\/p>\n","protected":false},"author":1,"featured_media":0,"parent":79,"menu_order":0,"comment_status":"closed","ping_status":"closed","template":"","meta":{"ngg_post_thumbnail":0,"footnotes":""},"_links":{"self":[{"href":"https:\/\/collma.sk\/index.php\/wp-json\/wp\/v2\/pages\/479"}],"collection":[{"href":"https:\/\/collma.sk\/index.php\/wp-json\/wp\/v2\/pages"}],"about":[{"href":"https:\/\/collma.sk\/index.php\/wp-json\/wp\/v2\/types\/page"}],"author":[{"embeddable":true,"href":"https:\/\/collma.sk\/index.php\/wp-json\/wp\/v2\/users\/1"}],"replies":[{"embeddable":true,"href":"https:\/\/collma.sk\/index.php\/wp-json\/wp\/v2\/comments?post=479"}],"version-history":[{"count":4,"href":"https:\/\/collma.sk\/index.php\/wp-json\/wp\/v2\/pages\/479\/revisions"}],"predecessor-version":[{"id":8816,"href":"https:\/\/collma.sk\/index.php\/wp-json\/wp\/v2\/pages\/479\/revisions\/8816"}],"up":[{"embeddable":true,"href":"https:\/\/collma.sk\/index.php\/wp-json\/wp\/v2\/pages\/79"}],"wp:attachment":[{"href":"https:\/\/collma.sk\/index.php\/wp-json\/wp\/v2\/media?parent=479"}],"curies":[{"name":"wp","href":"https:\/\/api.w.org\/{rel}","templated":true}]}}