{"id":483,"date":"2019-04-17T01:50:48","date_gmt":"2019-04-16T23:50:48","guid":{"rendered":"http:\/\/collma.profiweb.biz\/?page_id=483"},"modified":"2020-11-07T02:24:44","modified_gmt":"2020-11-07T01:24:44","slug":"okreslanie-indeksu-etykiet-cobb","status":"publish","type":"page","link":"https:\/\/collma.sk\/index.php\/pl\/kleje-do-etykietowania\/okreslanie-indeksu-etykiet-cobb\/","title":{"rendered":"Okre\u015blanie indeksu etykiet Cobb"},"content":{"rendered":"\n<div class=\"wp-block-image\"><figure class=\"alignright size-large is-resized\"><img loading=\"lazy\" decoding=\"async\" src=\"https:\/\/collma.sk\/wp-content\/uploads\/2020\/11\/LEPIDLA\u0301_07a_Cobb-1024x768-3.jpg\" alt=\"\" class=\"wp-image-8840\" width=\"254\" height=\"190\" srcset=\"https:\/\/collma.sk\/wp-content\/uploads\/2020\/11\/LEPIDLA\u0301_07a_Cobb-1024x768-3.jpg 1024w, https:\/\/collma.sk\/wp-content\/uploads\/2020\/11\/LEPIDLA\u0301_07a_Cobb-1024x768-3-300x225.jpg 300w, https:\/\/collma.sk\/wp-content\/uploads\/2020\/11\/LEPIDLA\u0301_07a_Cobb-1024x768-3-768x576.jpg 768w, https:\/\/collma.sk\/wp-content\/uploads\/2020\/11\/LEPIDLA\u0301_07a_Cobb-1024x768-3-350x263.jpg 350w\" sizes=\"(max-width: 254px) 100vw, 254px\" \/><\/figure><\/div>\n\n\n\n<ul><li>Identyfikacja niepo\u017c\u0105danych odchyle\u0144 ch\u0142onno\u015bci etykiety<\/li><li>Identyfikacja rozszerzenia etykiety<\/li><li>Wsparcie techniczne w doborze papieru do etykiet<\/li><li>Identyfikacja potencjalnych problem\u00f3w przed umieszczeniem etykiet na linii<\/li><li>Przyczyna przewijania rog\u00f3w etykiety<\/li><li>Przyczyna zawijania si\u0119 etykiet po wyschni\u0119ciu<\/li><\/ul>\n\n\n\n<p><\/p>\n\n\n\n<p>Aby uzyska\u0107 wi\u0119cej informacji, skontaktuj si\u0119 z nami.<\/p>\n\n\n\n<div class=\"wp-block-buttons aligncenter is-layout-flex wp-block-buttons-is-layout-flex\">\n<div class=\"wp-block-button\"><a class=\"wp-block-button__link\" href=\"\/index.php\/pl\/skontaktuj\/\">skontaktuj si\u0119<\/a><\/div>\n<\/div>\n","protected":false},"excerpt":{"rendered":"<p>Identyfikacja niepo\u017c\u0105danych odchyle\u0144 ch\u0142onno\u015bci etykiety Identyfikacja rozszerzenia etykiety Wsparcie techniczne w doborze papieru do etykiet Identyfikacja potencjalnych problem\u00f3w przed umieszczeniem etykiet na linii Przyczyna przewijania rog\u00f3w etykiety Przyczyna zawijania si\u0119 etykiet po wyschni\u0119ciu<\/p>\n","protected":false},"author":1,"featured_media":0,"parent":79,"menu_order":0,"comment_status":"closed","ping_status":"closed","template":"","meta":{"ngg_post_thumbnail":0,"footnotes":""},"_links":{"self":[{"href":"https:\/\/collma.sk\/index.php\/wp-json\/wp\/v2\/pages\/483"}],"collection":[{"href":"https:\/\/collma.sk\/index.php\/wp-json\/wp\/v2\/pages"}],"about":[{"href":"https:\/\/collma.sk\/index.php\/wp-json\/wp\/v2\/types\/page"}],"author":[{"embeddable":true,"href":"https:\/\/collma.sk\/index.php\/wp-json\/wp\/v2\/users\/1"}],"replies":[{"embeddable":true,"href":"https:\/\/collma.sk\/index.php\/wp-json\/wp\/v2\/comments?post=483"}],"version-history":[{"count":3,"href":"https:\/\/collma.sk\/index.php\/wp-json\/wp\/v2\/pages\/483\/revisions"}],"predecessor-version":[{"id":8841,"href":"https:\/\/collma.sk\/index.php\/wp-json\/wp\/v2\/pages\/483\/revisions\/8841"}],"up":[{"embeddable":true,"href":"https:\/\/collma.sk\/index.php\/wp-json\/wp\/v2\/pages\/79"}],"wp:attachment":[{"href":"https:\/\/collma.sk\/index.php\/wp-json\/wp\/v2\/media?parent=483"}],"curies":[{"name":"wp","href":"https:\/\/api.w.org\/{rel}","templated":true}]}}