{"id":487,"date":"2019-04-17T01:51:30","date_gmt":"2019-04-16T23:51:30","guid":{"rendered":"http:\/\/collma.profiweb.biz\/?page_id=487"},"modified":"2020-11-07T00:33:12","modified_gmt":"2020-11-06T23:33:12","slug":"skanowanie-procesu-technologicznego-za-pomoca-kamery-wysokiej-predkosci","status":"publish","type":"page","link":"https:\/\/collma.sk\/index.php\/pl\/kleje-do-etykietowania\/skanowanie-procesu-technologicznego-za-pomoca-kamery-wysokiej-predkosci\/","title":{"rendered":"Skanowanie procesu technologicznego za pomoc\u0105 kamery wysokiej pr\u0119dko\u015bci"},"content":{"rendered":"\n<div class=\"wp-block-image\"><figure class=\"alignright size-large is-resized\"><img loading=\"lazy\" decoding=\"async\" src=\"https:\/\/collma.sk\/wp-content\/uploads\/2020\/11\/kamera-1024x366-3.png\" alt=\"\" class=\"wp-image-8824\" width=\"428\" height=\"153\" srcset=\"https:\/\/collma.sk\/wp-content\/uploads\/2020\/11\/kamera-1024x366-3.png 1024w, https:\/\/collma.sk\/wp-content\/uploads\/2020\/11\/kamera-1024x366-3-300x107.png 300w, https:\/\/collma.sk\/wp-content\/uploads\/2020\/11\/kamera-1024x366-3-768x275.png 768w, https:\/\/collma.sk\/wp-content\/uploads\/2020\/11\/kamera-1024x366-3-350x125.png 350w\" sizes=\"(max-width: 428px) 100vw, 428px\" \/><\/figure><\/div>\n\n\n\n<ul><li>Szczeg\u00f3\u0142y nagrywania<\/li><li>Wczesna identyfikacja odchyle\u0144 od standardowej eksploatacji linii<\/li><li>Identyfikacja miejsca i przyczyny problem\u00f3w<\/li><li>Ekstremalne spowolnienie nagrywania, nawet przy najwi\u0119kszych pr\u0119dko\u015bciach linii etykiet<\/li><li>Projekt rozwi\u0105zania<\/li><\/ul>\n\n\n\n<p><\/p>\n\n\n\n<p>Aby uzyska\u0107 wi\u0119cej informacji, skontaktuj si\u0119 z nami.<\/p>\n\n\n\n<div class=\"wp-block-buttons aligncenter is-layout-flex wp-block-buttons-is-layout-flex\">\n<div class=\"wp-block-button\"><a class=\"wp-block-button__link\" href=\"\/index.php\/pl\/skontaktuj\/\">skontaktuj si\u0119<\/a><\/div>\n<\/div>\n","protected":false},"excerpt":{"rendered":"<p>Szczeg\u00f3\u0142y nagrywania Wczesna identyfikacja odchyle\u0144 od standardowej eksploatacji linii Identyfikacja miejsca i przyczyny problem\u00f3w Ekstremalne spowolnienie nagrywania, nawet przy najwi\u0119kszych pr\u0119dko\u015bciach linii etykiet Projekt rozwi\u0105zania<\/p>\n","protected":false},"author":1,"featured_media":0,"parent":79,"menu_order":0,"comment_status":"closed","ping_status":"closed","template":"","meta":{"ngg_post_thumbnail":0,"footnotes":""},"_links":{"self":[{"href":"https:\/\/collma.sk\/index.php\/wp-json\/wp\/v2\/pages\/487"}],"collection":[{"href":"https:\/\/collma.sk\/index.php\/wp-json\/wp\/v2\/pages"}],"about":[{"href":"https:\/\/collma.sk\/index.php\/wp-json\/wp\/v2\/types\/page"}],"author":[{"embeddable":true,"href":"https:\/\/collma.sk\/index.php\/wp-json\/wp\/v2\/users\/1"}],"replies":[{"embeddable":true,"href":"https:\/\/collma.sk\/index.php\/wp-json\/wp\/v2\/comments?post=487"}],"version-history":[{"count":4,"href":"https:\/\/collma.sk\/index.php\/wp-json\/wp\/v2\/pages\/487\/revisions"}],"predecessor-version":[{"id":8826,"href":"https:\/\/collma.sk\/index.php\/wp-json\/wp\/v2\/pages\/487\/revisions\/8826"}],"up":[{"embeddable":true,"href":"https:\/\/collma.sk\/index.php\/wp-json\/wp\/v2\/pages\/79"}],"wp:attachment":[{"href":"https:\/\/collma.sk\/index.php\/wp-json\/wp\/v2\/media?parent=487"}],"curies":[{"name":"wp","href":"https:\/\/api.w.org\/{rel}","templated":true}]}}