{"id":489,"date":"2019-04-17T01:51:56","date_gmt":"2019-04-16T23:51:56","guid":{"rendered":"http:\/\/collma.profiweb.biz\/?page_id=489"},"modified":"2020-11-05T13:11:29","modified_gmt":"2020-11-05T12:11:29","slug":"iwr-kleje-do-etykietowania-wody-lodowej","status":"publish","type":"page","link":"https:\/\/collma.sk\/index.php\/pl\/kleje-do-etykietowania\/iwr-kleje-do-etykietowania-wody-lodowej\/","title":{"rendered":"IWR Kleje do etykietowania wody lodowej"},"content":{"rendered":"\n<div class=\"wp-block-image\"><figure class=\"alignright size-large is-resized\"><img loading=\"lazy\" decoding=\"async\" src=\"http:\/\/collma.profiweb.biz\/wp-content\/uploads\/2020\/11\/beer-in-ice-2.jpg\" alt=\"\" class=\"wp-image-8497\" width=\"200\" height=\"136\" srcset=\"https:\/\/collma.sk\/wp-content\/uploads\/2020\/11\/beer-in-ice-2.jpg 1000w, https:\/\/collma.sk\/wp-content\/uploads\/2020\/11\/beer-in-ice-2-300x203.jpg 300w, https:\/\/collma.sk\/wp-content\/uploads\/2020\/11\/beer-in-ice-2-768x521.jpg 768w, https:\/\/collma.sk\/wp-content\/uploads\/2020\/11\/beer-in-ice-2-350x237.jpg 350w\" sizes=\"(max-width: 200px) 100vw, 200px\" \/><\/figure><\/div>\n\n\n\n<p>Ro\u015bnie zapotrzebowanie na kleje IWR w browarach. Te kleje s\u0105 stosowane g\u0142\u00f3wnie w partiach eksportowych, w przypadku kt\u00f3rych nale\u017cy wzi\u0105\u0107 pod uwag\u0119 warunki konsumenckie. W niekt\u00f3rych krajach panuje trend podawania napoj\u00f3w w wiaderkach z lodem. Nawet w tym przypadku etykieta musi by\u0107 umieszczona na butelce w taki spos\u00f3b, aby zachowa\u0107 ukierunkowane wra\u017cenie wzoru produktu.<\/p>\n\n\n\n<p>Zasada dzia\u0142ania klej\u00f3w IWR jest r\u00f3wnie\u017c stosowana w \u0142a\u0144cuchach, w kt\u00f3rych butelki s\u0105 eksponowane w ch\u0142odziarkach. Zwykle wy\u0142\u0105czaj\u0105 si\u0119 poza godzinami pracy. W zwi\u0105zku z tym butelka musi wytrzyma\u0107 kilka cykli bez odpadni\u0119cia etykiety.<\/p>\n\n\n\n<p>Zalet\u0105 klej\u00f3w IWR COLLMEX jest bezproblemowe mycie w standardowych warunkach w zwrotnych myjkach do butelek. Dost\u0119pne s\u0105 warianty kazeinowe i syntetyczne.<\/p>\n\n\n\n<p> <\/p>\n\n\n\n<p>Aby uzyska\u0107 wi\u0119cej informacji, skontaktuj si\u0119 z nami.<\/p>\n\n\n\n<div class=\"wp-block-buttons aligncenter is-layout-flex wp-block-buttons-is-layout-flex\">\n<div class=\"wp-block-button\"><a class=\"wp-block-button__link\" href=\"\/index.php\/pl\/skontaktuj\/\">skontaktuj si\u0119<\/a><\/div>\n<\/div>\n","protected":false},"excerpt":{"rendered":"<p>Ro\u015bnie zapotrzebowanie na kleje IWR w browarach. Te kleje s\u0105 stosowane g\u0142\u00f3wnie w partiach eksportowych, w przypadku kt\u00f3rych nale\u017cy wzi\u0105\u0107 pod uwag\u0119 warunki konsumenckie. W niekt\u00f3rych krajach panuje trend podawania napoj\u00f3w w wiaderkach z lodem. Nawet w tym przypadku etykieta musi by\u0107 umieszczona na butelce w taki spos\u00f3b, aby zachowa\u0107 ukierunkowane wra\u017cenie wzoru produktu. Zasada &hellip; <\/p>\n<p class=\"link-more\"><a href=\"https:\/\/collma.sk\/index.php\/pl\/kleje-do-etykietowania\/iwr-kleje-do-etykietowania-wody-lodowej\/\" class=\"more-link\">Pokra\u010dova\u0165 v \u010d\u00edtan\u00ed<span class=\"screen-reader-text\"> &#8222;IWR Kleje do etykietowania wody lodowej&#8220;<\/span><\/a><\/p>\n","protected":false},"author":1,"featured_media":0,"parent":79,"menu_order":0,"comment_status":"closed","ping_status":"closed","template":"","meta":{"ngg_post_thumbnail":0,"footnotes":""},"_links":{"self":[{"href":"https:\/\/collma.sk\/index.php\/wp-json\/wp\/v2\/pages\/489"}],"collection":[{"href":"https:\/\/collma.sk\/index.php\/wp-json\/wp\/v2\/pages"}],"about":[{"href":"https:\/\/collma.sk\/index.php\/wp-json\/wp\/v2\/types\/page"}],"author":[{"embeddable":true,"href":"https:\/\/collma.sk\/index.php\/wp-json\/wp\/v2\/users\/1"}],"replies":[{"embeddable":true,"href":"https:\/\/collma.sk\/index.php\/wp-json\/wp\/v2\/comments?post=489"}],"version-history":[{"count":7,"href":"https:\/\/collma.sk\/index.php\/wp-json\/wp\/v2\/pages\/489\/revisions"}],"predecessor-version":[{"id":8678,"href":"https:\/\/collma.sk\/index.php\/wp-json\/wp\/v2\/pages\/489\/revisions\/8678"}],"up":[{"embeddable":true,"href":"https:\/\/collma.sk\/index.php\/wp-json\/wp\/v2\/pages\/79"}],"wp:attachment":[{"href":"https:\/\/collma.sk\/index.php\/wp-json\/wp\/v2\/media?parent=489"}],"curies":[{"name":"wp","href":"https:\/\/api.w.org\/{rel}","templated":true}]}}