{"id":493,"date":"2019-04-17T01:52:39","date_gmt":"2019-04-16T23:52:39","guid":{"rendered":"http:\/\/collma.profiweb.biz\/?page_id=493"},"modified":"2020-11-05T13:11:26","modified_gmt":"2020-11-05T12:11:26","slug":"kleje-do-etykietowania-do-powierzchni-pet-i-pp","status":"publish","type":"page","link":"https:\/\/collma.sk\/index.php\/pl\/kleje-do-etykietowania\/kleje-do-etykietowania-do-powierzchni-pet-i-pp\/","title":{"rendered":"Kleje do etykietowania do powierzchni PET i PP"},"content":{"rendered":"\n<div class=\"wp-block-image\"><figure class=\"alignright size-large is-resized\"><img loading=\"lazy\" decoding=\"async\" src=\"http:\/\/collma.profiweb.biz\/wp-content\/uploads\/2020\/11\/LEPIDLA\u0301_01_s\u030ctandard.jpg\" alt=\"\" class=\"wp-image-8535\" width=\"207\" height=\"155\"\/><\/figure><\/div>\n\n\n\n<p>Kleje COLLMEX do PET i PP spe\u0142niaj\u0105 surowe kryteria doskona\u0142ej przyczepno\u015bci do powierzchni plastikowych. Zapewniaj\u0105, \u017ce etykiety s\u0105 mocno zamocowane, bez skutk\u00f3w ubocznych i \u015blizgania si\u0119.<\/p>\n\n\n\n<p>Zaproponujemy odpowiednie rozwi\u0105zania dla Twojej aplikacji nie tylko w zakresie etykietowania na zimno, ale tak\u017ce przy wyborze odpowiedniego i niedrogiego kleju topliwego.<\/p>\n\n\n\n<p>Do naszych klient\u00f3w podchodzimy \u015bci\u015ble i indywidualnie. Dbamy o bezproblemowe dzia\u0142anie i ponadczasowe dzia\u0142anie Twojego procesu produkcyjnego, kompleksowo. Dlatego w ramach usprawnienia produkcji i ilo\u015bci surowc\u00f3w, zakres zastosowania klej\u00f3w do etykietowania powierzchni z tworzyw sztucznych mo\u017cna rozszerzy\u0107 o klejenie stempli.<\/p>\n\n\n\n<p>Aby uzyska\u0107 wi\u0119cej informacji, skontaktuj si\u0119 z nami.<\/p>\n\n\n\n<div class=\"wp-block-buttons aligncenter is-layout-flex wp-block-buttons-is-layout-flex\">\n<div class=\"wp-block-button\"><a class=\"wp-block-button__link\" href=\"\/index.php\/pl\/skontaktuj\/\">skontaktuj si\u0119<\/a><\/div>\n<\/div>\n","protected":false},"excerpt":{"rendered":"<p>Kleje COLLMEX do PET i PP spe\u0142niaj\u0105 surowe kryteria doskona\u0142ej przyczepno\u015bci do powierzchni plastikowych. Zapewniaj\u0105, \u017ce etykiety s\u0105 mocno zamocowane, bez skutk\u00f3w ubocznych i \u015blizgania si\u0119. Zaproponujemy odpowiednie rozwi\u0105zania dla Twojej aplikacji nie tylko w zakresie etykietowania na zimno, ale tak\u017ce przy wyborze odpowiedniego i niedrogiego kleju topliwego. Do naszych klient\u00f3w podchodzimy \u015bci\u015ble i indywidualnie. &hellip; <\/p>\n<p class=\"link-more\"><a href=\"https:\/\/collma.sk\/index.php\/pl\/kleje-do-etykietowania\/kleje-do-etykietowania-do-powierzchni-pet-i-pp\/\" class=\"more-link\">Pokra\u010dova\u0165 v \u010d\u00edtan\u00ed<span class=\"screen-reader-text\"> &#8222;Kleje do etykietowania do powierzchni PET i PP&#8220;<\/span><\/a><\/p>\n","protected":false},"author":1,"featured_media":0,"parent":79,"menu_order":0,"comment_status":"closed","ping_status":"closed","template":"","meta":{"ngg_post_thumbnail":0,"footnotes":""},"_links":{"self":[{"href":"https:\/\/collma.sk\/index.php\/wp-json\/wp\/v2\/pages\/493"}],"collection":[{"href":"https:\/\/collma.sk\/index.php\/wp-json\/wp\/v2\/pages"}],"about":[{"href":"https:\/\/collma.sk\/index.php\/wp-json\/wp\/v2\/types\/page"}],"author":[{"embeddable":true,"href":"https:\/\/collma.sk\/index.php\/wp-json\/wp\/v2\/users\/1"}],"replies":[{"embeddable":true,"href":"https:\/\/collma.sk\/index.php\/wp-json\/wp\/v2\/comments?post=493"}],"version-history":[{"count":5,"href":"https:\/\/collma.sk\/index.php\/wp-json\/wp\/v2\/pages\/493\/revisions"}],"predecessor-version":[{"id":8676,"href":"https:\/\/collma.sk\/index.php\/wp-json\/wp\/v2\/pages\/493\/revisions\/8676"}],"up":[{"embeddable":true,"href":"https:\/\/collma.sk\/index.php\/wp-json\/wp\/v2\/pages\/79"}],"wp:attachment":[{"href":"https:\/\/collma.sk\/index.php\/wp-json\/wp\/v2\/media?parent=493"}],"curies":[{"name":"wp","href":"https:\/\/api.w.org\/{rel}","templated":true}]}}