{"id":495,"date":"2019-04-17T01:52:58","date_gmt":"2019-04-16T23:52:58","guid":{"rendered":"http:\/\/collma.profiweb.biz\/?page_id=495"},"modified":"2020-11-07T00:37:33","modified_gmt":"2020-11-06T23:37:33","slug":"monitorowanie-poklatkowe-warunkow-klimatycznych","status":"publish","type":"page","link":"https:\/\/collma.sk\/index.php\/pl\/kleje-do-etykietowania\/monitorowanie-poklatkowe-warunkow-klimatycznych\/","title":{"rendered":"Monitorowanie poklatkowe warunk\u00f3w klimatycznych"},"content":{"rendered":"\n<div class=\"wp-block-image\"><figure class=\"alignright size-large is-resized\"><img loading=\"lazy\" decoding=\"async\" src=\"https:\/\/collma.sk\/wp-content\/uploads\/2020\/11\/LEPIDLA\u0301_08a_klimaticke\u0301_podmienky-1024x768-2.jpg\" alt=\"\" class=\"wp-image-8830\" width=\"330\" height=\"247\" srcset=\"https:\/\/collma.sk\/wp-content\/uploads\/2020\/11\/LEPIDLA\u0301_08a_klimaticke\u0301_podmienky-1024x768-2.jpg 1024w, https:\/\/collma.sk\/wp-content\/uploads\/2020\/11\/LEPIDLA\u0301_08a_klimaticke\u0301_podmienky-1024x768-2-300x225.jpg 300w, https:\/\/collma.sk\/wp-content\/uploads\/2020\/11\/LEPIDLA\u0301_08a_klimaticke\u0301_podmienky-1024x768-2-768x576.jpg 768w, https:\/\/collma.sk\/wp-content\/uploads\/2020\/11\/LEPIDLA\u0301_08a_klimaticke\u0301_podmienky-1024x768-2-350x263.jpg 350w\" sizes=\"(max-width: 330px) 100vw, 330px\" \/><\/figure><\/div>\n\n\n\n<ul><li>Zapis poklatkowy warunk\u00f3w mikroklimatycznych r\u00f3wnie\u017c bezpo\u015brednio wok\u00f3\u0142 butelek zapakowanych na palecie<\/li><li>Identyfikacja ekstremalnych warunk\u00f3w<\/li><li>Identyfikacja waha\u0144 temperatury i wilgotno\u015bci<\/li><li>Graficzne zapisy w dzie\u0144 iw nocy<\/li><li>Projektowanie odpowiedniego kleju i kompensacja warunk\u00f3w krytycznych<\/li><li>Zachowane wymagane dostosowanie produktu ko\u0144cowego<\/li><\/ul>\n\n\n\n<p><\/p>\n\n\n\n<p>Aby uzyska\u0107 wi\u0119cej informacji, skontaktuj si\u0119 z nami.<\/p>\n\n\n\n<div class=\"wp-block-buttons aligncenter is-layout-flex wp-block-buttons-is-layout-flex\">\n<div class=\"wp-block-button\"><a class=\"wp-block-button__link\" href=\"\/index.php\/pl\/skontaktuj\/\">skontaktuj si\u0119<\/a><\/div>\n<\/div>\n","protected":false},"excerpt":{"rendered":"<p>Zapis poklatkowy warunk\u00f3w mikroklimatycznych r\u00f3wnie\u017c bezpo\u015brednio wok\u00f3\u0142 butelek zapakowanych na palecie Identyfikacja ekstremalnych warunk\u00f3w Identyfikacja waha\u0144 temperatury i wilgotno\u015bci Graficzne zapisy w dzie\u0144 iw nocy Projektowanie odpowiedniego kleju i kompensacja warunk\u00f3w krytycznych Zachowane wymagane dostosowanie produktu ko\u0144cowego<\/p>\n","protected":false},"author":1,"featured_media":0,"parent":79,"menu_order":0,"comment_status":"closed","ping_status":"closed","template":"","meta":{"ngg_post_thumbnail":0,"footnotes":""},"_links":{"self":[{"href":"https:\/\/collma.sk\/index.php\/wp-json\/wp\/v2\/pages\/495"}],"collection":[{"href":"https:\/\/collma.sk\/index.php\/wp-json\/wp\/v2\/pages"}],"about":[{"href":"https:\/\/collma.sk\/index.php\/wp-json\/wp\/v2\/types\/page"}],"author":[{"embeddable":true,"href":"https:\/\/collma.sk\/index.php\/wp-json\/wp\/v2\/users\/1"}],"replies":[{"embeddable":true,"href":"https:\/\/collma.sk\/index.php\/wp-json\/wp\/v2\/comments?post=495"}],"version-history":[{"count":3,"href":"https:\/\/collma.sk\/index.php\/wp-json\/wp\/v2\/pages\/495\/revisions"}],"predecessor-version":[{"id":8831,"href":"https:\/\/collma.sk\/index.php\/wp-json\/wp\/v2\/pages\/495\/revisions\/8831"}],"up":[{"embeddable":true,"href":"https:\/\/collma.sk\/index.php\/wp-json\/wp\/v2\/pages\/79"}],"wp:attachment":[{"href":"https:\/\/collma.sk\/index.php\/wp-json\/wp\/v2\/media?parent=495"}],"curies":[{"name":"wp","href":"https:\/\/api.w.org\/{rel}","templated":true}]}}