{"id":738,"date":"2019-06-01T00:52:20","date_gmt":"2019-05-31T22:52:20","guid":{"rendered":"http:\/\/collma.profiweb.biz\/?page_id=738"},"modified":"2020-11-07T02:31:17","modified_gmt":"2020-11-07T01:31:17","slug":"imitacia-prevadzkovych-a-spotrebitelskych-podmienok","status":"publish","type":"page","link":"https:\/\/collma.sk\/index.php\/printovy-program\/imitacia-prevadzkovych-a-spotrebitelskych-podmienok\/","title":{"rendered":"IMIT\u00c1CIA PREV\u00c1DZKOV\u00ddCH A SPOTREBITE\u013dSK\u00ddCH PODMIENOK"},"content":{"rendered":"\n<div class=\"wp-block-image\"><figure class=\"alignright size-large is-resized\"><img loading=\"lazy\" decoding=\"async\" src=\"https:\/\/collma.sk\/wp-content\/uploads\/2020\/11\/imita\u0301cia-1024x768-1.jpg\" alt=\"\" class=\"wp-image-8851\" width=\"233\" height=\"173\"\/><\/figure><\/div>\n\n\n\n<ul id=\"block-94c4a1c6-0dfd-4e47-a66b-ca35ddaed7bc\"><li>Simul\u00e1cia um\u00fdvate\u013enosti flia\u0161<\/li><li>Simul\u00e1cia orosovania flia\u0161 pri extr\u00e9mnych klimatick\u00fdch podmienkach<\/li><li>Etiketovanie pri pou\u017eit\u00ed flash past\u00e9ra<\/li><li>Cykly orosovania v kondenza\u010dnej komore COLLWET\u2122 (CWR efekt)<\/li><li>Odolnos\u0165 nalepen\u00fdch etikiet v \u013eadovej vode (IWR efekt)<\/li><li>Odolnos\u0165 nalepen\u00fdch etikiet v chladiacich boxoch<\/li><\/ul>\n\n\n\n<p>V&nbsp;pr\u00edpade z\u00e1ujmu n\u00e1s nev\u00e1hajte kontaktova\u0165, n\u00e1\u0161 t\u00edm \u0161pecialistov pre V\u00e1s priprav\u00ed individu\u00e1lnu ponuku, \u0161it\u00fa priamo na mieru Va\u0161ej linky.<\/p>\n\n\n\n<div class=\"wp-block-buttons aligncenter is-layout-flex wp-block-buttons-is-layout-flex\">\n<div class=\"wp-block-button\"><a class=\"wp-block-button__link\" href=\"\/index.php\/kontakt\/\">kontaktujte n\u00e1s<\/a><\/div>\n<\/div>\n","protected":false},"excerpt":{"rendered":"<p>Simul\u00e1cia um\u00fdvate\u013enosti flia\u0161 Simul\u00e1cia orosovania flia\u0161 pri extr\u00e9mnych klimatick\u00fdch podmienkach Etiketovanie pri pou\u017eit\u00ed flash past\u00e9ra Cykly orosovania v kondenza\u010dnej komore COLLWET\u2122 (CWR efekt) Odolnos\u0165 nalepen\u00fdch etikiet v \u013eadovej vode (IWR efekt) Odolnos\u0165 nalepen\u00fdch etikiet v chladiacich boxoch<\/p>\n","protected":false},"author":1,"featured_media":0,"parent":119,"menu_order":0,"comment_status":"closed","ping_status":"closed","template":"","meta":{"ngg_post_thumbnail":0,"footnotes":""},"_links":{"self":[{"href":"https:\/\/collma.sk\/index.php\/wp-json\/wp\/v2\/pages\/738"}],"collection":[{"href":"https:\/\/collma.sk\/index.php\/wp-json\/wp\/v2\/pages"}],"about":[{"href":"https:\/\/collma.sk\/index.php\/wp-json\/wp\/v2\/types\/page"}],"author":[{"embeddable":true,"href":"https:\/\/collma.sk\/index.php\/wp-json\/wp\/v2\/users\/1"}],"replies":[{"embeddable":true,"href":"https:\/\/collma.sk\/index.php\/wp-json\/wp\/v2\/comments?post=738"}],"version-history":[{"count":12,"href":"https:\/\/collma.sk\/index.php\/wp-json\/wp\/v2\/pages\/738\/revisions"}],"predecessor-version":[{"id":8854,"href":"https:\/\/collma.sk\/index.php\/wp-json\/wp\/v2\/pages\/738\/revisions\/8854"}],"up":[{"embeddable":true,"href":"https:\/\/collma.sk\/index.php\/wp-json\/wp\/v2\/pages\/119"}],"wp:attachment":[{"href":"https:\/\/collma.sk\/index.php\/wp-json\/wp\/v2\/media?parent=738"}],"curies":[{"name":"wp","href":"https:\/\/api.w.org\/{rel}","templated":true}]}}