{"id":79,"date":"2019-03-07T11:15:53","date_gmt":"2019-03-07T10:15:53","guid":{"rendered":"http:\/\/collma.profiweb.biz\/?page_id=79"},"modified":"2021-02-12T11:40:28","modified_gmt":"2021-02-12T10:40:28","slug":"kleje-do-etykietowania","status":"publish","type":"page","link":"https:\/\/collma.sk\/index.php\/pl\/kleje-do-etykietowania\/","title":{"rendered":"Kleje do etykietowania"},"content":{"rendered":"\r\n<p>Kleje do etykiet COLLMEX s\u0105 dostosowane do specyficznych potrzeb ka\u017cdej linii etykiet w celu utrzymania 100% jako\u015bci produktu. Poszczeg\u00f3lne rodzaje klej\u00f3w nadaj\u0105 si\u0119 do suchych, mokrych, zimnych lub ciep\u0142ych powierzchni, szk\u0142a, metalu, tworzyw sztucznych lub tektury. Dost\u0119pne s\u0105 zar\u00f3wno kleje na zimno, jak i na gor\u0105co. Niekt\u00f3re z naszych produkt\u00f3w s\u0105 zaprojektowane tak, aby by\u0142y odporne na upuszczanie etykiet w \u015brodowiskach o wysokiej wilgotno\u015bci (CWR) lub podczas przechowywania butelek z lodem, gdzie s\u0105 przechowywane w lod\u00f3wce przez kilka godzin (IWR).<\/p>\r\n\r\n\r\n\r\n<p>Nasz zesp\u00f3\u0142 sprzedawc\u00f3w i specjalist\u00f3w technicznych jest do Pa\u0144stwa dyspozycji w celu w\u0142a\u015bciwego wyboru kleju. Collma zaleca wizyt\u0119 u technik\u00f3w przed pierwszym u\u017cyciem klej\u00f3w COLLMEX i podczas jego pierwszego u\u017cycia. Optymalny wyb\u00f3r odpowiedniego rodzaju kleju jest realizowany g\u0142\u00f3wnie zgodnie z parametrami linii do etykietowania, fizycznymi warunkami klejenia i jako\u015bci\u0105 powierzchni.<\/p>\r\n\r\n\r\n<center>\r\n<div class=\"product\" style=\"background-image: url('\/wp-content\/uploads\/2019\/05\/IMG_4661a.jpg');\"><a href=\"\/index.php\/pl\/kleje-do-etykietowania\/standardowe-kleje-do-etykietowania-powierzchni-szklanych-i-puszek\/\"> Standardowe kleje do etykietowania powierzchni szklanych i puszek <\/a><\/div>\r\n<div class=\"product\" style=\"background-image: url('\/wp-content\/uploads\/2019\/03\/LEPIDL\u00c1_01_\u0161tandard.jpg');\"><a href=\"\/index.php\/pl\/kleje-do-etykietowania\/kleje-do-etykietowania-do-powierzchni-pet-i-pp\/\"> Kleje do powierzchni PET i PP <\/a><\/div>\r\n<div class=\"product\" style=\"background-image: url('\/wp-content\/uploads\/2019\/03\/LEPIDL\u00c1_05_tavn\u00e9.jpg');\"><a href=\"\/index.php\/pl\/kleje-do-stempli\/\"> Kleje do stempli <\/a><\/div>\r\n<div class=\"product\" style=\"clear: both; background-image: url('\/wp-content\/uploads\/2019\/03\/LEPIDL\u00c1_03_CWR.jpg');\"><a href=\"\/index.php\/pl\/kleje-do-etykietowania\/etykietowanie-klejow-o-odpornosci-na-skondensowana-wode\/\"> CWR Etykietowanie klej\u00f3w o odporno\u015bci na skondensowan\u0105 wod\u0119 <\/a><\/div>\r\n<div class=\"product\" style=\"background-image: url('\/wp-content\/uploads\/2020\/11\/beer-in-ice.jpg');\"><a href=\"\/index.php\/pl\/kleje-do-etykietowania\/iwr-kleje-do-etykietowania-wody-lodowej\/\"> IWR Kleje do etykietowania wody lodowej <\/a><\/div>\r\n<div class=\"product\" style=\"background-image: url('\/wp-content\/uploads\/2019\/05\/LEPIDL\u00c1_05a_tavn\u00e9.jpg');\"><a href=\"\/index.php\/pl\/kleje-do-etykietowania\/kleje-topliwe\/\"> Kleje topliwe <\/a><\/div>\r\n<\/center>\r\n<div style=\"clear: both;\">&nbsp;<\/div>\r\n\r\n\r\n\r\n<h2 class=\"wp-block-heading\">Profesjonalna obs\u0142uga<\/h2>\r\n\r\n\r\n\r\n<p>Opr\u00f3cz regularnej obs\u0142ugi Collma zapewnia r\u00f3wnie\u017c profesjonaln\u0105, ponadstandardow\u0105 obs\u0142ug\u0119. Czy wyst\u0119puj\u0105 jakie\u015b wahania w dzia\u0142aniu linii do etykietowania? Czy podejrzewasz nieprawid\u0142ow\u0105 parti\u0119 etykiet lub ich nadmierne wyschni\u0119cie? Skorzystaj z naszego centrum badawczego, kt\u00f3re we wsp\u00f3\u0142pracy z mened\u017cerami biznesu dba o Tw\u00f3j komfort.<\/p>\r\n\r\n\r\n<center>\r\n<div class=\"product\" style=\"background-image: url('\/wp-content\/uploads\/2019\/03\/LEPIDL\u00c1_06_kamera.jpg;\"><a href=\"\/index.php\/pl\/kleje-do-etykietowania\/skanowanie-procesu-technologicznego-za-pomoca-kamery-wysokiej-predkosci\/\"> Skanowanie procesu technologicznego za pomoc\u0105 kamery wysokiej pr\u0119dko\u015bci <\/a><\/div>\r\n<div class=\"product\" style=\"background-image: url('\/wp-content\/uploads\/2019\/03\/LEPIDL\u00c1_09_pevnos\u0165.jpg');\"><a href=\"\/index.php\/pl\/kleje-do-etykietowania\/okreslenie-przyczyn-rozdzierania-alufoliow\/\"> Okre\u015blenie przyczyn rozdzierania alufoli\u00f3w <\/a><\/div>\r\n<div class=\"product klimaticke-podmienky\" style=\"background-image: url('\/wp-content\/uploads\/2019\/05\/LEPIDL\u00c1_08a_klimatick\u00e9_podmienky.jpg');\"><a href=\"\/index.php\/pl\/kleje-do-etykietowania\/monitorowanie-poklatkowe-warunkow-klimatycznych\/\"> Monitorowanie poklatkowe warunk\u00f3w klimatycznych <\/a><\/div>\r\n<div class=\"product\" style=\"margin-left: calc(16% + 1px); background-image: url('\/wp-content\/uploads\/2019\/05\/LEPIDL\u00c1_07a_Cobb.jpg');\"><a href=\"\/index.php\/pl\/kleje-do-etykietowania\/okreslanie-indeksu-etykiet-cobb\/\"> Okre\u015blanie indeksu etykiet Cobb <\/a><\/div>\r\n<div class=\"product\" style=\"margin-left: 3px; background-image: url('\/wp-content\/uploads\/2019\/03\/PRINT_04_adit\u00edva.jpg');\"><a href=\"\/index.php\/imitacia-prevadzkovych-a-spotrebitelskych-podmienok\/\"> IMITACJA WARUNK\u00d3W PRACY I KONSUMENTA <\/a><\/div>\r\n<\/center>\r\n<div style=\"clear: both;\">&nbsp;<\/div>\r\n\r\n\r\n\n<p>Aby uzyska\u0107 wi\u0119cej informacji, skontaktuj si\u0119 z nami.<\/p>\n\r\n\r\n\r\n<p>&nbsp;<\/p>\r\n\r\n\r\n\r\n<p>&nbsp;<\/p>\r\n","protected":false},"excerpt":{"rendered":"<p>Kleje do etykiet COLLMEX s\u0105 dostosowane do specyficznych potrzeb ka\u017cdej linii etykiet w celu utrzymania 100% jako\u015bci produktu. Poszczeg\u00f3lne rodzaje klej\u00f3w nadaj\u0105 si\u0119 do suchych, mokrych, zimnych lub ciep\u0142ych powierzchni, szk\u0142a, metalu, tworzyw sztucznych lub tektury. Dost\u0119pne s\u0105 zar\u00f3wno kleje na zimno, jak i na gor\u0105co. Niekt\u00f3re z naszych produkt\u00f3w s\u0105 zaprojektowane tak, aby by\u0142y &hellip; <\/p>\n<p class=\"link-more\"><a href=\"https:\/\/collma.sk\/index.php\/pl\/kleje-do-etykietowania\/\" class=\"more-link\">Pokra\u010dova\u0165 v \u010d\u00edtan\u00ed<span class=\"screen-reader-text\"> &#8222;Kleje do etykietowania&#8220;<\/span><\/a><\/p>\n","protected":false},"author":1,"featured_media":0,"parent":0,"menu_order":0,"comment_status":"closed","ping_status":"closed","template":"","meta":{"ngg_post_thumbnail":0,"footnotes":""},"_links":{"self":[{"href":"https:\/\/collma.sk\/index.php\/wp-json\/wp\/v2\/pages\/79"}],"collection":[{"href":"https:\/\/collma.sk\/index.php\/wp-json\/wp\/v2\/pages"}],"about":[{"href":"https:\/\/collma.sk\/index.php\/wp-json\/wp\/v2\/types\/page"}],"author":[{"embeddable":true,"href":"https:\/\/collma.sk\/index.php\/wp-json\/wp\/v2\/users\/1"}],"replies":[{"embeddable":true,"href":"https:\/\/collma.sk\/index.php\/wp-json\/wp\/v2\/comments?post=79"}],"version-history":[{"count":12,"href":"https:\/\/collma.sk\/index.php\/wp-json\/wp\/v2\/pages\/79\/revisions"}],"predecessor-version":[{"id":9128,"href":"https:\/\/collma.sk\/index.php\/wp-json\/wp\/v2\/pages\/79\/revisions\/9128"}],"wp:attachment":[{"href":"https:\/\/collma.sk\/index.php\/wp-json\/wp\/v2\/media?parent=79"}],"curies":[{"name":"wp","href":"https:\/\/api.w.org\/{rel}","templated":true}]}}