{"id":8,"date":"2019-03-05T00:34:11","date_gmt":"2019-03-04T23:34:11","guid":{"rendered":"http:\/\/collma.profiweb.biz\/?page_id=8"},"modified":"2020-11-09T14:18:00","modified_gmt":"2020-11-09T13:18:00","slug":"home","status":"publish","type":"page","link":"https:\/\/collma.sk\/","title":{"rendered":"\u0160PECIALIZOVAN\u00c1 V\u00ddROBA ETIKETOVAC\u00cdCH LEPIDIEL A PRODUKTOV PRE PRINTOV\u00dd PROGRAM"},"content":{"rendered":"<p>O najvy\u0161\u0161iu kvalitu v\u00fdrobkov spolo\u010dnosti Collma sa star\u00e1 t\u00edm vysokokvalifikovan\u00fdch \u0161pecialistov, ktor\u00ed permanentne sleduj\u00fa trendy vo v\u00fdvoji obalovej a printovej techniky, ako aj vyu\u017e\u00edvanie nov\u00fdch materi\u00e1lov.<\/p>\n<p>Nov\u00e9 poznatky sa pren\u00e1\u0161aj\u00fa do v\u00fdvoja lepidiel a printov\u00fdch produktov so z\u00e1merom zvy\u0161ovania ich kvality a ekonomickej efekt\u00edvnosti. Uplat\u0148ujeme pri tom princ\u00edpy ochrany \u013eudsk\u00e9ho zdravia a \u017eivotn\u00e9ho prostredia.<\/p>\n<p>Hlavn\u00fdm cie\u013eom v\u00fdskumu a v\u00fdvoja je zabezpe\u010di\u0165, aby produkty spolo\u010dnosti Collma vyhoveli v\u0161etk\u00fdm po\u017eiadavk\u00e1m z\u00e1kazn\u00edka. Modern\u00e9 technologick\u00e9 vybavenie s kontinu\u00e1lnym meran\u00edm a z\u00e1znamom \u0161pecifikovan\u00fdch parametrov je vyu\u017e\u00edvan\u00e9 k dosahovaniu \u0161tandardn\u00fdch podmienok ka\u017edej vyr\u00e1banej v\u00e1rky a pom\u00e1ha udr\u017eiava\u0165 \u0161tandardn\u00e9 vlastnosti vyr\u00e1ban\u00fdch produktov.<\/p>\n<p>V r\u00e1mci dod\u00e1vate\u013esk\u00e9ho vz\u0165ahu poskytuje spolo\u010dnos\u0165 Collma konzulta\u010dn\u00fd servis a podporu pri optimaliz\u00e1cii pracovn\u00fdch parametrov na aplika\u010dn\u00fdch technologick\u00fdch zariadeniach.<\/p>\n<p>S\u00fa\u010dasn\u00e1 v\u00fdrobn\u00e1 kapacita m\u00f4\u017ee pokry\u0165 i ve\u013emi vysok\u00e9 mno\u017estevn\u00e9 po\u017eiadavky z\u00e1kazn\u00edkov. Spolo\u010dnos\u0165 uplat\u0148uje syst\u00e9m kvality pod\u013ea ISO 9001.<\/p>\n\n\n<p><\/p>\n","protected":false},"excerpt":{"rendered":"<p>O najvy\u0161\u0161iu kvalitu v\u00fdrobkov spolo\u010dnosti Collma sa star\u00e1 t\u00edm vysokokvalifikovan\u00fdch \u0161pecialistov, ktor\u00ed permanentne sleduj\u00fa trendy vo v\u00fdvoji obalovej a printovej techniky, ako aj vyu\u017e\u00edvanie nov\u00fdch materi\u00e1lov. Nov\u00e9 poznatky sa pren\u00e1\u0161aj\u00fa do v\u00fdvoja lepidiel a printov\u00fdch produktov so z\u00e1merom zvy\u0161ovania ich kvality a ekonomickej efekt\u00edvnosti. Uplat\u0148ujeme pri tom princ\u00edpy ochrany \u013eudsk\u00e9ho zdravia a \u017eivotn\u00e9ho prostredia. Hlavn\u00fdm &hellip; <\/p>\n<p class=\"link-more\"><a href=\"https:\/\/collma.sk\/\" class=\"more-link\">Pokra\u010dova\u0165 v \u010d\u00edtan\u00ed<span class=\"screen-reader-text\"> &#8222;\u0160PECIALIZOVAN\u00c1 V\u00ddROBA ETIKETOVAC\u00cdCH LEPIDIEL A PRODUKTOV PRE PRINTOV\u00dd PROGRAM&#8220;<\/span><\/a><\/p>\n","protected":false},"author":1,"featured_media":0,"parent":0,"menu_order":0,"comment_status":"closed","ping_status":"closed","template":"","meta":{"ngg_post_thumbnail":0,"footnotes":""},"_links":{"self":[{"href":"https:\/\/collma.sk\/index.php\/wp-json\/wp\/v2\/pages\/8"}],"collection":[{"href":"https:\/\/collma.sk\/index.php\/wp-json\/wp\/v2\/pages"}],"about":[{"href":"https:\/\/collma.sk\/index.php\/wp-json\/wp\/v2\/types\/page"}],"author":[{"embeddable":true,"href":"https:\/\/collma.sk\/index.php\/wp-json\/wp\/v2\/users\/1"}],"replies":[{"embeddable":true,"href":"https:\/\/collma.sk\/index.php\/wp-json\/wp\/v2\/comments?post=8"}],"version-history":[{"count":9,"href":"https:\/\/collma.sk\/index.php\/wp-json\/wp\/v2\/pages\/8\/revisions"}],"predecessor-version":[{"id":661,"href":"https:\/\/collma.sk\/index.php\/wp-json\/wp\/v2\/pages\/8\/revisions\/661"}],"wp:attachment":[{"href":"https:\/\/collma.sk\/index.php\/wp-json\/wp\/v2\/media?parent=8"}],"curies":[{"name":"wp","href":"https:\/\/api.w.org\/{rel}","templated":true}]}}