{"id":8178,"date":"2020-11-03T18:24:41","date_gmt":"2020-11-03T17:24:41","guid":{"rendered":"http:\/\/collma.profiweb.biz\/?page_id=8178"},"modified":"2020-11-05T16:19:10","modified_gmt":"2020-11-05T15:19:10","slug":"lepidla-pre-kolky","status":"publish","type":"page","link":"https:\/\/collma.sk\/index.php\/lepidla-pre-kolky\/","title":{"rendered":"Lepidl\u00e1 pre kolky"},"content":{"rendered":"\n<div class=\"wp-block-image\"><figure class=\"alignright size-large is-resized\"><img loading=\"lazy\" decoding=\"async\" src=\"http:\/\/collma.profiweb.biz\/wp-content\/uploads\/2019\/03\/LEPIDL\u00c1_05_tavn\u00e9-1024x768.jpg\" alt=\"\" class=\"wp-image-196\" width=\"190\" height=\"143\" srcset=\"https:\/\/collma.sk\/wp-content\/uploads\/2019\/03\/LEPIDL\u00c1_05_tavn\u00e9-1024x768.jpg 1024w, https:\/\/collma.sk\/wp-content\/uploads\/2019\/03\/LEPIDL\u00c1_05_tavn\u00e9-300x225.jpg 300w, https:\/\/collma.sk\/wp-content\/uploads\/2019\/03\/LEPIDL\u00c1_05_tavn\u00e9-768x576.jpg 768w\" sizes=\"(max-width: 190px) 100vw, 190px\" \/><\/figure><\/div>\n\n\n\n<p>Spolo\u010dnos\u0165 COLLMA takisto pon\u00faka aj vysokokvalitn\u00e9 disperzn\u00e9 lepidl\u00e1 na lepenie kontroln\u00fdch zn\u00e1mok &#8211; \u201ekolkov\u201c.<\/p>\n\n\n\n<p>Svojimi lepidlami ur\u010den\u00fdmi pre tento \u00fa\u010del pon\u00faka najvy\u0161\u0161\u00ed \u0161tandard pri samotnej aplik\u00e1cii, \u010di sa jedn\u00e1 o&nbsp;kolky tvaru \u201eU\u201c alebo \u201eL\u201c. Hlavne v\u0161ak zaru\u010duje, \u017ee lepidl\u00e1 COLLMEX sp\u013a\u0148aj\u00fa ve\u013emi pr\u00edsne krit\u00e9ria posudzovania kvality. Po zaschnut\u00ed lepidla doch\u00e1dza pri otv\u00e1ran\u00ed produktov k po\u0161kodeniu \u2013 roztrhnutiu kolkov.<\/p>\n\n\n\n<p>V&nbsp;pr\u00edpade z\u00e1ujmu n\u00e1s nev\u00e1hajte kontaktova\u0165, n\u00e1\u0161 t\u00edm \u0161pecialistov pre V\u00e1s priprav\u00ed individu\u00e1lnu ponuku, \u0161it\u00fa priamo na mieru Va\u0161ej linky.<\/p>\n\n\n\n<div class=\"wp-block-buttons aligncenter is-layout-flex wp-block-buttons-is-layout-flex\">\n<div class=\"wp-block-button\"><a class=\"wp-block-button__link\" href=\"\/index.php\/kontakt\/\">kontaktujte n\u00e1s<\/a><\/div>\n<\/div>\n","protected":false},"excerpt":{"rendered":"<p>Spolo\u010dnos\u0165 COLLMA takisto pon\u00faka aj vysokokvalitn\u00e9 disperzn\u00e9 lepidl\u00e1 na lepenie kontroln\u00fdch zn\u00e1mok &#8211; \u201ekolkov\u201c. Svojimi lepidlami ur\u010den\u00fdmi pre tento \u00fa\u010del pon\u00faka najvy\u0161\u0161\u00ed \u0161tandard pri samotnej aplik\u00e1cii, \u010di sa jedn\u00e1 o&nbsp;kolky tvaru \u201eU\u201c alebo \u201eL\u201c. Hlavne v\u0161ak zaru\u010duje, \u017ee lepidl\u00e1 COLLMEX sp\u013a\u0148aj\u00fa ve\u013emi pr\u00edsne krit\u00e9ria posudzovania kvality. Po zaschnut\u00ed lepidla doch\u00e1dza pri otv\u00e1ran\u00ed produktov k po\u0161kodeniu &hellip; <\/p>\n<p class=\"link-more\"><a href=\"https:\/\/collma.sk\/index.php\/lepidla-pre-kolky\/\" class=\"more-link\">Pokra\u010dova\u0165 v \u010d\u00edtan\u00ed<span class=\"screen-reader-text\"> &#8222;Lepidl\u00e1 pre kolky&#8220;<\/span><\/a><\/p>\n","protected":false},"author":1,"featured_media":0,"parent":0,"menu_order":0,"comment_status":"closed","ping_status":"closed","template":"","meta":{"ngg_post_thumbnail":0,"footnotes":""},"_links":{"self":[{"href":"https:\/\/collma.sk\/index.php\/wp-json\/wp\/v2\/pages\/8178"}],"collection":[{"href":"https:\/\/collma.sk\/index.php\/wp-json\/wp\/v2\/pages"}],"about":[{"href":"https:\/\/collma.sk\/index.php\/wp-json\/wp\/v2\/types\/page"}],"author":[{"embeddable":true,"href":"https:\/\/collma.sk\/index.php\/wp-json\/wp\/v2\/users\/1"}],"replies":[{"embeddable":true,"href":"https:\/\/collma.sk\/index.php\/wp-json\/wp\/v2\/comments?post=8178"}],"version-history":[{"count":7,"href":"https:\/\/collma.sk\/index.php\/wp-json\/wp\/v2\/pages\/8178\/revisions"}],"predecessor-version":[{"id":8709,"href":"https:\/\/collma.sk\/index.php\/wp-json\/wp\/v2\/pages\/8178\/revisions\/8709"}],"wp:attachment":[{"href":"https:\/\/collma.sk\/index.php\/wp-json\/wp\/v2\/media?parent=8178"}],"curies":[{"name":"wp","href":"https:\/\/api.w.org\/{rel}","templated":true}]}}