{"id":82,"date":"2019-03-07T11:24:27","date_gmt":"2019-03-07T10:24:27","guid":{"rendered":"http:\/\/collma.profiweb.biz\/?page_id=82"},"modified":"2020-11-04T17:11:04","modified_gmt":"2020-11-04T16:11:04","slug":"uvod","status":"publish","type":"page","link":"https:\/\/collma.sk\/index.php\/pl\/uvod\/","title":{"rendered":"SPECJALISTYCZNA PRODUKCJA KLEJ\u00d3W DO ETYKIET I WYROB\u00d3W DO PROGRAMU DRUKU"},"content":{"rendered":"\n<p>O najwy\u017csz\u0105 jako\u015b\u0107 produkt\u00f3w Collma dba zesp\u00f3\u0142 wysoko wykwalifikowanych specjalist\u00f3w, kt\u00f3rzy na bie\u017c\u0105co \u015bledz\u0105 trendy w rozwoju technologii pakowania i druku oraz wykorzystania nowych materia\u0142\u00f3w.<\/p>\n\n\n\n<p>Nowa wiedza jest przekazywana do rozwoju klej\u00f3w i produkt\u00f3w poligraficznych w celu podniesienia ich jako\u015bci i efektywno\u015bci ekonomicznej. Przestrzegamy zasad ochrony zdrowia ludzi i \u015brodowiska.<\/p>\n\n\n\n<p>G\u0142\u00f3wnym celem bada\u0144 i rozwoju jest zapewnienie, \u017ce produkty Collma spe\u0142niaj\u0105 wszystkie wymagania klient\u00f3w. Nowoczesne wyposa\u017cenie technologiczne z ci\u0105g\u0142ym pomiarem i rejestracj\u0105 okre\u015blonych parametr\u00f3w s\u0142u\u017cy osi\u0105gni\u0119ciu standardowych warunk\u00f3w ka\u017cdej wyprodukowanej partii oraz pomaga zachowa\u0107 standardowe w\u0142a\u015bciwo\u015bci wytwarzanych wyrob\u00f3w.<\/p>\n\n\n\n<p>W ramach relacji z dostawcami Collma \u015bwiadczy us\u0142ugi doradcze i wsparcie w zakresie optymalizacji parametr\u00f3w pracy urz\u0105dze\u0144 stosowanych w technologii aplikacji.<\/p>\n\n\n\n<p>Obecna zdolno\u015b\u0107 produkcyjna mo\u017ce pokry\u0107 nawet bardzo du\u017ce wymagania ilo\u015bciowe klient\u00f3w. Firma stosuje system jako\u015bci zgodny z ISO 9001.<\/p>\n\n\n\n<p><br><\/p>\n","protected":false},"excerpt":{"rendered":"<p>O najwy\u017csz\u0105 jako\u015b\u0107 produkt\u00f3w Collma dba zesp\u00f3\u0142 wysoko wykwalifikowanych specjalist\u00f3w, kt\u00f3rzy na bie\u017c\u0105co \u015bledz\u0105 trendy w rozwoju technologii pakowania i druku oraz wykorzystania nowych materia\u0142\u00f3w. Nowa wiedza jest przekazywana do rozwoju klej\u00f3w i produkt\u00f3w poligraficznych w celu podniesienia ich jako\u015bci i efektywno\u015bci ekonomicznej. Przestrzegamy zasad ochrony zdrowia ludzi i \u015brodowiska. G\u0142\u00f3wnym celem bada\u0144 i rozwoju &hellip; <\/p>\n<p class=\"link-more\"><a href=\"https:\/\/collma.sk\/index.php\/pl\/uvod\/\" class=\"more-link\">Pokra\u010dova\u0165 v \u010d\u00edtan\u00ed<span class=\"screen-reader-text\"> &#8222;SPECJALISTYCZNA PRODUKCJA KLEJ\u00d3W DO ETYKIET I WYROB\u00d3W DO PROGRAMU DRUKU&#8220;<\/span><\/a><\/p>\n","protected":false},"author":1,"featured_media":68,"parent":0,"menu_order":0,"comment_status":"closed","ping_status":"closed","template":"","meta":{"ngg_post_thumbnail":0,"footnotes":""},"_links":{"self":[{"href":"https:\/\/collma.sk\/index.php\/wp-json\/wp\/v2\/pages\/82"}],"collection":[{"href":"https:\/\/collma.sk\/index.php\/wp-json\/wp\/v2\/pages"}],"about":[{"href":"https:\/\/collma.sk\/index.php\/wp-json\/wp\/v2\/types\/page"}],"author":[{"embeddable":true,"href":"https:\/\/collma.sk\/index.php\/wp-json\/wp\/v2\/users\/1"}],"replies":[{"embeddable":true,"href":"https:\/\/collma.sk\/index.php\/wp-json\/wp\/v2\/comments?post=82"}],"version-history":[{"count":2,"href":"https:\/\/collma.sk\/index.php\/wp-json\/wp\/v2\/pages\/82\/revisions"}],"predecessor-version":[{"id":8336,"href":"https:\/\/collma.sk\/index.php\/wp-json\/wp\/v2\/pages\/82\/revisions\/8336"}],"wp:featuredmedia":[{"embeddable":true,"href":"https:\/\/collma.sk\/index.php\/wp-json\/wp\/v2\/media\/68"}],"wp:attachment":[{"href":"https:\/\/collma.sk\/index.php\/wp-json\/wp\/v2\/media?parent=82"}],"curies":[{"name":"wp","href":"https:\/\/api.w.org\/{rel}","templated":true}]}}