{"id":8305,"date":"2020-11-04T15:49:41","date_gmt":"2020-11-04T14:49:41","guid":{"rendered":"http:\/\/collma.profiweb.biz\/?page_id=8305"},"modified":"2023-09-20T16:57:30","modified_gmt":"2023-09-20T14:57:30","slug":"disinfection","status":"publish","type":"page","link":"https:\/\/collma.sk\/index.php\/en\/disinfection\/","title":{"rendered":"PROFESSIONAL DISINFECTION FOR HANDS, SKIN AND ALL SURFACES"},"content":{"rendered":"\r\n<div class=\"wp-block-image\">\r\n<figure class=\"alignright size-large is-resized\"><img loading=\"lazy\" decoding=\"async\" class=\"wp-image-8501\" src=\"https:\/\/collma.sk\/wp-content\/uploads\/2020\/11\/dezinfekcia-1-1024x490.jpg\" alt=\"\" width=\"168\" height=\"79\" srcset=\"https:\/\/collma.sk\/wp-content\/uploads\/2020\/11\/dezinfekcia-1-1024x490.jpg 1024w, https:\/\/collma.sk\/wp-content\/uploads\/2020\/11\/dezinfekcia-1.jpg 1042w\" sizes=\"(max-width: 168px) 100vw, 168px\" \/><\/figure>\r\n<\/div>\r\n\r\n\r\n\r\n<p>COLLMEX DISINFECT disinfection is based on ethanol in a concentration of up to 800 ml \/ l, which enables the highly effective elimination of unwanted viruses, fungi and bacteria. At the same time, it is enriched with glycerol, which helps prevent the skin from drying out.<\/p>\r\n\r\n\r\n\r\n<ul>\r\n<li>It is suitable for professionals, businesses and households, with a wide range of packaging for every use<\/li>\r\n<li>Disinfection of hands, skin, objects and surfaces<\/li>\r\n<li>The COLLMEX DISINFECT variant with a delicate scent suppresses an alcoholic odor and leaves a pleasant scent<\/li>\r\n<li>It meets the strict criteria of MHSR and is registered under no. bio \/ 1524 \/ D \/ 20 \/ CCHLP<\/li>\r\n<li>It is designed in accordance with WHO recommendations<\/li>\r\n<li>It is manufactured by a team of professionals to achieve the standard of each batch produced, applying the highest principles of health and safety, environmental protection and quality according to ISO 9001<\/li>\r\n<\/ul>\r\n<p>Use biocides safely. Always read the label and product information before use.<\/p>\r\n\r\n\r\n\r\n<div class=\"wp-block-buttons is-layout-flex wp-block-buttons-is-layout-flex\">\r\n<div class=\"wp-block-button\"><a class=\"wp-block-button__link\" href=\"https:\/\/www.disinfect.sk\/\" target=\"_blank\" rel=\"noreferrer noopener\">open e-shop<\/a><\/div>\r\n<\/div>\r\n","protected":false},"excerpt":{"rendered":"<p>COLLMEX DISINFECT disinfection is based on ethanol in a concentration of up to 800 ml \/ l, which enables the highly effective elimination of unwanted viruses, fungi and bacteria. At the same time, it is enriched with glycerol, which helps prevent the skin from drying out. It is suitable for professionals, businesses and households, with &hellip; <\/p>\n<p class=\"link-more\"><a href=\"https:\/\/collma.sk\/index.php\/en\/disinfection\/\" class=\"more-link\">Pokra\u010dova\u0165 v \u010d\u00edtan\u00ed<span class=\"screen-reader-text\"> &#8222;PROFESSIONAL DISINFECTION FOR HANDS, SKIN AND ALL SURFACES&#8220;<\/span><\/a><\/p>\n","protected":false},"author":1,"featured_media":8197,"parent":0,"menu_order":0,"comment_status":"closed","ping_status":"closed","template":"","meta":{"ngg_post_thumbnail":0,"footnotes":""},"_links":{"self":[{"href":"https:\/\/collma.sk\/index.php\/wp-json\/wp\/v2\/pages\/8305"}],"collection":[{"href":"https:\/\/collma.sk\/index.php\/wp-json\/wp\/v2\/pages"}],"about":[{"href":"https:\/\/collma.sk\/index.php\/wp-json\/wp\/v2\/types\/page"}],"author":[{"embeddable":true,"href":"https:\/\/collma.sk\/index.php\/wp-json\/wp\/v2\/users\/1"}],"replies":[{"embeddable":true,"href":"https:\/\/collma.sk\/index.php\/wp-json\/wp\/v2\/comments?post=8305"}],"version-history":[{"count":6,"href":"https:\/\/collma.sk\/index.php\/wp-json\/wp\/v2\/pages\/8305\/revisions"}],"predecessor-version":[{"id":9604,"href":"https:\/\/collma.sk\/index.php\/wp-json\/wp\/v2\/pages\/8305\/revisions\/9604"}],"wp:featuredmedia":[{"embeddable":true,"href":"https:\/\/collma.sk\/index.php\/wp-json\/wp\/v2\/media\/8197"}],"wp:attachment":[{"href":"https:\/\/collma.sk\/index.php\/wp-json\/wp\/v2\/media?parent=8305"}],"curies":[{"name":"wp","href":"https:\/\/api.w.org\/{rel}","templated":true}]}}