{"id":8308,"date":"2020-11-04T15:50:06","date_gmt":"2020-11-04T14:50:06","guid":{"rendered":"http:\/\/collma.profiweb.biz\/?page_id=8308"},"modified":"2023-09-20T16:58:45","modified_gmt":"2023-09-20T14:58:45","slug":"dezynfekcja","status":"publish","type":"page","link":"https:\/\/collma.sk\/index.php\/pl\/dezynfekcja\/","title":{"rendered":"PROFESJONALNA DEZYNFEKCJA R\u0104K, SK\u00d3RY, PRZEDMIOT\u00d3W I POWIERZCHNI"},"content":{"rendered":"\r\n<div class=\"wp-block-image\">\r\n<figure class=\"alignright size-large is-resized\"><img loading=\"lazy\" decoding=\"async\" class=\"wp-image-8503\" src=\"https:\/\/collma.sk\/wp-content\/uploads\/2020\/11\/dezinfekcia-2-1024x490.jpg\" alt=\"\" width=\"195\" height=\"92\" srcset=\"https:\/\/collma.sk\/wp-content\/uploads\/2020\/11\/dezinfekcia-2-1024x490.jpg 1024w, https:\/\/collma.sk\/wp-content\/uploads\/2020\/11\/dezinfekcia-2-768x368.jpg 768w, https:\/\/collma.sk\/wp-content\/uploads\/2020\/11\/dezinfekcia-2.jpg 1042w\" sizes=\"(max-width: 195px) 100vw, 195px\" \/><\/figure>\r\n<\/div>\r\n\r\n\r\n\r\n<p>Dezynfekcja COLLMEX DISINFECT oparta jest na etanolu w st\u0119\u017ceniu do 800 ml \/ l, co pozwala na wysoce efektywn\u0105 eliminacj\u0119 niechcianych wirus\u00f3w, grzyb\u00f3w i bakterii. Jednocze\u015bnie wzbogacony jest gliceryn\u0105, kt\u00f3ra zapobiega wysychaniu sk\u00f3ry.<\/p>\r\n\r\n\r\n\r\n<ul>\r\n<li>Jest odpowiedni dla profesjonalist\u00f3w, firm i gospodarstw domowych, z szerok\u0105 gam\u0105 opakowa\u0144 do ka\u017cdego zastosowania<\/li>\r\n<li>Dezynfekcja r\u0105k, sk\u00f3ry, przedmiot\u00f3w i powierzchni<\/li>\r\n<li>Wariant COLLMEX DISINFECT o delikatnym zapachu t\u0142umi alkoholowy zapach i pozostawia przyjemny zapach<\/li>\r\n<li>Spe\u0142nia surowe kryteria MHSR i jest zarejestrowany pod nr. bio \/ 1524 \/ D \/ 20 \/ CCHLP<\/li>\r\n<li>Zaprojektowany zgodnie z zaleceniami WHO<\/li>\r\n<li>Jest produkowany przez zesp\u00f3\u0142 profesjonalist\u00f3w w celu osi\u0105gni\u0119cia standardu ka\u017cdej wyprodukowanej partii, z zastosowaniem najwy\u017cszych zasad BHP, ochrony \u015brodowiska i jako\u015bci zgodnie z ISO 9001<\/li>\r\n<\/ul>\r\n<p>Produkt\u00f3w biob\u00f3jczych nale\u017cy u\u017cywa\u0107 z zachowaniem \u015brodk\u00f3w ostro\u017cno\u015bci. Przed ka\u017cdym u\u017cyciem nale\u017cy przeczyta\u0107 etykiet\u0119 i informacje dotycz\u0105ce produktu.<\/p>\r\n\r\n\r\n\r\n<div class=\"wp-block-buttons is-layout-flex wp-block-buttons-is-layout-flex\">\r\n<div class=\"wp-block-button\"><a class=\"wp-block-button__link\" href=\"https:\/\/www.disinfect.sk\/\" target=\"_blank\" rel=\"noreferrer noopener\">otw\u00f3rz sklep internetowy<\/a><\/div>\r\n<\/div>\r\n","protected":false},"excerpt":{"rendered":"<p>Dezynfekcja COLLMEX DISINFECT oparta jest na etanolu w st\u0119\u017ceniu do 800 ml \/ l, co pozwala na wysoce efektywn\u0105 eliminacj\u0119 niechcianych wirus\u00f3w, grzyb\u00f3w i bakterii. Jednocze\u015bnie wzbogacony jest gliceryn\u0105, kt\u00f3ra zapobiega wysychaniu sk\u00f3ry. Jest odpowiedni dla profesjonalist\u00f3w, firm i gospodarstw domowych, z szerok\u0105 gam\u0105 opakowa\u0144 do ka\u017cdego zastosowania Dezynfekcja r\u0105k, sk\u00f3ry, przedmiot\u00f3w i powierzchni Wariant &hellip; <\/p>\n<p class=\"link-more\"><a href=\"https:\/\/collma.sk\/index.php\/pl\/dezynfekcja\/\" class=\"more-link\">Pokra\u010dova\u0165 v \u010d\u00edtan\u00ed<span class=\"screen-reader-text\"> &#8222;PROFESJONALNA DEZYNFEKCJA R\u0104K, SK\u00d3RY, PRZEDMIOT\u00d3W I POWIERZCHNI&#8220;<\/span><\/a><\/p>\n","protected":false},"author":1,"featured_media":8197,"parent":0,"menu_order":0,"comment_status":"closed","ping_status":"closed","template":"","meta":{"ngg_post_thumbnail":0,"footnotes":""},"_links":{"self":[{"href":"https:\/\/collma.sk\/index.php\/wp-json\/wp\/v2\/pages\/8308"}],"collection":[{"href":"https:\/\/collma.sk\/index.php\/wp-json\/wp\/v2\/pages"}],"about":[{"href":"https:\/\/collma.sk\/index.php\/wp-json\/wp\/v2\/types\/page"}],"author":[{"embeddable":true,"href":"https:\/\/collma.sk\/index.php\/wp-json\/wp\/v2\/users\/1"}],"replies":[{"embeddable":true,"href":"https:\/\/collma.sk\/index.php\/wp-json\/wp\/v2\/comments?post=8308"}],"version-history":[{"count":5,"href":"https:\/\/collma.sk\/index.php\/wp-json\/wp\/v2\/pages\/8308\/revisions"}],"predecessor-version":[{"id":9605,"href":"https:\/\/collma.sk\/index.php\/wp-json\/wp\/v2\/pages\/8308\/revisions\/9605"}],"wp:featuredmedia":[{"embeddable":true,"href":"https:\/\/collma.sk\/index.php\/wp-json\/wp\/v2\/media\/8197"}],"wp:attachment":[{"href":"https:\/\/collma.sk\/index.php\/wp-json\/wp\/v2\/media?parent=8308"}],"curies":[{"name":"wp","href":"https:\/\/api.w.org\/{rel}","templated":true}]}}