{"id":8365,"date":"2020-11-04T17:44:25","date_gmt":"2020-11-04T16:44:25","guid":{"rendered":"http:\/\/collma.profiweb.biz\/?page_id=8365"},"modified":"2020-11-05T13:11:30","modified_gmt":"2020-11-05T12:11:30","slug":"kleje-do-stempli","status":"publish","type":"page","link":"https:\/\/collma.sk\/index.php\/pl\/kleje-do-stempli\/","title":{"rendered":"Kleje do stempli"},"content":{"rendered":"\n<p>KLEJE DO STEMPLI<\/p>\n\n\n\n<p>Aby uzyska\u0107 wi\u0119cej informacji, skontaktuj si\u0119 z nami.<\/p>\n\n\n\n<div class=\"wp-block-buttons aligncenter is-layout-flex wp-block-buttons-is-layout-flex\">\n<div class=\"wp-block-button\"><a class=\"wp-block-button__link\" href=\"\/index.php\/pl\/skontaktuj\/\">skontaktuj si\u0119<\/a><\/div>\n<\/div>\n","protected":false},"excerpt":{"rendered":"<p>KLEJE DO STEMPLI<\/p>\n","protected":false},"author":1,"featured_media":0,"parent":0,"menu_order":0,"comment_status":"closed","ping_status":"closed","template":"","meta":{"ngg_post_thumbnail":0,"footnotes":""},"_links":{"self":[{"href":"https:\/\/collma.sk\/index.php\/wp-json\/wp\/v2\/pages\/8365"}],"collection":[{"href":"https:\/\/collma.sk\/index.php\/wp-json\/wp\/v2\/pages"}],"about":[{"href":"https:\/\/collma.sk\/index.php\/wp-json\/wp\/v2\/types\/page"}],"author":[{"embeddable":true,"href":"https:\/\/collma.sk\/index.php\/wp-json\/wp\/v2\/users\/1"}],"replies":[{"embeddable":true,"href":"https:\/\/collma.sk\/index.php\/wp-json\/wp\/v2\/comments?post=8365"}],"version-history":[{"count":3,"href":"https:\/\/collma.sk\/index.php\/wp-json\/wp\/v2\/pages\/8365\/revisions"}],"predecessor-version":[{"id":8679,"href":"https:\/\/collma.sk\/index.php\/wp-json\/wp\/v2\/pages\/8365\/revisions\/8679"}],"wp:attachment":[{"href":"https:\/\/collma.sk\/index.php\/wp-json\/wp\/v2\/media?parent=8365"}],"curies":[{"name":"wp","href":"https:\/\/api.w.org\/{rel}","templated":true}]}}