{"id":84,"date":"2019-03-07T11:28:32","date_gmt":"2019-03-07T10:28:32","guid":{"rendered":"http:\/\/collma.profiweb.biz\/?page_id=84"},"modified":"2020-11-05T13:17:13","modified_gmt":"2020-11-05T12:17:13","slug":"o-firmie","status":"publish","type":"page","link":"https:\/\/collma.sk\/index.php\/pl\/o-firmie\/","title":{"rendered":"O firmie COLLMA"},"content":{"rendered":"\n<div class=\"wp-block-columns are-vertically-aligned-center about-page is-layout-flex wp-container-core-columns-is-layout-1 wp-block-columns-is-layout-flex\">\n<div class=\"wp-block-column is-vertically-aligned-center is-layout-flow wp-block-column-is-layout-flow\">\n<figure class=\"wp-block-image size-large is-resized\"><img loading=\"lazy\" decoding=\"async\" src=\"http:\/\/collma.profiweb.biz\/wp-content\/uploads\/2020\/11\/DSC02118b-952x1024-1-350x376-2.jpg\" alt=\"\" class=\"wp-image-8515\" width=\"199\" height=\"213\" srcset=\"https:\/\/collma.sk\/wp-content\/uploads\/2020\/11\/DSC02118b-952x1024-1-350x376-2.jpg 350w, https:\/\/collma.sk\/wp-content\/uploads\/2020\/11\/DSC02118b-952x1024-1-350x376-2-279x300.jpg 279w\" sizes=\"(max-width: 199px) 100vw, 199px\" \/><\/figure>\n<\/div>\n\n\n\n<div class=\"wp-block-column is-vertically-aligned-center is-layout-flow wp-block-column-is-layout-flow\">\n<p class=\"has-text-align-center\"><strong>Jaroslav Kotrla a Janka Vr\u00ed\u010danov\u00e1<\/strong><\/p>\n\n\n\n<p class=\"has-text-align-center\">kierownictwo firmy<\/p>\n\n\n\n<p><\/p>\n<\/div>\n<\/div>\n\n\n\n<p>Najwy\u017csz\u0105 jako\u015b\u0107 produkt\u00f3w Collma zapewnia zesp\u00f3\u0142 wysoko wykwalifikowanych specjalist\u00f3w, kt\u00f3rzy stale pod\u0105\u017caj\u0105 za trendami w rozwoju technologii pakowania i drukowania, a tak\u017ce stosowania nowych materia\u0142\u00f3w. Nowa wiedza jest przenoszona na rozw\u00f3j klej\u00f3w i produkt\u00f3w drukowanych w celu poprawy ich jako\u015bci i wydajno\u015bci ekonomicznej. Robi\u0105c to, stosujemy zasady ochrony zdrowia ludzkiego i \u015brodowiska. Podstawowym celem bada\u0144 i rozwoju jest zapewnienie, \u017ce produkty Collma spe\u0142niaj\u0105 wszystkie wymagania klient\u00f3w.<\/p>\n\n\n\n<p>Nowoczesne urz\u0105dzenia technologiczne z ci\u0105g\u0142ym pomiarem i rejestracj\u0105 okre\u015blonych parametr\u00f3w s\u0142u\u017c\u0105 do osi\u0105gni\u0119cia standardowych warunk\u00f3w ka\u017cdej wyprodukowanej partii i pomagaj\u0105 utrzyma\u0107 standardowe cechy wytwarzanych produkt\u00f3w.<\/p>\n\n\n\n<p>W ramach relacji z dostawc\u0105 Collma zapewnia us\u0142ugi doradcze i wsparcie w zakresie optymalizacji parametr\u00f3w operacyjnych sprz\u0119tu technologicznego. Obecne moce produkcyjne mog\u0105 pokry\u0107 bardzo wysokie wymagania ilo\u015bciowe klient\u00f3w.<br><\/p>\n\n\n\n<div class=\"wp-block-columns has-2-columns is-layout-flex wp-container-core-columns-is-layout-2 wp-block-columns-is-layout-flex\">\n<div class=\"wp-block-column is-layout-flow wp-block-column-is-layout-flow\">\n<p><strong>Firma stosuje system jako\u015bci zgodny z ISO 9001.<\/strong><\/p>\n<\/div>\n\n\n\n<div class=\"wp-block-column is-layout-flow wp-block-column-is-layout-flow\"><\/div>\n<\/div>\n","protected":false},"excerpt":{"rendered":"<p>Jaroslav Kotrla a Janka Vr\u00ed\u010danov\u00e1 kierownictwo firmy Najwy\u017csz\u0105 jako\u015b\u0107 produkt\u00f3w Collma zapewnia zesp\u00f3\u0142 wysoko wykwalifikowanych specjalist\u00f3w, kt\u00f3rzy stale pod\u0105\u017caj\u0105 za trendami w rozwoju technologii pakowania i drukowania, a tak\u017ce stosowania nowych materia\u0142\u00f3w. Nowa wiedza jest przenoszona na rozw\u00f3j klej\u00f3w i produkt\u00f3w drukowanych w celu poprawy ich jako\u015bci i wydajno\u015bci ekonomicznej. Robi\u0105c to, stosujemy zasady ochrony &hellip; <\/p>\n<p class=\"link-more\"><a href=\"https:\/\/collma.sk\/index.php\/pl\/o-firmie\/\" class=\"more-link\">Pokra\u010dova\u0165 v \u010d\u00edtan\u00ed<span class=\"screen-reader-text\"> &#8222;O firmie COLLMA&#8220;<\/span><\/a><\/p>\n","protected":false},"author":1,"featured_media":65,"parent":0,"menu_order":0,"comment_status":"closed","ping_status":"closed","template":"","meta":{"ngg_post_thumbnail":0,"footnotes":""},"_links":{"self":[{"href":"https:\/\/collma.sk\/index.php\/wp-json\/wp\/v2\/pages\/84"}],"collection":[{"href":"https:\/\/collma.sk\/index.php\/wp-json\/wp\/v2\/pages"}],"about":[{"href":"https:\/\/collma.sk\/index.php\/wp-json\/wp\/v2\/types\/page"}],"author":[{"embeddable":true,"href":"https:\/\/collma.sk\/index.php\/wp-json\/wp\/v2\/users\/1"}],"replies":[{"embeddable":true,"href":"https:\/\/collma.sk\/index.php\/wp-json\/wp\/v2\/comments?post=84"}],"version-history":[{"count":7,"href":"https:\/\/collma.sk\/index.php\/wp-json\/wp\/v2\/pages\/84\/revisions"}],"predecessor-version":[{"id":8686,"href":"https:\/\/collma.sk\/index.php\/wp-json\/wp\/v2\/pages\/84\/revisions\/8686"}],"wp:featuredmedia":[{"embeddable":true,"href":"https:\/\/collma.sk\/index.php\/wp-json\/wp\/v2\/media\/65"}],"wp:attachment":[{"href":"https:\/\/collma.sk\/index.php\/wp-json\/wp\/v2\/media?parent=84"}],"curies":[{"name":"wp","href":"https:\/\/api.w.org\/{rel}","templated":true}]}}