{"id":8793,"date":"2020-11-06T17:16:18","date_gmt":"2020-11-06T16:16:18","guid":{"rendered":"http:\/\/collma.sk\/?page_id=8793"},"modified":"2020-11-06T17:16:19","modified_gmt":"2020-11-06T16:16:19","slug":"ochrana-osobnych-udajov","status":"publish","type":"page","link":"https:\/\/collma.sk\/index.php\/ochrana-osobnych-udajov\/","title":{"rendered":"Ochrana osobn\u00fdch \u00fadajov"},"content":{"rendered":"\n<p>V <strong>COLLMA, spol. s <\/strong><strong>r.o., I\u010cO: 36385824 <\/strong>(\u010falej len <strong>\u201emy\u201c<\/strong>) venujeme ochrane osobn\u00fdch \u00fadajov ve\u013ek\u00fa pozornos\u0165. V tomto dokumente n\u00e1jdete inform\u00e1cie o tom, ak\u00e9 osobn\u00e9 \u00fadaje spracov\u00e1vame najm\u00e4 o na\u0161ich z\u00e1kazn\u00edkoch a u\u017e\u00edvate\u013eoch n\u00e1\u0161ho webu, \u010di \u00fadaje spracov\u00e1vame na z\u00e1klade s\u00fahlasu alebo na z\u00e1klade in\u00e9ho pr\u00e1vneho d\u00f4vodu, k ak\u00fdm \u00fa\u010delom ich pou\u017e\u00edvame, komu ich m\u00f4\u017eeme odovzd\u00e1va\u0165 a ak\u00e9 m\u00e1me v s\u00favislosti so spracovan\u00edm va\u0161ich osobn\u00fdch \u00fadajov pr\u00e1va.<\/p>\n\n\n\n<p>Ak\u00e9 \u00fadaje spracov\u00e1vame?<br>Ak nav\u0161t\u00edvite n\u00e1\u0161 web, do v\u00e1\u0161ho zariadenia uklad\u00e1me a n\u00e1sledne z neho \u010d\u00edtame s\u00fabory cookies. Ke\u010f pou\u017eijete n\u00e1\u0161 odosielac\u00ed formul\u00e1r, pracujeme s menom a priezviskom, emailom a pr\u00edpadne telef\u00f3nnym \u010d\u00edslom, ak ho uvediete.<\/p>\n\n\n\n<p>Pre\u010do osobn\u00e9 \u00fadaje spracov\u00e1vame a \u010do n\u00e1s k tomu opr\u00e1v\u0148uje?<br>Va\u0161e osobn\u00e9 \u00fadaje spracov\u00e1vame v r\u00f4znych situ\u00e1ci\u00e1ch pre r\u00f4zne \u00fa\u010dely. Na spracovanie osobn\u00fdch \u00fadajov n\u00e1s opr\u00e1v\u0148uje bu\u010f pr\u00edprava \u010di plnenie zmluvy s vami, dodr\u017eiavanie pr\u00e1vnych povinnost\u00ed, na\u0161e opr\u00e1vnen\u00e9 z\u00e1ujmy alebo v\u00e1\u0161 s\u00fahlas.<br>V r\u00e1mci na\u0161ej \u010dinnosti spracov\u00e1vame osobn\u00e9 \u00fadaje pre r\u00f4zne \u00fa\u010dely a v r\u00f4znom rozsahu bu\u010f:<\/p>\n\n\n\n<ol><li>bez v\u00e1\u0161ho s\u00fahlasu na z\u00e1klade plnenia zmluvy, n\u00e1\u0161ho opr\u00e1vnen\u00e9ho z\u00e1ujmu alebo z d\u00f4vodu plnenia pr\u00e1vnej povinnosti, alebo<\/li><li>na z\u00e1klade v\u00e1\u0161ho s\u00fahlasu.<\/li><\/ol>\n\n\n\n<p>Ak\u00e9 spracovanie m\u00f4\u017eeme vykon\u00e1va\u0165 bez v\u00e1\u0161ho s\u00fahlasu, z\u00e1vis\u00ed od toho, na ak\u00fd \u00fa\u010del pr\u00edslu\u0161n\u00e9 spracovanie smeruje a v akej poz\u00edcii vo\u010di n\u00e1m vystupujete &#8211; \u010di ste len n\u00e1v\u0161tevn\u00edkom n\u00e1\u0161ho webu, alebo vyu\u017eijete n\u00e1\u0161 kontaktn\u00fd formul\u00e1r.<\/p>\n\n\n\n<p><strong>Ak nav\u0161t\u00edvite n\u00e1\u0161 web<br>Vyu\u017e\u00edvanie s\u00faborov cookies<br><\/strong>Pokia\u013e nav\u0161t\u00edvite n\u00e1\u0161 web, do v\u00e1\u0161ho zariadenia uklad\u00e1me a n\u00e1sledne z neho \u010d\u00edtame s\u00fabory cookies. Niektor\u00e9 cookies do v\u00e1\u0161ho zariadenia uklad\u00e1 priamo n\u00e1\u0161 web. Tieto cookies n\u00e1m pom\u00e1haj\u00fa:<\/p>\n\n\n\n<ul><li>identifikova\u0165 v\u00e1s pri prech\u00e1dzan\u00ed medzi jednotliv\u00fdmi str\u00e1nkami n\u00e1\u0161ho webu a pri op\u00e4tovn\u00fdch n\u00e1v\u0161tev\u00e1ch<\/li><li>evidova\u0165, sk\u00fama\u0165 a odstra\u0148ova\u0165 poruchy a nefunk\u010dn\u00e9 s\u00fa\u010dasti n\u00e1\u0161ho webu.<\/li><\/ul>\n\n\n\n<p>Tak\u00e9to cookies a \u010fal\u0161ie s\u00fabory s\u00fa nevyhnutn\u00e9 pre fungovanie na\u0161ej webovej str\u00e1nky. Pokia\u013e vo svojom prehliada\u010di zablokujete tieto cookies, na\u0161a webov\u00e1 str\u00e1nka nemus\u00ed fungova\u0165 spr\u00e1vne a my v\u00e1m nemus\u00edme by\u0165 schopn\u00ed poskytova\u0165 na\u0161e produkty a slu\u017eby.<br>\u010ealej do v\u00e1\u0161ho zariadenia:<\/p>\n\n\n\n<ul><li>uklad\u00e1me cookies z n\u00e1\u0161ho webu, ktor\u00e9 n\u00e1m umo\u017e\u0148uj\u00fa:<\/li><li>sledova\u0165 n\u00e1v\u0161tevnos\u0165 n\u00e1\u0161ho webu, jeho jednotliv\u00fdch str\u00e1nok, vytv\u00e1ra\u0165 \u0161tatistiky a preh\u013eady;<\/li><li>umo\u017e\u0148ujeme ulo\u017ei\u0165 cookies tret\u00edm stran\u00e1m, ktor\u00e9 ich m\u00f4\u017eu pou\u017ei\u0165:<\/li><li>k zberu \u00fadajov o va\u0161om spr\u00e1van\u00ed na na\u0161om webe a na \u010fal\u0161\u00edch webov\u00fdch str\u00e1nkach;<\/li><li>pre zobrazenie prisp\u00f4soben\u00fdch pon\u00fak a cielenej reklamy v r\u00e1mci reklamn\u00fdch a soci\u00e1lnych siet\u00ed na in\u00fdch webov\u00fdch str\u00e1nkach, ne\u017e je n\u00e1\u0161 web;<\/li><li>k prepojeniu so soci\u00e1lnymi sie\u0165ami ako Facebook.<\/li><\/ul>\n\n\n\n<p>Ak vyu\u017eitie cookies tret\u00edch str\u00e1n a odovzdanie va\u0161ich \u00fadajov reklamn\u00fdm a soci\u00e1lnym sie\u0165am nevypnete v<br>sekcii Nastavenia s\u00fakromia a po na\u0161om upozornen\u00ed kliknete na ak\u00fdko\u013evek odkaz na na\u0161om webe (mimo panel s upozornen\u00edm) alebo kliknete na tla\u010didlo &#8222;Rozumiem&#8220;, ktor\u00e9 je s\u00fa\u010das\u0165ou upozornenia, budeme ma\u0165 za to, \u017ee s vyu\u017e\u00edvan\u00edm t\u00fdchto cookies a odovzd\u00e1van\u00edm va\u0161ich \u00fadajov reklamn\u00fdm a soci\u00e1lnym sie\u0165am s\u00fahlas\u00edte. Svoj s\u00fahlas m\u00f4\u017eete kedyko\u013evek odvola\u0165 vypnut\u00edm tejto funkcie v sekcii Nastavenia s\u00fakromia.<\/p>\n\n\n\n<p><strong>Vyu\u017e\u00edvanie osobn\u00fdch \u00fadajov n\u00e1v\u0161tevn\u00edkov webu<br><\/strong>Ak nav\u0161t\u00edvite web collma.sk, spracov\u00e1vame <strong>\u00fadaje o va\u0161om spr\u00e1van\u00ed na webe <\/strong>na z\u00e1klade n\u00e1\u0161ho opr\u00e1vnen\u00e9ho z\u00e1ujmu (teda bez v\u00e1\u0161ho s\u00fahlasu) na \u00fa\u010dely:<\/p>\n\n\n\n<ul><li>z\u00edskanie inform\u00e1ci\u00ed, na z\u00e1klade ktor\u00fdch pre v\u00e1s budeme m\u00f4c\u0165 web v bud\u00facnosti vylep\u0161i\u0165; na\u0161\u00edm opr\u00e1vnen\u00fdm z\u00e1ujmom je tu zlep\u0161ovanie na\u0161ich slu\u017eieb pre v\u00e1s;<\/li><li>vytv\u00e1ranie \u0161tatist\u00edk a preh\u013eadov, najm\u00e4 sledovanie n\u00e1v\u0161tevnosti n\u00e1\u0161ho webu, jeho jednotliv\u00fdch str\u00e1nok; na\u0161\u00edm opr\u00e1vnen\u00fdm z\u00e1ujmom je tu meranie efektivity n\u00e1\u0161ho; na tento \u00fa\u010del m\u00f4\u017eeme z v\u00e1\u0161ho spr\u00e1vania na webe z\u00edskava\u0165 \u010fal\u0161ie odvoden\u00e9 \u00fadaje a na tento \u00fa\u010del ich pou\u017ei\u0165<\/li><\/ul>\n\n\n\n<p>\u2022 predch\u00e1dzanie \u00fatokom na n\u00e1\u0161 web a ohrozenie jeho funk\u010dnosti i bezpe\u010dnosti va\u0161ich d\u00e1t; na\u0161\u00edm opr\u00e1vnen\u00fdm z\u00e1ujmom je tu bezprobl\u00e9mov\u00e1 funk\u010dnos\u0165 na\u0161ich slu\u017eieb pre v\u00e1s a bezpe\u010dnos\u0165 va\u0161ich d\u00e1t.<\/p>\n\n\n\n<figure class=\"wp-block-table\"><table><tbody><tr><td><strong>Ak vyu\u017eijete kontaktn\u00fd formul\u00e1r<\/strong> Ak vyu\u017eijete n\u00e1\u0161 kontaktn\u00fd formul\u00e1r, pracujeme s menom a priezviskom, emailom a pr\u00edpadne telef\u00f3nnym \u010d\u00edslom, ak ho uvediete.<br>Vami zadan\u00e9 osobn\u00e9 \u00fadaje vyu\u017e\u00edvame na skontaktovanie sa s Vami. Kto Va\u0161e osobn\u00e9 \u00fadaje spracov\u00e1va a komu ich dovzd\u00e1vame?<br>V\u0161etky spomenut\u00e9 osobn\u00e9 \u00fadaje spracov\u00e1vame my ako <strong>prev\u00e1dzkovate\u013e<\/strong>. To znamen\u00e1, \u017ee my stanovujeme zhora vymedzen\u00e9 \u00fa\u010dely, pre ktor\u00e9 va\u0161e osobn\u00e9 \u00fadaje zhroma\u017e\u010fujeme, ur\u010dujeme prostriedky spracovania a zodpoved\u00e1me za ich riadne vykonanie. Z ak\u00fdch zdrojov osobn\u00e9 \u00fadaje z\u00edskavame?<br>Osobn\u00e9 \u00fadaje v\u00e4\u010d\u0161inou z\u00edskavame priamo od v\u00e1s prostredn\u00edctvom n\u00e1\u0161ho webu alebo pri komunik\u00e1cii s vami. Ak\u00e9 m\u00e1te pr\u00e1va pri spracovan\u00ed osobn\u00fdch \u00fadajov?<\/td><\/tr><tr><td><em>Vo vz\u0165ahu k svojim osobn\u00fdm \u00fadajom m\u00e1te viacero pr\u00e1v. Jedn\u00e1 sa o pr\u00e1vo na pr\u00edstup, opravu, vymazanie, obmedzenia spracovania, prenosite\u013enos\u0165, vznesenie n\u00e1mietky a podania s\u0165a\u017enosti.<br><\/em>Rovnako ako my m\u00e1me svoje pr\u00e1va a povinnosti pri spracovan\u00ed va\u0161ich osobn\u00fdch \u00fadajov, m\u00e1te tie\u017e vy pri spracovan\u00ed va\u0161ich osobn\u00fdch \u00fadajov ur\u010dit\u00e9 pr\u00e1va. Medzi tieto pr\u00e1va patria: <strong>Pr\u00e1vo na pr\u00edstup<\/strong> Zjednodu\u0161ene povedan\u00e9 m\u00e1te pr\u00e1vo vedie\u0165, ak\u00e9 \u00fadaje o v\u00e1s spracov\u00e1vame, za ak\u00fdm \u00fa\u010delom, po ak\u00fa dobu, kde va\u0161e osobn\u00e9 \u00fadaje z\u00edskavame, komu ich odovzd\u00e1vame, kto ich okrem n\u00e1s spracov\u00e1va a ak\u00e9 m\u00e1te \u010fal\u0161ie pr\u00e1va s\u00favisiace so spracovan\u00edm va\u0161ich osobn\u00fdch \u00fadajov. To v\u0161etko sa m\u00f4\u017eete dozvedie\u0165 v tomto dokumente &#8222;Ochrana osobn\u00fdch \u00fadajov&#8220;. Ak si v\u0161ak nie ste ist\u00ed, ktor\u00e9 osobn\u00e9 \u00fadaje o v\u00e1s spracov\u00e1vame, m\u00f4\u017eete n\u00e1s po\u017eiada\u0165 o potvrdenie, \u010di osobn\u00e9 \u00fadaje, ktor\u00e9 sa v\u00e1s t\u00fdkaj\u00fa, s\u00fa alebo nie s\u00fa z na\u0161ej strany spracov\u00e1van\u00e9, a ak je to tak, m\u00e1te pr\u00e1vo z\u00edska\u0165 pr\u00edstup k t\u00fdmto osobn\u00fdm \u00fadajom. V r\u00e1mci pr\u00e1va na pr\u00edstup n\u00e1s m\u00f4\u017eete po\u017eiada\u0165 o k\u00f3piu sprac\u00favan\u00fdch osobn\u00fdch \u00fadajov, pri\u010dom prv\u00fa k\u00f3piu v\u00e1m poskytneme bezplatne a \u010fal\u0161ie k\u00f3pie u\u017e s poplatkom. <strong>Pr\u00e1vo na opravu<\/strong> Chybova\u0165 je \u013eudsk\u00e9. Ak zist\u00edte, \u017ee osobn\u00e9 \u00fadaje, ktor\u00e9 o v\u00e1s spracov\u00e1vame, s\u00fa nepresn\u00e9 alebo ne\u00fapln\u00e9, m\u00e1te pr\u00e1vo na to, aby sme ich bez zbyto\u010dn\u00e9ho odkladu opravili, popr\u00edpade doplnili.<br><strong>Pr\u00e1vo na v\u00fdmaz<br><\/strong>V niektor\u00fdch pr\u00edpadoch m\u00e1te pr\u00e1vo, aby sme va\u0161e osobn\u00e9 \u00fadaje vymazali. Va\u0161e osobn\u00e9 \u00fadaje bez zbyto\u010dn\u00e9ho odkladu vyma\u017eeme, pokia\u013e je splnen\u00fd niektor\u00fd z nasleduj\u00facich d\u00f4vodov:<\/td><\/tr><\/tbody><\/table><\/figure>\n\n\n\n<ul><li>va\u0161e osobn\u00e9 \u00fadaje u\u017e nepotrebujeme na \u00fa\u010dely, na ktor\u00e9 sme ich spracov\u00e1vali;<\/li><li>odvol\u00e1te s\u00fahlas so spracovan\u00edm osobn\u00fdch \u00fadajov, pri\u010dom sa jedn\u00e1 o \u00fadaje, na ktor\u00fdch spracovanie je v\u00e1\u0161 s\u00fahlas nevyhnutn\u00fd a z\u00e1rove\u0148 nem\u00e1me in\u00fd d\u00f4vod, pre\u010do tieto \u00fadaje potrebujeme na\u010falej spracov\u00e1va\u0165;<\/li><li>vyu\u017eijete svoje pr\u00e1vo namieta\u0165 proti spracovaniu (pozri ni\u017e\u0161ie \u010das\u0165 Pr\u00e1vo namieta\u0165 vo\u010di spracovaniu) u osobn\u00fdch \u00fadajov, ktor\u00e9 spracov\u00e1vame na z\u00e1klade na\u0161ich opr\u00e1vnen\u00fdch z\u00e1ujmov a my zist\u00edme, \u017ee u\u017e \u017eiadne tak\u00e9to opr\u00e1vnen\u00e9 z\u00e1ujmy, ktor\u00e9 by toto spracovanie opr\u00e1v\u0148ovali, nem\u00e1me alebo<\/li><li>domnievate sa, \u017ee nami vykon\u00e1van\u00e9 spracovanie osobn\u00fdch \u00fadajov prestalo by\u0165 v s\u00falade so v\u0161eobecne z\u00e1v\u00e4zn\u00fdmi predpismi.<\/li><\/ul>\n\n\n\n<figure class=\"wp-block-table\"><table><tbody><tr><td>Ale majte pros\u00edm na pam\u00e4ti, \u017ee aj ke\u010f p\u00f4jde o jeden z t\u00fdchto d\u00f4vodov, neznamen\u00e1 to, \u017ee ihne\u010f zma\u017eeme v\u0161etky va\u0161e osobn\u00e9 \u00fadaje. Toto pr\u00e1vo sa toti\u017e nepovo\u013euje, ak spracovanie va\u0161ich osobn\u00fdch \u00fadajov je na\u010falej potrebn\u00e9 pre splnenie na\u0161ej pr\u00e1vnej povinnosti alebo ur\u010denie, v\u00fdkon alebo obranu na\u0161ich pr\u00e1vnych n\u00e1rokov.<br><strong>Pr\u00e1vo na obmedzenie spracovania<\/strong><\/td><\/tr><tr><td>V niektor\u00fdch pr\u00edpadoch m\u00f4\u017eete okrem pr\u00e1va na vymazanie vyu\u017ei\u0165 pr\u00e1vo na obmedzenie spracovania osobn\u00fdch \u00fadajov. Toto pr\u00e1vo v\u00e1m umo\u017e\u0148uje v ur\u010dit\u00fdch pr\u00edpadoch po\u017eadova\u0165, aby do\u0161lo k ozna\u010deniu va\u0161ich osobn\u00fdch \u00fadajov a tieto \u00fadaje neboli predmetom \u017eiadnych \u010fal\u0161\u00edch oper\u00e1ci\u00ed spracovania &#8211; v tomto pr\u00edpade v\u0161ak nie nav\u017edy (ako v pr\u00edpade pr\u00e1va na vymazanie), ale po obmedzen\u00fa dobu. Spracovanie osobn\u00fdch \u00fadajov mus\u00edme obmedzi\u0165 ke\u010f:<\/td><\/tr><\/tbody><\/table><\/figure>\n\n\n\n<ul><li>popierate presnos\u0165 osobn\u00fdch \u00fadajov, k\u00fdm sa dohodneme, ak\u00e9 \u00fadaje s\u00fa spr\u00e1vne;<\/li><li>va\u0161e osobn\u00e9 \u00fadaje spracov\u00e1vame bez dostato\u010dn\u00e9ho pr\u00e1vneho z\u00e1kladu (napr. Nad r\u00e1mec toho, \u010do spracov\u00e1va\u0165 mus\u00edme), ale vy budete pred v\u00fdmazom tak\u00fdchto \u00fadajov uprednost\u0148ova\u0165 iba ich obmedzenie (napr. Ak o\u010dak\u00e1vate, \u017ee by ste n\u00e1m v bud\u00facnosti tak\u00e9to \u00fadaje aj tak poskytli);<\/li><li>va\u0161e osobn\u00e9 \u00fadaje u\u017e nepotrebujeme pre uveden\u00e9 \u00fa\u010dely spracovania, ale vy ich po\u017eadujete pre ur\u010denie, v\u00fdkon alebo obranu svojich pr\u00e1vnych n\u00e1rokov, alebo<\/li><li>vznesiete n\u00e1mietku proti spracovaniu. Po dobu, po\u010das ktorej zis\u0165ujeme, \u010di je va\u0161a n\u00e1mietka opr\u00e1vnen\u00e1, sme povinn\u00ed spracovanie va\u0161ich osobn\u00fdch \u00fadajov obmedzi\u0165.<\/li><\/ul>\n\n\n\n<figure class=\"wp-block-table\"><table><tbody><tr><td><strong>Pr\u00e1vo na prenosite\u013enos\u0165<\/strong> M\u00e1te pr\u00e1vo z\u00edska\u0165 od n\u00e1s v\u0161etky va\u0161e osobn\u00e9 \u00fadaje, ktor\u00e9 ste n\u00e1m vy sami poskytli a ktor\u00e9 spracov\u00e1vame na z\u00e1klade v\u00e1\u0161ho s\u00fahlasu a na z\u00e1klade plnenia zmluvy. Aby sme mohli na va\u0161u \u017eiados\u0165 \u00fadaje \u013eahko previes\u0165, m\u00f4\u017ee sa jedna\u0165 iba o \u00fadaje, ktor\u00e9 spracov\u00e1vame automatizovane v na\u0161ich elektronick\u00fdch datab\u00e1zach.<br><strong>Pr\u00e1vo namieta\u0165 proti spraco<\/strong><strong>vaniu<\/strong> M\u00e1te pr\u00e1vo namieta\u0165 proti spracovaniu osobn\u00fdch \u00fadajov, ku ktor\u00e9mu doch\u00e1dza na z\u00e1klade n\u00e1\u0161ho opr\u00e1vnen\u00e9ho z\u00e1ujmu. V ostatn\u00fdch pr\u00edpadoch tak urob\u00edme, ak nebudeme ma\u0165 z\u00e1va\u017en\u00e9 opr\u00e1vnen\u00e9 d\u00f4vody pre to, aby sme v takomto spracovan\u00ed pokra\u010dovali.<br><strong>Pr\u00e1vo poda\u0165 s\u0165a\u017enos\u0165<\/strong> Uplatnen\u00edm pr\u00e1v vy\u0161\u0161ie uveden\u00fdm sp\u00f4sobom nie je nijako dotknut\u00e9 va\u0161e pr\u00e1vo poda\u0165 s\u0165a\u017enos\u0165 u pr\u00edslu\u0161n\u00e9ho dozorn\u00e9ho \u00faradu. Toto pr\u00e1vo m\u00f4\u017eete uplatni\u0165 najm\u00e4 v pr\u00edpade, \u017ee sa domnievate, \u017ee va\u0161e osobn\u00e9 \u00fadaje spracov\u00e1vame neopr\u00e1vnene alebo v rozpore so v\u0161eobecne z\u00e1v\u00e4zn\u00fdmi pr\u00e1vnymi predpismi. S\u0165a\u017enos\u0165 proti nami vykon\u00e1van\u00e9mu spracovaniu osobn\u00fdch \u00fadajov m\u00f4\u017eete poda\u0165 na \u00darad pre ochranu osobn\u00fdch \u00fadajov, ktor\u00fd s\u00eddli na adrese Hrani\u010dn\u00e1 12, 820 07 Bratislava 27, e-mail: statny.dozor@pdp.gov.sk. Ako je mo\u017en\u00e9 uplatni\u0165 jednotliv\u00e9 pr\u00e1vo?<br>V pr\u00edpade uplatnenia jednotliv\u00fdch pr\u00e1v n\u00e1m za\u0161lite \u017eiados\u0165 na email info@collma.sk. V pr\u00edpade nejasnost\u00ed alebo ot\u00e1zok n\u00e1m zavolajte na linku +421 43 423 75 42.<\/td><\/tr><tr><td>Va\u0161u \u017eiados\u0165 vybav\u00edme bez zbyto\u010dn\u00e9ho odkladu, maxim\u00e1lne v\u0161ak do jedn\u00e9ho mesiaca. Vo v\u00fdnimo\u010dn\u00fdch pr\u00edpadoch, najm\u00e4 z d\u00f4vodu zlo\u017eitosti va\u0161ej po\u017eiadavky, sme opr\u00e1vnen\u00ed t\u00fato lehotu pred\u013a\u017ei\u0165 o \u010fal\u0161ie dva mesiace. O takom pr\u00edpadnom pred\u013a\u017een\u00ed a jeho zd\u00f4vodnen\u00ed v\u00e1s budeme informova\u0165.<\/td><\/tr><\/tbody><\/table><\/figure>\n","protected":false},"excerpt":{"rendered":"<p>V COLLMA, spol. s r.o., I\u010cO: 36385824 (\u010falej len \u201emy\u201c) venujeme ochrane osobn\u00fdch \u00fadajov ve\u013ek\u00fa pozornos\u0165. V tomto dokumente n\u00e1jdete inform\u00e1cie o tom, ak\u00e9 osobn\u00e9 \u00fadaje spracov\u00e1vame najm\u00e4 o na\u0161ich z\u00e1kazn\u00edkoch a u\u017e\u00edvate\u013eoch n\u00e1\u0161ho webu, \u010di \u00fadaje spracov\u00e1vame na z\u00e1klade s\u00fahlasu alebo na z\u00e1klade in\u00e9ho pr\u00e1vneho d\u00f4vodu, k ak\u00fdm \u00fa\u010delom ich pou\u017e\u00edvame, komu ich m\u00f4\u017eeme &hellip; <\/p>\n<p class=\"link-more\"><a href=\"https:\/\/collma.sk\/index.php\/ochrana-osobnych-udajov\/\" class=\"more-link\">Pokra\u010dova\u0165 v \u010d\u00edtan\u00ed<span class=\"screen-reader-text\"> &#8222;Ochrana osobn\u00fdch \u00fadajov&#8220;<\/span><\/a><\/p>\n","protected":false},"author":1,"featured_media":0,"parent":0,"menu_order":0,"comment_status":"closed","ping_status":"closed","template":"","meta":{"ngg_post_thumbnail":0,"footnotes":""},"_links":{"self":[{"href":"https:\/\/collma.sk\/index.php\/wp-json\/wp\/v2\/pages\/8793"}],"collection":[{"href":"https:\/\/collma.sk\/index.php\/wp-json\/wp\/v2\/pages"}],"about":[{"href":"https:\/\/collma.sk\/index.php\/wp-json\/wp\/v2\/types\/page"}],"author":[{"embeddable":true,"href":"https:\/\/collma.sk\/index.php\/wp-json\/wp\/v2\/users\/1"}],"replies":[{"embeddable":true,"href":"https:\/\/collma.sk\/index.php\/wp-json\/wp\/v2\/comments?post=8793"}],"version-history":[{"count":1,"href":"https:\/\/collma.sk\/index.php\/wp-json\/wp\/v2\/pages\/8793\/revisions"}],"predecessor-version":[{"id":8794,"href":"https:\/\/collma.sk\/index.php\/wp-json\/wp\/v2\/pages\/8793\/revisions\/8794"}],"wp:attachment":[{"href":"https:\/\/collma.sk\/index.php\/wp-json\/wp\/v2\/media?parent=8793"}],"curies":[{"name":"wp","href":"https:\/\/api.w.org\/{rel}","templated":true}]}}