{"id":9,"date":"2019-03-05T00:34:11","date_gmt":"2019-03-04T23:34:11","guid":{"rendered":"http:\/\/collma.profiweb.biz\/?page_id=9"},"modified":"2020-11-06T16:50:07","modified_gmt":"2020-11-06T15:50:07","slug":"o-nas","status":"publish","type":"page","link":"https:\/\/collma.sk\/index.php\/o-nas\/","title":{"rendered":"Spolo\u010dnos\u0165 COLLMA V\u00e1m predstavuj\u00fa"},"content":{"rendered":"\n<div class=\"wp-block-columns are-vertically-aligned-center about-page is-layout-flex wp-container-core-columns-is-layout-1 wp-block-columns-is-layout-flex\">\n<div class=\"wp-block-column is-vertically-aligned-center is-layout-flow wp-block-column-is-layout-flow\">\n<figure class=\"wp-block-image size-large is-resized\"><img loading=\"lazy\" decoding=\"async\" src=\"http:\/\/collma.profiweb.biz\/wp-content\/uploads\/2020\/11\/DSC02118b-952x1024-1-350x376-1.jpg\" alt=\"\" class=\"wp-image-8513\" width=\"266\" height=\"286\" srcset=\"https:\/\/collma.sk\/wp-content\/uploads\/2020\/11\/DSC02118b-952x1024-1-350x376-1.jpg 350w, https:\/\/collma.sk\/wp-content\/uploads\/2020\/11\/DSC02118b-952x1024-1-350x376-1-279x300.jpg 279w\" sizes=\"(max-width: 266px) 100vw, 266px\" \/><\/figure>\n<\/div>\n\n\n\n<div class=\"wp-block-column is-vertically-aligned-center is-layout-flow wp-block-column-is-layout-flow\">\n<p class=\"has-text-align-center\"><strong>Jaroslav Kotrla a Janka Vr\u00ed\u010danov\u00e1<\/strong><\/p>\n\n\n\n<p class=\"has-text-align-center\">konatelia spolo\u010dnosti<\/p>\n<\/div>\n<\/div>\n\n\n\n<p><strong>Kto sme?<\/strong><\/p>\n\n\n\n<p>Sme predov\u0161etk\u00fdm 1 t\u00edm, 1 rodina, ktor\u00e1 \u0165ah\u00e1 za 1 spolo\u010dn\u00fd koniec. A to u\u017e viac ako 20 rokov. <\/p>\n\n\n\n<p><strong>Svojim produktom rozumieme. A&nbsp;bav\u00ed n\u00e1s to.<\/strong><\/p>\n\n\n\n<p>O najvy\u0161\u0161iu kvalitu v\u00fdrobkov spolo\u010dnosti Collma sa star\u00e1 t\u00edm vysokokvalifikovan\u00fdch \u0161pecialistov, ktor\u00ed permanentne sleduj\u00fa trendy vo v\u00fdvoji obalovej a printovej techniky, ako aj vyu\u017e\u00edvanie nov\u00fdch materi\u00e1lov. Nov\u00e9 poznatky sa pren\u00e1\u0161aj\u00fa do v\u00fdvoja produktov so z\u00e1merom zvy\u0161ovania ich kvality a ekonomickej efekt\u00edvnosti. Pri inov\u00e1cii uplat\u0148ujeme princ\u00edpy ochrany \u013eudsk\u00e9ho zdravia a \u017eivotn\u00e9ho prostredia. Hlavn\u00fdm cie\u013eom v\u00fdskumu a v\u00fdvoja je zabezpe\u010di\u0165, aby produkty spolo\u010dnosti Collma vyhoveli v\u0161etk\u00fdm po\u017eiadavk\u00e1m z\u00e1kazn\u00edka. <\/p>\n\n\n\n<p><strong>Pom\u00e1hame V\u00e1m dosiahnu\u0165 optim\u00e1lny v\u00fdsledok.<\/strong><\/p>\n\n\n\n<p>Disponujeme\ntechnologick\u00fdm vybaven\u00edm s kontinu\u00e1lnym meran\u00edm \u0161pecifikovan\u00fdch parametrov,\nktor\u00e9 je vyu\u017e\u00edvan\u00e9 k dosahovaniu \u0161tandardn\u00fdch podmienok ka\u017edej vyr\u00e1banej v\u00e1rky\na pom\u00e1ha udr\u017eiava\u0165 \u0161tandardn\u00e9 vlastnosti vyr\u00e1ban\u00fdch produktov.\n\nV\nr\u00e1mci dod\u00e1vate\u013esk\u00e9ho vz\u0165ahu poskytuje spolo\u010dnos\u0165 Collma konzulta\u010dn\u00fd servis a\npodporu pri optimaliz\u00e1cii pracovn\u00fdch parametrov na aplika\u010dn\u00fdch technologick\u00fdch\nzariadeniach. S\u00fa\u010dasn\u00e1 v\u00fdrobn\u00e1 kapacita m\u00f4\u017ee pokry\u0165 i ve\u013emi vysok\u00e9 mno\u017estevn\u00e9\npo\u017eiadavky z\u00e1kazn\u00edkov.\n\n\n\n<\/p>\n\n\n\n<p><strong>Zelen\u00e1 zelenej!<\/strong><\/p>\n\n\n\n<p>Uplat\u0148ujeme princ\u00edpy Environment\u00e1lnej politiky.   <br>Uplat\u0148ujeme syst\u00e9m riadenia kvality pod\u013ea ISO 9001.   <br>Roz\u0161irujeme portf\u00f3lio zelen\u00fdch produktov, obsahuj\u00facich prim\u00e1rne pr\u00edrodn\u00e9 materi\u00e1ly. Kontaktujte n\u00e1s! <\/p>\n\n\n\n<div class=\"wp-block-columns has-2-columns is-layout-flex wp-container-core-columns-is-layout-2 wp-block-columns-is-layout-flex\">\n<div class=\"wp-block-column is-layout-flow wp-block-column-is-layout-flow\"><\/div>\n\n\n\n<div class=\"wp-block-column is-layout-flow wp-block-column-is-layout-flow\">\n<p><\/p>\n<\/div>\n<\/div>\n","protected":false},"excerpt":{"rendered":"<p>Jaroslav Kotrla a Janka Vr\u00ed\u010danov\u00e1 konatelia spolo\u010dnosti Kto sme? Sme predov\u0161etk\u00fdm 1 t\u00edm, 1 rodina, ktor\u00e1 \u0165ah\u00e1 za 1 spolo\u010dn\u00fd koniec. A to u\u017e viac ako 20 rokov. Svojim produktom rozumieme. A&nbsp;bav\u00ed n\u00e1s to. O najvy\u0161\u0161iu kvalitu v\u00fdrobkov spolo\u010dnosti Collma sa star\u00e1 t\u00edm vysokokvalifikovan\u00fdch \u0161pecialistov, ktor\u00ed permanentne sleduj\u00fa trendy vo v\u00fdvoji obalovej a printovej techniky, &hellip; <\/p>\n<p class=\"link-more\"><a href=\"https:\/\/collma.sk\/index.php\/o-nas\/\" class=\"more-link\">Pokra\u010dova\u0165 v \u010d\u00edtan\u00ed<span class=\"screen-reader-text\"> &#8222;Spolo\u010dnos\u0165 COLLMA V\u00e1m predstavuj\u00fa&#8220;<\/span><\/a><\/p>\n","protected":false},"author":1,"featured_media":65,"parent":0,"menu_order":0,"comment_status":"closed","ping_status":"closed","template":"","meta":{"ngg_post_thumbnail":0,"footnotes":""},"_links":{"self":[{"href":"https:\/\/collma.sk\/index.php\/wp-json\/wp\/v2\/pages\/9"}],"collection":[{"href":"https:\/\/collma.sk\/index.php\/wp-json\/wp\/v2\/pages"}],"about":[{"href":"https:\/\/collma.sk\/index.php\/wp-json\/wp\/v2\/types\/page"}],"author":[{"embeddable":true,"href":"https:\/\/collma.sk\/index.php\/wp-json\/wp\/v2\/users\/1"}],"replies":[{"embeddable":true,"href":"https:\/\/collma.sk\/index.php\/wp-json\/wp\/v2\/comments?post=9"}],"version-history":[{"count":22,"href":"https:\/\/collma.sk\/index.php\/wp-json\/wp\/v2\/pages\/9\/revisions"}],"predecessor-version":[{"id":8789,"href":"https:\/\/collma.sk\/index.php\/wp-json\/wp\/v2\/pages\/9\/revisions\/8789"}],"wp:featuredmedia":[{"embeddable":true,"href":"https:\/\/collma.sk\/index.php\/wp-json\/wp\/v2\/media\/65"}],"wp:attachment":[{"href":"https:\/\/collma.sk\/index.php\/wp-json\/wp\/v2\/media?parent=9"}],"curies":[{"name":"wp","href":"https:\/\/api.w.org\/{rel}","templated":true}]}}